{"id":125,"date":"2023-10-26T22:01:27","date_gmt":"2023-10-26T22:01:27","guid":{"rendered":"https:\/\/www.arcadialumenize.com\/?page_id=125"},"modified":"2023-11-30T14:46:55","modified_gmt":"2023-11-30T14:46:55","slug":"the-app","status":"publish","type":"page","link":"https:\/\/arcadialumenize.com\/it\/the-app\/","title":{"rendered":"L'app"},"content":{"rendered":"<div data-elementor-type=\"wp-page\" data-elementor-id=\"125\" class=\"elementor elementor-125\" data-elementor-post-type=\"page\">\n\t\t\t\t<div class=\"elementor-element elementor-element-9bf57b1 e-con-full e-flex e-con e-parent\" data-id=\"9bf57b1\" data-element_type=\"container\" data-e-type=\"container\" data-settings=\"{&quot;background_background&quot;:&quot;classic&quot;}\">\n\t\t<div class=\"elementor-element elementor-element-06fcf0a e-con-full e-flex e-con e-child\" data-id=\"06fcf0a\" data-element_type=\"container\" data-e-type=\"container\" data-settings=\"{&quot;background_background&quot;:&quot;video&quot;,&quot;background_video_link&quot;:&quot;https:\\\/\\\/www.arcadialumenize.com\\\/wp-content\\\/uploads\\\/2023\\\/11\\\/App-Website-Header.mp4&quot;,&quot;background_video_start&quot;:0}\">\n\t\t<div class=\"elementor-background-video-container elementor-hidden-mobile\">\n\t\t\t\t\t\t\t<video class=\"elementor-background-video-hosted\" role=\"presentation\" autoplay muted playsinline loop><\/video>\n\t\t\t\t\t<\/div>\t\t<\/div>\n\t\t\t\t<\/div>\n\t\t<div class=\"elementor-element elementor-element-f627b55 e-con-full e-flex e-con e-parent\" data-id=\"f627b55\" data-element_type=\"container\" data-e-type=\"container\" data-settings=\"{&quot;background_background&quot;:&quot;classic&quot;}\">\n\t\t<div class=\"elementor-element elementor-element-96aa67e e-flex e-con-boxed e-con e-child\" data-id=\"96aa67e\" data-element_type=\"container\" data-e-type=\"container\">\n\t\t\t\t\t<div class=\"e-con-inner\">\n\t\t\t\t<div class=\"elementor-element elementor-element-52ddab0 elementor-widget__width-initial elementor-widget-mobile__width-inherit elementor-invisible elementor-widget elementor-widget-video\" data-id=\"52ddab0\" data-element_type=\"widget\" data-e-type=\"widget\" data-settings=\"{&quot;youtube_url&quot;:&quot;https:\\\/\\\/youtu.be\\\/XCs_fE8Bm4U?si=lS2H-dz7P6ly064g&quot;,&quot;_animation&quot;:&quot;fadeInLeft&quot;,&quot;video_type&quot;:&quot;youtube&quot;,&quot;controls&quot;:&quot;yes&quot;}\" data-widget_type=\"video.default\">\n\t\t\t\t<div class=\"elementor-widget-container\">\n\t\t\t\t\t\t\t<div class=\"elementor-wrapper elementor-open-inline\">\n\t\t\t<div class=\"elementor-video\"><\/div>\t\t<\/div>\n\t\t\t\t\t\t<\/div>\n\t\t\t\t<\/div>\n\t\t<div class=\"elementor-element elementor-element-ba5eb5a e-con-full e-flex e-con e-child\" data-id=\"ba5eb5a\" data-element_type=\"container\" data-e-type=\"container\">\n\t\t\t\t<div class=\"elementor-element elementor-element-c3cfc5b elementor-widget elementor-widget-heading\" data-id=\"c3cfc5b\" data-element_type=\"widget\" data-e-type=\"widget\" data-widget_type=\"heading.default\">\n\t\t\t\t<div class=\"elementor-widget-container\">\n\t\t\t\t\t<h1 class=\"elementor-heading-title elementor-size-default\">LumenIZE App<\/h1>\t\t\t\t<\/div>\n\t\t\t\t<\/div>\n\t\t\t\t<div class=\"elementor-element elementor-element-93dcb26 elementor-widget__width-initial elementor-widget-mobile__width-inherit elementor-invisible elementor-widget elementor-widget-text-editor\" data-id=\"93dcb26\" data-element_type=\"widget\" data-e-type=\"widget\" data-settings=\"{&quot;_animation&quot;:&quot;fadeInRight&quot;}\" data-widget_type=\"text-editor.default\">\n\t\t\t\t<div class=\"elementor-widget-container\">\n\t\t\t\t\t\t\t\t\t<p><span lang=\"EN-GB\" xml:lang=\"EN-GB\" data-contrast=\"auto\">Le barre luminose ProT5 e JungleDawn-Led di Arcadia Reptile sono caratterizzate dall'integrazione. Utilizzano una connessione Bluetooth personalizzata tra ogni lampada e il vostro dispositivo abilitato all'app per memorizzare le informazioni programmate all'interno di ogni lampada. In questo modo, ogni lampada pu\u00f2 essere denominata e supportare il proprio programma.  Non necessitano di una connessione WIFI per funzionare, in quanto ogni lampada memorizza il programma al proprio interno, supportato anche da una piccola batteria. Questa batteria mantiene il programma e gli orologi in funzione in caso di interruzione locale dell'alimentazione.<\/span>\u00a0<\/p>\t\t\t\t\t\t\t\t<\/div>\n\t\t\t\t<\/div>\n\t\t\t\t<\/div>\n\t\t\t\t\t<\/div>\n\t\t\t\t<\/div>\n\t\t<div class=\"elementor-element elementor-element-2e7d702 e-flex e-con-boxed e-con e-child\" data-id=\"2e7d702\" data-element_type=\"container\" data-e-type=\"container\">\n\t\t\t\t\t<div class=\"e-con-inner\">\n\t\t\t\t<div class=\"elementor-element elementor-element-0e6e6f8 elementor-widget-mobile__width-inherit elementor-invisible elementor-widget elementor-widget-image\" data-id=\"0e6e6f8\" data-element_type=\"widget\" data-e-type=\"widget\" data-settings=\"{&quot;_animation&quot;:&quot;fadeIn&quot;}\" data-widget_type=\"image.default\">\n\t\t\t\t<div class=\"elementor-widget-container\">\n\t\t\t\t\t\t\t\t\t\t\t\t\t\t\t<img fetchpriority=\"high\" decoding=\"async\" width=\"800\" height=\"514\" src=\"https:\/\/arcadialumenize.com\/wp-content\/uploads\/2023\/11\/Lumenize-phone-app-for-website1-1024x658.webp\" class=\"attachment-large size-large wp-image-213\" alt=\"New Phone Graphic\" srcset=\"https:\/\/arcadialumenize.com\/wp-content\/uploads\/2023\/11\/Lumenize-phone-app-for-website1-1024x658.webp 1024w, https:\/\/arcadialumenize.com\/wp-content\/uploads\/2023\/11\/Lumenize-phone-app-for-website1-300x193.webp 300w, https:\/\/arcadialumenize.com\/wp-content\/uploads\/2023\/11\/Lumenize-phone-app-for-website1-768x493.webp 768w, https:\/\/arcadialumenize.com\/wp-content\/uploads\/2023\/11\/Lumenize-phone-app-for-website1-1536x986.webp 1536w, https:\/\/arcadialumenize.com\/wp-content\/uploads\/2023\/11\/Lumenize-phone-app-for-website1-2048x1315.webp 2048w\" sizes=\"(max-width: 800px) 100vw, 800px\" \/>\t\t\t\t\t\t\t\t\t\t\t\t\t\t\t<\/div>\n\t\t\t\t<\/div>\n\t\t\t\t\t<\/div>\n\t\t\t\t<\/div>\n\t\t\t\t<\/div>\n\t\t<div class=\"elementor-element elementor-element-64dc918 e-flex e-con-boxed e-con e-parent\" data-id=\"64dc918\" data-element_type=\"container\" data-e-type=\"container\" data-settings=\"{&quot;background_background&quot;:&quot;classic&quot;}\">\n\t\t\t\t\t<div class=\"e-con-inner\">\n\t\t\t\t<div class=\"elementor-element elementor-element-6e2b457 elementor-invisible elementor-widget elementor-widget-text-editor\" data-id=\"6e2b457\" data-element_type=\"widget\" data-e-type=\"widget\" data-settings=\"{&quot;_animation&quot;:&quot;fadeInUp&quot;}\" data-widget_type=\"text-editor.default\">\n\t\t\t\t<div class=\"elementor-widget-container\">\n\t\t\t\t\t\t\t\t\t<p>L'applicazione LumenIZE, facile da usare, consente di controllare con precisione fino a 50 lampade diverse, ognuna delle quali pu\u00f2 avere un proprio nome e un proprio ciclo di luce programmato. I dati LumenIZE sono memorizzati nel kit stesso della lampada e utilizzano un segnale Bluetooth tra il telefono e la lampada. In questo modo non ci si affida pi\u00f9 alle reti WIFI e ai segnali mobili. Il fatto di non avere i dati della lampada sul telefono ma all'interno della lampada stessa significa anche che \u00e8 la lampada a eseguire il programma e che non c'\u00e8 possibilit\u00e0 di interferenze in caso di cambio di telefono, di interruzione di Internet o di interferenze da parte di terzi.<\/p>\t\t\t\t\t\t\t\t<\/div>\n\t\t\t\t<\/div>\n\t\t<div class=\"elementor-element elementor-element-cefec98 e-con-full e-flex e-con e-child\" data-id=\"cefec98\" data-element_type=\"container\" data-e-type=\"container\">\n\t\t\t\t<div class=\"elementor-element elementor-element-bd91523 elementor-widget__width-initial elementor-invisible elementor-widget elementor-widget-text-editor\" data-id=\"bd91523\" data-element_type=\"widget\" data-e-type=\"widget\" data-settings=\"{&quot;_animation&quot;:&quot;fadeInLeft&quot;}\" data-widget_type=\"text-editor.default\">\n\t\t\t\t<div class=\"elementor-widget-container\">\n\t\t\t\t\t\t\t\t\t<p>Le lampade controllate dall'app LumenIZE possono RIDURRE del 30% l'energia media spesa per lampada. S\u00ec, un funzionamento di base dall'alba al tramonto con un mezzogiorno di 4 ore consente di risparmiare energia. Per chi ha molte lampade, questo pu\u00f2 equivalere a un grande risparmio energetico, a una riduzione delle emissioni di Co2 e a un aumento del benessere grazie alla riduzione dei fattori di stress e all'abbandono del sistema di cura \"a pieno regime\/spento in un attimo\" che abbiamo da sempre.<\/p>\t\t\t\t\t\t\t\t<\/div>\n\t\t\t\t<\/div>\n\t\t\t\t<div class=\"elementor-element elementor-element-f5494f0 elementor-hidden-desktop elementor-hidden-tablet elementor-widget elementor-widget-image\" data-id=\"f5494f0\" data-element_type=\"widget\" data-e-type=\"widget\" data-widget_type=\"image.default\">\n\t\t\t\t<div class=\"elementor-widget-container\">\n\t\t\t\t\t\t\t\t\t\t\t\t\t\t\t<img decoding=\"async\" width=\"800\" height=\"1008\" src=\"https:\/\/arcadialumenize.com\/wp-content\/uploads\/2023\/11\/Save-30-BG-813x1024.webp\" class=\"attachment-large size-large wp-image-214\" alt=\"Save 30% Graphic\" srcset=\"https:\/\/arcadialumenize.com\/wp-content\/uploads\/2023\/11\/Save-30-BG-813x1024.webp 813w, https:\/\/arcadialumenize.com\/wp-content\/uploads\/2023\/11\/Save-30-BG-238x300.webp 238w, https:\/\/arcadialumenize.com\/wp-content\/uploads\/2023\/11\/Save-30-BG-768x967.webp 768w, https:\/\/arcadialumenize.com\/wp-content\/uploads\/2023\/11\/Save-30-BG-1220x1536.webp 1220w, https:\/\/arcadialumenize.com\/wp-content\/uploads\/2023\/11\/Save-30-BG-1627x2048.webp 1627w, https:\/\/arcadialumenize.com\/wp-content\/uploads\/2023\/11\/Save-30-BG-scaled.webp 2034w\" sizes=\"(max-width: 800px) 100vw, 800px\" \/>\t\t\t\t\t\t\t\t\t\t\t\t\t\t\t<\/div>\n\t\t\t\t<\/div>\n\t\t\t\t<div class=\"elementor-element elementor-element-96eceb3 elementor-invisible elementor-widget elementor-widget-heading\" data-id=\"96eceb3\" data-element_type=\"widget\" data-e-type=\"widget\" data-settings=\"{&quot;_animation&quot;:&quot;fadeInUp&quot;}\" data-widget_type=\"heading.default\">\n\t\t\t\t<div class=\"elementor-widget-container\">\n\t\t\t\t\t<h2 class=\"elementor-heading-title elementor-size-default\">\u00c8 possibile utilizzare le lampade senza l'app?<\/h2>\t\t\t\t<\/div>\n\t\t\t\t<\/div>\n\t\t\t\t<div class=\"elementor-element elementor-element-d15a152 elementor-invisible elementor-widget elementor-widget-text-editor\" data-id=\"d15a152\" data-element_type=\"widget\" data-e-type=\"widget\" data-settings=\"{&quot;_animation&quot;:&quot;fadeInUp&quot;}\" data-widget_type=\"text-editor.default\">\n\t\t\t\t<div class=\"elementor-widget-container\">\n\t\t\t\t\t\t\t\t\t<p><span data-contrast=\"auto\">Il controllo manuale di ogni lampada all'interno dell'App LumenIZE \u00e8 semplice. \u00c8 sufficiente assicurarsi che il pulsante accanto al cursore sia premuto per visualizzare la posizione \"off\". Ci\u00f2 significa che il programma automatico \u00e8 \"disattivato\" e che si ha il controllo manuale. In questo modo \u00e8 possibile regolare manualmente le lampade, se lo si desidera. Tuttavia, \u00e8 necessario premere il pulsante a destra del cursore manuale in posizione \"on\" per far funzionare il programma automatico prescelto.<\/span><span data-ccp-props=\"{}\">\u00a0<\/span><\/p><p><span data-contrast=\"auto\">Se il controllo manuale viene perso in qualsiasi momento, premere 3 volte il pulsante \"test di piena potenza\" e attendere. In genere ci\u00f2 \u00e8 dovuto a un segnale Bluetooth insufficiente oppure la lampada \u00e8 gi\u00e0 a met\u00e0 di un processo e non pu\u00f2 essere interrotta. Il controllo manuale torner\u00e0 al termine di questo processo. Di solito ci\u00f2 avviene entro 2 minuti dalla commutazione da \"programma ON\" a \"programma OFF\".<\/span><span data-ccp-props=\"{}\">\u00a0<\/span><\/p>\t\t\t\t\t\t\t\t<\/div>\n\t\t\t\t<\/div>\n\t\t\t\t<\/div>\n\t\t<div class=\"elementor-element elementor-element-437c546 e-con-full e-flex elementor-invisible e-con e-child\" data-id=\"437c546\" data-element_type=\"container\" data-e-type=\"container\" data-settings=\"{&quot;animation&quot;:&quot;fadeInRight&quot;}\">\n\t\t\t\t<div class=\"elementor-element elementor-element-576161c elementor-hidden-mobile elementor-widget elementor-widget-image\" data-id=\"576161c\" data-element_type=\"widget\" data-e-type=\"widget\" data-widget_type=\"image.default\">\n\t\t\t\t<div class=\"elementor-widget-container\">\n\t\t\t\t\t\t\t\t\t\t\t\t\t\t\t<img decoding=\"async\" width=\"800\" height=\"1008\" src=\"https:\/\/arcadialumenize.com\/wp-content\/uploads\/2023\/11\/Save-30-BG-813x1024.webp\" class=\"attachment-large size-large wp-image-214\" alt=\"Save 30% Graphic\" srcset=\"https:\/\/arcadialumenize.com\/wp-content\/uploads\/2023\/11\/Save-30-BG-813x1024.webp 813w, https:\/\/arcadialumenize.com\/wp-content\/uploads\/2023\/11\/Save-30-BG-238x300.webp 238w, https:\/\/arcadialumenize.com\/wp-content\/uploads\/2023\/11\/Save-30-BG-768x967.webp 768w, https:\/\/arcadialumenize.com\/wp-content\/uploads\/2023\/11\/Save-30-BG-1220x1536.webp 1220w, https:\/\/arcadialumenize.com\/wp-content\/uploads\/2023\/11\/Save-30-BG-1627x2048.webp 1627w, https:\/\/arcadialumenize.com\/wp-content\/uploads\/2023\/11\/Save-30-BG-scaled.webp 2034w\" sizes=\"(max-width: 800px) 100vw, 800px\" \/>\t\t\t\t\t\t\t\t\t\t\t\t\t\t\t<\/div>\n\t\t\t\t<\/div>\n\t\t\t\t<div class=\"elementor-element elementor-element-98662f5 elementor-widget__width-inherit elementor-widget-mobile__width-inherit elementor-widget elementor-widget-video\" data-id=\"98662f5\" data-element_type=\"widget\" data-e-type=\"widget\" data-settings=\"{&quot;video_type&quot;:&quot;hosted&quot;,&quot;controls&quot;:&quot;yes&quot;}\" data-widget_type=\"video.default\">\n\t\t\t\t<div class=\"elementor-widget-container\">\n\t\t\t\t\t\t\t<div class=\"e-hosted-video elementor-wrapper elementor-open-inline\">\n\t\t\t\t\t<video class=\"elementor-video\" src=\"https:\/\/www.arcadialumenize.com\/wp-content\/uploads\/2023\/11\/App-Video-For-Website.mp4\" controls=\"\" preload=\"metadata\" controlslist=\"nodownload\"><\/video>\n\t\t\t\t<\/div>\n\t\t\t\t\t\t<\/div>\n\t\t\t\t<\/div>\n\t\t\t\t<\/div>\n\t\t\t\t\t<\/div>\n\t\t\t\t<\/div>\n\t\t\t\t<\/div>","protected":false},"excerpt":{"rendered":"<p>LumenIZE App Arcadia Reptile LumenIZE\u00ae enabled ProT5 and JungleDawn-Led Bars have integration at their core. They use a bespoke Bluetooth connection between each lamp and your app-enabled device to store programmed information within each lamp. In this way, each lamp can be named and support its own programme.\u202f They do not require a WIFI connection [&hellip;]<\/p>\n","protected":false},"author":1,"featured_media":0,"parent":0,"menu_order":0,"comment_status":"closed","ping_status":"closed","template":"elementor_header_footer","meta":{"_analytify_skip_tracking":false,"footnotes":""},"class_list":["post-125","page","type-page","status-publish","hentry"],"featured_image_src":null,"featured_image_src_square":null,"_links":{"self":[{"href":"https:\/\/arcadialumenize.com\/it\/wp-json\/wp\/v2\/pages\/125","targetHints":{"allow":["GET"]}}],"collection":[{"href":"https:\/\/arcadialumenize.com\/it\/wp-json\/wp\/v2\/pages"}],"about":[{"href":"https:\/\/arcadialumenize.com\/it\/wp-json\/wp\/v2\/types\/page"}],"author":[{"embeddable":true,"href":"https:\/\/arcadialumenize.com\/it\/wp-json\/wp\/v2\/users\/1"}],"replies":[{"embeddable":true,"href":"https:\/\/arcadialumenize.com\/it\/wp-json\/wp\/v2\/comments?post=125"}],"version-history":[{"count":0,"href":"https:\/\/arcadialumenize.com\/it\/wp-json\/wp\/v2\/pages\/125\/revisions"}],"wp:attachment":[{"href":"https:\/\/arcadialumenize.com\/it\/wp-json\/wp\/v2\/media?parent=125"}],"curies":[{"name":"wp","href":"https:\/\/api.w.org\/{rel}","templated":true}]}}