{"id":104,"date":"2023-10-26T16:05:58","date_gmt":"2023-10-26T16:05:58","guid":{"rendered":"https:\/\/www.arcadialumenize.com\/?page_id=104"},"modified":"2023-11-30T14:37:02","modified_gmt":"2023-11-30T14:37:02","slug":"what-is-lumenize","status":"publish","type":"page","link":"https:\/\/arcadialumenize.com\/it\/what-is-lumenize\/","title":{"rendered":"What is LumenIZE?"},"content":{"rendered":"<div data-elementor-type=\"wp-page\" data-elementor-id=\"104\" class=\"elementor elementor-104\" data-elementor-post-type=\"page\">\n\t\t\t\t<div class=\"elementor-element elementor-element-4dbc0e4 e-flex e-con-boxed e-con e-parent\" data-id=\"4dbc0e4\" data-element_type=\"container\" data-e-type=\"container\" data-settings=\"{&quot;background_background&quot;:&quot;classic&quot;}\">\n\t\t\t\t\t<div class=\"e-con-inner\">\n\t\t\t\t<div class=\"elementor-element elementor-element-4e18382 elementor-widget elementor-widget-image\" data-id=\"4e18382\" data-element_type=\"widget\" data-e-type=\"widget\" data-widget_type=\"image.default\">\n\t\t\t\t<div class=\"elementor-widget-container\">\n\t\t\t\t\t\t\t\t\t\t\t\t\t\t\t<img fetchpriority=\"high\" decoding=\"async\" width=\"1800\" height=\"180\" src=\"https:\/\/arcadialumenize.com\/wp-content\/uploads\/2023\/10\/ezgif.com-optimize.gif\" class=\"attachment-full size-full wp-image-112\" alt=\"LumenIZE Graphic Gif\" \/>\t\t\t\t\t\t\t\t\t\t\t\t\t\t\t<\/div>\n\t\t\t\t<\/div>\n\t\t\t\t\t<\/div>\n\t\t\t\t<\/div>\n\t\t<div class=\"elementor-element elementor-element-d1ad775 e-flex e-con-boxed e-con e-parent\" data-id=\"d1ad775\" data-element_type=\"container\" data-e-type=\"container\" data-settings=\"{&quot;background_background&quot;:&quot;classic&quot;}\">\n\t\t\t\t\t<div class=\"e-con-inner\">\n\t\t<div class=\"elementor-element elementor-element-4cf9925 e-con-full e-flex elementor-invisible e-con e-child\" data-id=\"4cf9925\" data-element_type=\"container\" data-e-type=\"container\" data-settings=\"{&quot;animation&quot;:&quot;fadeInLeft&quot;}\">\n\t\t\t\t<div class=\"elementor-element elementor-element-3e05bb4 elementor-skin-carousel elementor-pagination-type-bullets elementor-pagination-position-outside elementor-widget elementor-widget-media-carousel\" data-id=\"3e05bb4\" data-element_type=\"widget\" data-e-type=\"widget\" data-settings=\"{&quot;slides_per_view&quot;:&quot;1&quot;,&quot;slides_to_scroll&quot;:&quot;1&quot;,&quot;skin&quot;:&quot;carousel&quot;,&quot;effect&quot;:&quot;slide&quot;,&quot;pagination&quot;:&quot;bullets&quot;,&quot;speed&quot;:500,&quot;autoplay&quot;:&quot;yes&quot;,&quot;autoplay_speed&quot;:5000,&quot;loop&quot;:&quot;yes&quot;,&quot;pause_on_hover&quot;:&quot;yes&quot;,&quot;pause_on_interaction&quot;:&quot;yes&quot;,&quot;space_between&quot;:{&quot;unit&quot;:&quot;px&quot;,&quot;size&quot;:10,&quot;sizes&quot;:[]},&quot;space_between_tablet&quot;:{&quot;unit&quot;:&quot;px&quot;,&quot;size&quot;:10,&quot;sizes&quot;:[]},&quot;space_between_mobile&quot;:{&quot;unit&quot;:&quot;px&quot;,&quot;size&quot;:10,&quot;sizes&quot;:[]}}\" data-widget_type=\"media-carousel.default\">\n\t\t\t\t<div class=\"elementor-widget-container\">\n\t\t\t\t\t\t\t\t\t<div class=\"elementor-swiper\">\n\t\t\t\t\t<div class=\"elementor-main-swiper swiper\" role=\"region\" aria-roledescription=\"carousel\" aria-label=\"Slides\">\n\t\t\t\t<div class=\"swiper-wrapper\">\n\t\t\t\t\t\t\t\t\t\t\t<div class=\"swiper-slide\" role=\"group\" aria-roledescription=\"slide\">\n\t\t\t\t\t\t\t\t\t<div class=\"elementor-carousel-image\" role=\"img\" aria-label=\"ProT5 and JungleDawn LED Bars Range\" style=\"background-image: url(&#039;https:\/\/arcadialumenize.com\/wp-content\/uploads\/2023\/10\/All-Bars-Black-BG-1024x892.webp&#039;)\">\n\n\t\t\t\n\t\t\t\t\t<\/div>\n\t\t\t\t\t\t\t\t<\/div>\n\t\t\t\t\t\t\t\t\t<\/div>\n\t\t\t\t\t\t\t<\/div>\n\t\t\t\t<\/div>\n\t\t\t\t\t\t\t\t<\/div>\n\t\t\t\t<\/div>\n\t\t\t\t<\/div>\n\t\t<div class=\"elementor-element elementor-element-8a5bcfb e-con-full e-flex elementor-invisible e-con e-child\" data-id=\"8a5bcfb\" data-element_type=\"container\" data-e-type=\"container\" data-settings=\"{&quot;animation&quot;:&quot;fadeInRight&quot;}\">\n\t\t\t\t<div class=\"elementor-element elementor-element-d199528 elementor-widget elementor-widget-heading\" data-id=\"d199528\" data-element_type=\"widget\" data-e-type=\"widget\" data-widget_type=\"heading.default\">\n\t\t\t\t<div class=\"elementor-widget-container\">\n\t\t\t\t\t<h1 class=\"elementor-heading-title elementor-size-default\">WHat Is LumenIZE?<\/h1>\t\t\t\t<\/div>\n\t\t\t\t<\/div>\n\t\t\t\t<div class=\"elementor-element elementor-element-3b93388 elementor-widget elementor-widget-text-editor\" data-id=\"3b93388\" data-element_type=\"widget\" data-e-type=\"widget\" data-widget_type=\"text-editor.default\">\n\t\t\t\t<div class=\"elementor-widget-container\">\n\t\t\t\t\t\t\t\t\t<p><span data-contrast=\"auto\">'Sblocca la potenza di LumenIZE\u2122-Arcadia Reptile presenta i primi sistemi T5 UV-B e JungleDawn-LED Bar controllati tramite app, che combinano controllo preciso ed efficienza energetica.  La chiave per un'illuminazione su misura per i rettili e per migliorare il benessere degli animali\".<\/span><span data-ccp-props=\"{}\">\u00a0<\/span><\/p><p><span data-contrast=\"auto\">Arcadia Reptile ha sempre avuto a cuore il benessere degli animali in continua espansione. I nostri valori guida sono direttamente collegati al miglioramento degli standard di cura e alla possibilit\u00e0 di tenere gli animali senza danni in modo efficace ed etico. La ricreazione selvaggia e il naturalismo sono la chiave di questi valori.<\/span><span data-ccp-props=\"{}\">\u00a0<\/span><\/p><p><span data-contrast=\"auto\">Gli animali sono cambiati lentamente nel corso del tempo, questo per prendere tutto ci\u00f2 di cui hanno bisogno per prosperare dai fornitori che esistono intorno a loro. Il fulcro di tutto ci\u00f2 \u00e8 l\u2019energia del sole, che \u00e8 il fornitore di tutta la vita.<\/span><span data-ccp-props=\"{}\">\u00a0<\/span><\/p>\t\t\t\t\t\t\t\t<\/div>\n\t\t\t\t<\/div>\n\t\t\t\t<\/div>\n\t\t\t\t\t<\/div>\n\t\t\t\t<\/div>\n\t\t<div class=\"elementor-element elementor-element-9b05df7 e-con-full e-flex e-con e-parent\" data-id=\"9b05df7\" data-element_type=\"container\" data-e-type=\"container\" data-settings=\"{&quot;background_background&quot;:&quot;classic&quot;}\">\n\t\t<div class=\"elementor-element elementor-element-36384b6 e-flex e-con-boxed e-con e-child\" data-id=\"36384b6\" data-element_type=\"container\" data-e-type=\"container\" data-settings=\"{&quot;background_background&quot;:&quot;gradient&quot;}\">\n\t\t\t\t\t<div class=\"e-con-inner\">\n\t\t\t\t<div class=\"elementor-element elementor-element-c1dcd4d elementor-widget__width-initial elementor-widget-mobile__width-inherit elementor-invisible elementor-widget elementor-widget-text-editor\" data-id=\"c1dcd4d\" data-element_type=\"widget\" data-e-type=\"widget\" data-settings=\"{&quot;_animation&quot;:&quot;fadeInUp&quot;}\" data-widget_type=\"text-editor.default\">\n\t\t\t\t<div class=\"elementor-widget-container\">\n\t\t\t\t\t\t\t\t\t<p><span data-contrast=\"auto\">La nuovissima gamma LumenIZE di barre ProT5 e JungleDawn-LED \u00e8 stata completamente rinnovata e ogni aspetto \u00e8 stato progettato per aumentare il benessere, migliorare l'interazione con l'utente, consentire una scelta di controllo, aumentare i livelli di sicurezza e ridurre i costi di gestione.<\/span><span data-ccp-props=\"{}\">\u00a0<br \/><br \/><\/span><\/p><p><span data-contrast=\"auto\">Volete avere un'alba graduata di 4 ore, un mezzogiorno di 4 ore e un tramonto di 4 ore? LumenIZE lo fa facilmente.  Volete aggiungere un tocco di stagionalit\u00e0 per aiutare l'allevamento? LumenIZE lo fa e molto di pi\u00f9.<\/span><span data-ccp-props=\"{}\">\u00a0<\/span><\/p><p><span data-contrast=\"auto\">Il controllo LumenIZE utilizza una dimmerazione fluida anzich\u00e9 a gradini, il che significa che la potenza pu\u00f2 essere regolata in modo fluido anzich\u00e9 a scaglioni.<\/span><span data-ccp-props=\"{}\">\u00a0<br \/><br \/><\/span><\/p><p><span data-contrast=\"auto\">\u2018Lumen = quantit\u00e0 o unit\u00e0 di luce visibile.<\/span><span data-ccp-props=\"{}\">\u00a0<\/span><\/p><p><span data-contrast=\"auto\">\u2018Integrato\u2019 = tutta la tecnologia \u00e8 incorporata e non ci sono extra.<\/span><span data-ccp-props=\"{}\">\u00a0<\/span><\/p><p><span data-contrast=\"auto\">\u2018Zoologico\u2019 = Lo studio e l'allevamento di animali in modo professionale e ad alto benessere.<\/span><span data-ccp-props=\"{}\">\u00a0<\/span><\/p><p><span data-contrast=\"auto\">\u2018Ambientologia\" = Studio e riproduzione di habitat e ambienti naturali.<\/span><span data-ccp-props=\"{}\">\u00a0<\/span><\/p><p><span data-ccp-props=\"{}\">\u00a0<\/span><\/p>\t\t\t\t\t\t\t\t<\/div>\n\t\t\t\t<\/div>\n\t\t\t\t\t<\/div>\n\t\t\t\t<\/div>\n\t\t\t\t<\/div>\n\t\t<div class=\"elementor-element elementor-element-16bc947 e-flex e-con-boxed e-con e-parent\" data-id=\"16bc947\" data-element_type=\"container\" data-e-type=\"container\" data-settings=\"{&quot;background_background&quot;:&quot;classic&quot;}\">\n\t\t\t\t\t<div class=\"e-con-inner\">\n\t\t\t\t<div class=\"elementor-element elementor-element-ee74e0e elementor-invisible elementor-widget elementor-widget-text-editor\" data-id=\"ee74e0e\" data-element_type=\"widget\" data-e-type=\"widget\" data-settings=\"{&quot;_animation&quot;:&quot;fadeInUp&quot;}\" data-widget_type=\"text-editor.default\">\n\t\t\t\t<div class=\"elementor-widget-container\">\n\t\t\t\t\t\t\t\t\t<h2><span style=\"font-size: 14pt;\"><b>Cosa rende LumenIZE diverso da altri kit LED controllabili per acquari?<\/b>\u00a0<\/span><\/h2><p><span data-contrast=\"auto\">S\u00ec, l'hobby dell'acquariofilia dispone da tempo di sistemi a LED controllabili. Questi tendono ad avere costi proibitivi, a utilizzare diodi di diversi colori, a provocare schemi luminosi a strisce e ad avere un basso potenziale PAR. I sistemi LumenIZE di Arcadia Reptile differiscono notevolmente dall'illuminazione progettata per essere utilizzata sull'acqua. In primo luogo, LumenIZE controlla le lampade che producono UV-B. Per la prima volta, possiamo controllare il fotoperiodo e l'unit\u00e0 di misura della quantit\u00e0 di energia attraverso una regolazione regolare. Ci\u00f2 consente agli allevatori di fornire livelli di energia simili a quelli del sole in modo naturalistico e simile al sole. LumenIZE consente anche di controllare la barra LumenIZE JungleDawn-LED.<\/span><span data-ccp-props=\"{}\">\u00a0<\/span><\/p>\t\t\t\t\t\t\t\t<\/div>\n\t\t\t\t<\/div>\n\t\t\t\t<div class=\"elementor-element elementor-element-8c21b0f elementor-widget__width-initial elementor-widget-mobile__width-inherit elementor-invisible elementor-widget elementor-widget-text-editor\" data-id=\"8c21b0f\" data-element_type=\"widget\" data-e-type=\"widget\" data-settings=\"{&quot;_animation&quot;:&quot;fadeInLeft&quot;}\" data-widget_type=\"text-editor.default\">\n\t\t\t\t<div class=\"elementor-widget-container\">\n\t\t\t\t\t\t\t\t\t<p><strong>Volete fornire cicli di alba e tramonto simili a quelli della natura selvaggia sia per le lampade UV-B che per JungleDawn-LED Bar? LumenIZE FA COS\u00cc!<\/strong><\/p><p><span data-contrast=\"auto\">Le lampade UV di Arcadia Reptile sono realizzate secondo gli standard pi\u00f9 elevati e godono della fiducia di allevatori e professionisti di tutto il mondo. Tuttavia, rimane un problema: il controllo! Non esistono ancora metodi di controllo delle lampade UV facili da usare, accessibili e affidabili. In effetti, l'oscuramento dall'alba al tramonto \u00e8 stato disponibile solo per pochi e ad un prezzo elevato.<\/span><span data-ccp-props=\"{}\">\u00a0<\/span><\/p><p><span data-contrast=\"auto\">Il problema principale della tecnologia esistente \u00e8 che in quasi tutti i casi gli animali passano dalla \"notte\" al pieno sole di mezzogiorno in pochi istanti dopo che i timer sono stati attivati ogni giorno, per poi piombare nell'oscurit\u00e0 quando i timer si spengono senza alcuna gradualit\u00e0 naturale o preavviso. Questo era il meglio che potevamo fare, ma non era abbastanza!<\/span><\/p>\t\t\t\t\t\t\t\t<\/div>\n\t\t\t\t<\/div>\n\t\t\t\t<div class=\"elementor-element elementor-element-7d25ef5 elementor-widget__width-initial elementor-widget-mobile__width-inherit elementor-invisible elementor-widget elementor-widget-image\" data-id=\"7d25ef5\" data-element_type=\"widget\" data-e-type=\"widget\" data-settings=\"{&quot;_animation&quot;:&quot;fadeInRight&quot;}\" data-widget_type=\"image.default\">\n\t\t\t\t<div class=\"elementor-widget-container\">\n\t\t\t\t\t\t\t\t\t\t\t\t<figure class=\"wp-caption\">\n\t\t\t\t\t\t\t\t\t\t<img decoding=\"async\" width=\"768\" height=\"424\" src=\"https:\/\/arcadialumenize.com\/wp-content\/uploads\/2023\/10\/Lighting-_-Heating-100_-1-scaled-e1699957396917-768x424.webp\" class=\"attachment-medium_large size-medium_large wp-image-123\" alt=\"Basic Timings Standard\" srcset=\"https:\/\/arcadialumenize.com\/wp-content\/uploads\/2023\/10\/Lighting-_-Heating-100_-1-scaled-e1699957396917-768x424.webp 768w, https:\/\/arcadialumenize.com\/wp-content\/uploads\/2023\/10\/Lighting-_-Heating-100_-1-scaled-e1699957396917-300x165.webp 300w, https:\/\/arcadialumenize.com\/wp-content\/uploads\/2023\/10\/Lighting-_-Heating-100_-1-scaled-e1699957396917-1024x565.webp 1024w, https:\/\/arcadialumenize.com\/wp-content\/uploads\/2023\/10\/Lighting-_-Heating-100_-1-scaled-e1699957396917-1536x847.webp 1536w, https:\/\/arcadialumenize.com\/wp-content\/uploads\/2023\/10\/Lighting-_-Heating-100_-1-scaled-e1699957396917-2048x1130.webp 2048w\" sizes=\"(max-width: 768px) 100vw, 768px\" \/>\t\t\t\t\t\t\t\t\t\t\t<figcaption class=\"widget-image-caption wp-caption-text\">Ciclo giornaliero standard<\/figcaption>\n\t\t\t\t\t\t\t\t\t\t<\/figure>\n\t\t\t\t\t\t\t\t\t<\/div>\n\t\t\t\t<\/div>\n\t\t\t\t<div class=\"elementor-element elementor-element-12d9242 elementor-widget__width-inherit elementor-invisible elementor-widget elementor-widget-text-editor\" data-id=\"12d9242\" data-element_type=\"widget\" data-e-type=\"widget\" data-settings=\"{&quot;_animation&quot;:&quot;fadeInUp&quot;}\" data-widget_type=\"text-editor.default\">\n\t\t\t\t<div class=\"elementor-widget-container\">\n\t\t\t\t\t\t\t\t\t<p><span data-contrast=\"auto\">Arcadia Reptile presenta \"LumenIZE\", sistemi di illuminazione intelligente controllati da app che consentono di aumentare il benessere degli animali fornendo sistemi di illuminazione sempre pi\u00f9 naturali.<\/span><\/p><p class=\"translation-block\">Tutti i prodotti LumenIZE sono stati aggiornati allo standard di resistenza all'acqua IP65, il che significa che le barre LumenIZE ProT5 e JungleDawn-LED possono ora essere utilizzate in modo sicuro in ambienti umidi. Abbiamo anche progettato un nuovissimo sistema di lampade T5 \"easy change\" che semplifica la sostituzione delle lampade, riduce i danni accidentali alle stesse e non prevede il meccanismo \"rotate to lock\". Per maggiori informazioni, consultare la sezione \"Cambio lampada\".<\/p>\t\t\t\t\t\t\t\t<\/div>\n\t\t\t\t<\/div>\n\t\t\t\t<div class=\"elementor-element elementor-element-125337e elementor-widget__width-initial elementor-widget-mobile__width-inherit elementor-invisible elementor-widget elementor-widget-image\" data-id=\"125337e\" data-element_type=\"widget\" data-e-type=\"widget\" data-settings=\"{&quot;_animation&quot;:&quot;fadeInLeft&quot;}\" data-widget_type=\"image.default\">\n\t\t\t\t<div class=\"elementor-widget-container\">\n\t\t\t\t\t\t\t\t\t\t\t\t<figure class=\"wp-caption\">\n\t\t\t\t\t\t\t\t\t\t<img decoding=\"async\" width=\"768\" height=\"429\" src=\"https:\/\/arcadialumenize.com\/wp-content\/uploads\/2023\/10\/Lumenize-Basic-Timings-Transparent-Background-scaled-e1699957349304-768x429.webp\" class=\"attachment-medium_large size-medium_large wp-image-122\" alt=\"ProT5 LED Bar Basic Timings\" srcset=\"https:\/\/arcadialumenize.com\/wp-content\/uploads\/2023\/10\/Lumenize-Basic-Timings-Transparent-Background-scaled-e1699957349304-768x429.webp 768w, https:\/\/arcadialumenize.com\/wp-content\/uploads\/2023\/10\/Lumenize-Basic-Timings-Transparent-Background-scaled-e1699957349304-300x167.webp 300w, https:\/\/arcadialumenize.com\/wp-content\/uploads\/2023\/10\/Lumenize-Basic-Timings-Transparent-Background-scaled-e1699957349304-1024x572.webp 1024w, https:\/\/arcadialumenize.com\/wp-content\/uploads\/2023\/10\/Lumenize-Basic-Timings-Transparent-Background-scaled-e1699957349304-1536x857.webp 1536w, https:\/\/arcadialumenize.com\/wp-content\/uploads\/2023\/10\/Lumenize-Basic-Timings-Transparent-Background-scaled-e1699957349304-2048x1143.webp 2048w\" sizes=\"(max-width: 768px) 100vw, 768px\" \/>\t\t\t\t\t\t\t\t\t\t\t<figcaption class=\"widget-image-caption wp-caption-text\">Ciclo giornaliero LumenIZE<\/figcaption>\n\t\t\t\t\t\t\t\t\t\t<\/figure>\n\t\t\t\t\t\t\t\t\t<\/div>\n\t\t\t\t<\/div>\n\t\t\t\t<div class=\"elementor-element elementor-element-89bd5e1 elementor-widget__width-initial elementor-widget-mobile__width-inherit elementor-invisible elementor-widget elementor-widget-text-editor\" data-id=\"89bd5e1\" data-element_type=\"widget\" data-e-type=\"widget\" data-settings=\"{&quot;_animation&quot;:&quot;fadeInRight&quot;}\" data-widget_type=\"text-editor.default\">\n\t\t\t\t<div class=\"elementor-widget-container\">\n\t\t\t\t\t\t\t\t\t<p class=\"translation-block\">LumenIZE ha una memoria! S\u00ec, c'\u00e8 una memoria incorporata in ogni barra e questa memoria \u00e8 supportata da una batteria interna sostituibile (vedere la sezione \"Cambiare la batteria\"). In caso di interruzione di corrente, la lampada si spegne ma la memoria continua a funzionare. Al ritorno dell'alimentazione, la lampada si accender\u00e0 esattamente alla giusta percentuale di potenza e di tempo.<\/p><p><span data-contrast=\"auto\">I kit LumenIZE collegati all'app LumenIZE possono essere protetti da una password, se si sceglie di utilizzarla. In questo modo si pu\u00f2 impedire ai visitatori di \"armeggiare\" con le impostazioni.<\/span><span data-ccp-props=\"{}\">\u00a0<\/span><\/p>\t\t\t\t\t\t\t\t<\/div>\n\t\t\t\t<\/div>\n\t\t\t\t\t<\/div>\n\t\t\t\t<\/div>\n\t\t\t\t<\/div>","protected":false},"excerpt":{"rendered":"<p>WHat Is LumenIZE? \u2018Unlock the Power of LumenIZE\u2122\u2014Arcadia Reptile introduces the first app-controlled T5 UV-B and JungleDawn LED Bar systems, combining precise control with energy efficiency.\u202f Your key to bespoke reptile lighting and advancing animal welfare.\u2019\u202f\u00a0 Arcadia Reptile has always had ever-expanding animal welfare at its heart. Our driving values are linked directly to improving [&hellip;]<\/p>\n","protected":false},"author":1,"featured_media":0,"parent":0,"menu_order":0,"comment_status":"closed","ping_status":"closed","template":"elementor_header_footer","meta":{"_analytify_skip_tracking":false,"footnotes":""},"class_list":["post-104","page","type-page","status-publish","hentry"],"featured_image_src":null,"featured_image_src_square":null,"_links":{"self":[{"href":"https:\/\/arcadialumenize.com\/it\/wp-json\/wp\/v2\/pages\/104","targetHints":{"allow":["GET"]}}],"collection":[{"href":"https:\/\/arcadialumenize.com\/it\/wp-json\/wp\/v2\/pages"}],"about":[{"href":"https:\/\/arcadialumenize.com\/it\/wp-json\/wp\/v2\/types\/page"}],"author":[{"embeddable":true,"href":"https:\/\/arcadialumenize.com\/it\/wp-json\/wp\/v2\/users\/1"}],"replies":[{"embeddable":true,"href":"https:\/\/arcadialumenize.com\/it\/wp-json\/wp\/v2\/comments?post=104"}],"version-history":[{"count":0,"href":"https:\/\/arcadialumenize.com\/it\/wp-json\/wp\/v2\/pages\/104\/revisions"}],"wp:attachment":[{"href":"https:\/\/arcadialumenize.com\/it\/wp-json\/wp\/v2\/media?parent=104"}],"curies":[{"name":"wp","href":"https:\/\/api.w.org\/{rel}","templated":true}]}}