{"id":125,"date":"2023-10-26T22:01:27","date_gmt":"2023-10-26T22:01:27","guid":{"rendered":"https:\/\/www.arcadialumenize.com\/?page_id=125"},"modified":"2023-11-30T14:46:55","modified_gmt":"2023-11-30T14:46:55","slug":"the-app","status":"publish","type":"page","link":"https:\/\/arcadialumenize.com\/fr\/the-app\/","title":{"rendered":"L'application"},"content":{"rendered":"<div data-elementor-type=\"wp-page\" data-elementor-id=\"125\" class=\"elementor elementor-125\" data-elementor-post-type=\"page\">\n\t\t\t\t<div class=\"elementor-element elementor-element-9bf57b1 e-con-full e-flex e-con e-parent\" data-id=\"9bf57b1\" data-element_type=\"container\" data-e-type=\"container\" data-settings=\"{&quot;background_background&quot;:&quot;classic&quot;}\">\n\t\t<div class=\"elementor-element elementor-element-06fcf0a e-con-full e-flex e-con e-child\" data-id=\"06fcf0a\" data-element_type=\"container\" data-e-type=\"container\" data-settings=\"{&quot;background_background&quot;:&quot;video&quot;,&quot;background_video_link&quot;:&quot;https:\\\/\\\/www.arcadialumenize.com\\\/wp-content\\\/uploads\\\/2023\\\/11\\\/App-Website-Header.mp4&quot;,&quot;background_video_start&quot;:0}\">\n\t\t<div class=\"elementor-background-video-container elementor-hidden-mobile\">\n\t\t\t\t\t\t\t<video class=\"elementor-background-video-hosted\" role=\"presentation\" autoplay muted playsinline loop><\/video>\n\t\t\t\t\t<\/div>\t\t<\/div>\n\t\t\t\t<\/div>\n\t\t<div class=\"elementor-element elementor-element-f627b55 e-con-full e-flex e-con e-parent\" data-id=\"f627b55\" data-element_type=\"container\" data-e-type=\"container\" data-settings=\"{&quot;background_background&quot;:&quot;classic&quot;}\">\n\t\t<div class=\"elementor-element elementor-element-96aa67e e-flex e-con-boxed e-con e-child\" data-id=\"96aa67e\" data-element_type=\"container\" data-e-type=\"container\">\n\t\t\t\t\t<div class=\"e-con-inner\">\n\t\t\t\t<div class=\"elementor-element elementor-element-52ddab0 elementor-widget__width-initial elementor-widget-mobile__width-inherit elementor-invisible elementor-widget elementor-widget-video\" data-id=\"52ddab0\" data-element_type=\"widget\" data-e-type=\"widget\" data-settings=\"{&quot;youtube_url&quot;:&quot;https:\\\/\\\/youtu.be\\\/XCs_fE8Bm4U?si=lS2H-dz7P6ly064g&quot;,&quot;_animation&quot;:&quot;fadeInLeft&quot;,&quot;video_type&quot;:&quot;youtube&quot;,&quot;controls&quot;:&quot;yes&quot;}\" data-widget_type=\"video.default\">\n\t\t\t\t<div class=\"elementor-widget-container\">\n\t\t\t\t\t\t\t<div class=\"elementor-wrapper elementor-open-inline\">\n\t\t\t<div class=\"elementor-video\"><\/div>\t\t<\/div>\n\t\t\t\t\t\t<\/div>\n\t\t\t\t<\/div>\n\t\t<div class=\"elementor-element elementor-element-ba5eb5a e-con-full e-flex e-con e-child\" data-id=\"ba5eb5a\" data-element_type=\"container\" data-e-type=\"container\">\n\t\t\t\t<div class=\"elementor-element elementor-element-c3cfc5b elementor-widget elementor-widget-heading\" data-id=\"c3cfc5b\" data-element_type=\"widget\" data-e-type=\"widget\" data-widget_type=\"heading.default\">\n\t\t\t\t<div class=\"elementor-widget-container\">\n\t\t\t\t\t<h1 class=\"elementor-heading-title elementor-size-default\">LumenIZE App<\/h1>\t\t\t\t<\/div>\n\t\t\t\t<\/div>\n\t\t\t\t<div class=\"elementor-element elementor-element-93dcb26 elementor-widget__width-initial elementor-widget-mobile__width-inherit elementor-invisible elementor-widget elementor-widget-text-editor\" data-id=\"93dcb26\" data-element_type=\"widget\" data-e-type=\"widget\" data-settings=\"{&quot;_animation&quot;:&quot;fadeInRight&quot;}\" data-widget_type=\"text-editor.default\">\n\t\t\t\t<div class=\"elementor-widget-container\">\n\t\t\t\t\t\t\t\t\t<p><span lang=\"EN-GB\" xml:lang=\"EN-GB\" data-contrast=\"auto\">Les barres lumineuses ProT5 et JungleDawn d'Arcadia Reptile LumenIZE se distinguent par leur approche int\u00e9gr\u00e9e. Elles \u00e9tablissent une connexion Bluetooth personnalis\u00e9e entre chaque lampe et votre appareil dot\u00e9 de l'application pour stocker les informations programm\u00e9es dans chaque lampe individuellement. Ainsi, chaque lampe peut \u00eatre nomm\u00e9e et b\u00e9n\u00e9ficier de sa propre programmation. Elles ne d\u00e9pendent pas d'une connexion Wi-Fi pour fonctionner, car chaque lampe conserve son propre programme, soutenu par une petite batterie. Cette batterie assure la continuit\u00e9 du programme et de l'horloge en cas de coupure de courant locale.<\/span>\u00a0<\/p>\t\t\t\t\t\t\t\t<\/div>\n\t\t\t\t<\/div>\n\t\t\t\t<\/div>\n\t\t\t\t\t<\/div>\n\t\t\t\t<\/div>\n\t\t<div class=\"elementor-element elementor-element-2e7d702 e-flex e-con-boxed e-con e-child\" data-id=\"2e7d702\" data-element_type=\"container\" data-e-type=\"container\">\n\t\t\t\t\t<div class=\"e-con-inner\">\n\t\t\t\t<div class=\"elementor-element elementor-element-0e6e6f8 elementor-widget-mobile__width-inherit elementor-invisible elementor-widget elementor-widget-image\" data-id=\"0e6e6f8\" data-element_type=\"widget\" data-e-type=\"widget\" data-settings=\"{&quot;_animation&quot;:&quot;fadeIn&quot;}\" data-widget_type=\"image.default\">\n\t\t\t\t<div class=\"elementor-widget-container\">\n\t\t\t\t\t\t\t\t\t\t\t\t\t\t\t<img fetchpriority=\"high\" decoding=\"async\" width=\"800\" height=\"514\" src=\"https:\/\/arcadialumenize.com\/wp-content\/uploads\/2023\/11\/Lumenize-phone-app-for-website1-1024x658.webp\" class=\"attachment-large size-large wp-image-213\" alt=\"New Phone Graphic\" srcset=\"https:\/\/arcadialumenize.com\/wp-content\/uploads\/2023\/11\/Lumenize-phone-app-for-website1-1024x658.webp 1024w, https:\/\/arcadialumenize.com\/wp-content\/uploads\/2023\/11\/Lumenize-phone-app-for-website1-300x193.webp 300w, https:\/\/arcadialumenize.com\/wp-content\/uploads\/2023\/11\/Lumenize-phone-app-for-website1-768x493.webp 768w, https:\/\/arcadialumenize.com\/wp-content\/uploads\/2023\/11\/Lumenize-phone-app-for-website1-1536x986.webp 1536w, https:\/\/arcadialumenize.com\/wp-content\/uploads\/2023\/11\/Lumenize-phone-app-for-website1-2048x1315.webp 2048w\" sizes=\"(max-width: 800px) 100vw, 800px\" \/>\t\t\t\t\t\t\t\t\t\t\t\t\t\t\t<\/div>\n\t\t\t\t<\/div>\n\t\t\t\t\t<\/div>\n\t\t\t\t<\/div>\n\t\t\t\t<\/div>\n\t\t<div class=\"elementor-element elementor-element-64dc918 e-flex e-con-boxed e-con e-parent\" data-id=\"64dc918\" data-element_type=\"container\" data-e-type=\"container\" data-settings=\"{&quot;background_background&quot;:&quot;classic&quot;}\">\n\t\t\t\t\t<div class=\"e-con-inner\">\n\t\t\t\t<div class=\"elementor-element elementor-element-6e2b457 elementor-invisible elementor-widget elementor-widget-text-editor\" data-id=\"6e2b457\" data-element_type=\"widget\" data-e-type=\"widget\" data-settings=\"{&quot;_animation&quot;:&quot;fadeInUp&quot;}\" data-widget_type=\"text-editor.default\">\n\t\t\t\t<div class=\"elementor-widget-container\">\n\t\t\t\t\t\t\t\t\t<p>L'application LumenIZE, conviviale, permet un contr\u00f4le pr\u00e9cis de jusqu'\u00e0 50 lampes diff\u00e9rentes, chacune ayant son propre nom et son propre cycle d'\u00e9clairage programm\u00e9. Les donn\u00e9es de LumenIZE sont stock\u00e9es dans le kit de lampe lui-m\u00eame et utilisent un signal Bluetooth entre votre t\u00e9l\u00e9phone et la lampe. Ainsi, vous n'avez pas besoin de compter sur les r\u00e9seaux Wi-Fi ou les signaux mobiles. De plus, puisque les donn\u00e9es de la lampe sont stock\u00e9es dans la lampe elle-m\u00eame et non sur votre t\u00e9l\u00e9phone, il n'y a aucun risque d'interf\u00e9rence en cas de changement de t\u00e9l\u00e9phone, de panne Internet, ou d'interf\u00e9rences ext\u00e9rieures.<\/p>\t\t\t\t\t\t\t\t<\/div>\n\t\t\t\t<\/div>\n\t\t<div class=\"elementor-element elementor-element-cefec98 e-con-full e-flex e-con e-child\" data-id=\"cefec98\" data-element_type=\"container\" data-e-type=\"container\">\n\t\t\t\t<div class=\"elementor-element elementor-element-bd91523 elementor-widget__width-initial elementor-invisible elementor-widget elementor-widget-text-editor\" data-id=\"bd91523\" data-element_type=\"widget\" data-e-type=\"widget\" data-settings=\"{&quot;_animation&quot;:&quot;fadeInLeft&quot;}\" data-widget_type=\"text-editor.default\">\n\t\t\t\t<div class=\"elementor-widget-container\">\n\t\t\t\t\t\t\t\t\t<p>Les lampes contr\u00f4l\u00e9es par l'application LumenIZE peuvent r\u00e9duire la consommation d'\u00e9nergie moyenne de chaque lampe de 30 %. En effet, une gradation de l'aube au cr\u00e9puscule avec une pause de 4 heures \u00e0 midi permet d'\u00e9conomiser de l'\u00e9nergie. Pour ceux d'entre nous qui poss\u00e8dent de nombreuses lampes, cela peut repr\u00e9senter des \u00e9conomies d'\u00e9nergie significatives, r\u00e9duisant ainsi les \u00e9missions de CO2 tout en am\u00e9liorant le bien-\u00eatre des animaux en r\u00e9duisant les facteurs de stress et en \u00e9liminant le syst\u00e8me de commutation brusque \"\u00e0 pleine puissance\/arr\u00eat\" que nous avons connu.<\/p>\t\t\t\t\t\t\t\t<\/div>\n\t\t\t\t<\/div>\n\t\t\t\t<div class=\"elementor-element elementor-element-f5494f0 elementor-hidden-desktop elementor-hidden-tablet elementor-widget elementor-widget-image\" data-id=\"f5494f0\" data-element_type=\"widget\" data-e-type=\"widget\" data-widget_type=\"image.default\">\n\t\t\t\t<div class=\"elementor-widget-container\">\n\t\t\t\t\t\t\t\t\t\t\t\t\t\t\t<img decoding=\"async\" width=\"800\" height=\"1008\" src=\"https:\/\/arcadialumenize.com\/wp-content\/uploads\/2023\/11\/Save-30-BG-813x1024.webp\" class=\"attachment-large size-large wp-image-214\" alt=\"Save 30% Graphic\" srcset=\"https:\/\/arcadialumenize.com\/wp-content\/uploads\/2023\/11\/Save-30-BG-813x1024.webp 813w, https:\/\/arcadialumenize.com\/wp-content\/uploads\/2023\/11\/Save-30-BG-238x300.webp 238w, https:\/\/arcadialumenize.com\/wp-content\/uploads\/2023\/11\/Save-30-BG-768x967.webp 768w, https:\/\/arcadialumenize.com\/wp-content\/uploads\/2023\/11\/Save-30-BG-1220x1536.webp 1220w, https:\/\/arcadialumenize.com\/wp-content\/uploads\/2023\/11\/Save-30-BG-1627x2048.webp 1627w, https:\/\/arcadialumenize.com\/wp-content\/uploads\/2023\/11\/Save-30-BG-scaled.webp 2034w\" sizes=\"(max-width: 800px) 100vw, 800px\" \/>\t\t\t\t\t\t\t\t\t\t\t\t\t\t\t<\/div>\n\t\t\t\t<\/div>\n\t\t\t\t<div class=\"elementor-element elementor-element-96eceb3 elementor-invisible elementor-widget elementor-widget-heading\" data-id=\"96eceb3\" data-element_type=\"widget\" data-e-type=\"widget\" data-settings=\"{&quot;_animation&quot;:&quot;fadeInUp&quot;}\" data-widget_type=\"heading.default\">\n\t\t\t\t<div class=\"elementor-widget-container\">\n\t\t\t\t\t<h2 class=\"elementor-heading-title elementor-size-default\">Peut-on utiliser les lampes sans l'application ?<\/h2>\t\t\t\t<\/div>\n\t\t\t\t<\/div>\n\t\t\t\t<div class=\"elementor-element elementor-element-d15a152 elementor-invisible elementor-widget elementor-widget-text-editor\" data-id=\"d15a152\" data-element_type=\"widget\" data-e-type=\"widget\" data-settings=\"{&quot;_animation&quot;:&quot;fadeInUp&quot;}\" data-widget_type=\"text-editor.default\">\n\t\t\t\t<div class=\"elementor-widget-container\">\n\t\t\t\t\t\t\t\t\t<p><span data-contrast=\"auto\">Le contr\u00f4le manuel de chaque lampe dans l'application LumenIZE est simple. Assurez-vous que le bouton \u00e0 c\u00f4t\u00e9 du curseur est enfonc\u00e9 pour afficher la position \"off\". Cela d\u00e9sactive le programme automatis\u00e9 et vous permet de r\u00e9gler manuellement les lampes si n\u00e9cessaire. Cependant, pour que le programme automatis\u00e9 de votre choix fonctionne, appuyez sur le bouton \u00e0 droite du curseur manuel pour le positionner sur \"on\".<\/span><span data-ccp-props=\"{}\">\u00a0<\/span><\/p><p><span data-contrast=\"auto\">Si vous perdez le contr\u00f4le manuel \u00e0 tout moment, appuyez trois fois sur le bouton \"Full Power Test\" et attendez. Habituellement, cela est d\u00fb \u00e0 un signal Bluetooth faible ou au fait que la lampe est d\u00e9j\u00e0 en train d'effectuer un processus en cours et ne peut pas \u00eatre interrompue. Le contr\u00f4le manuel sera r\u00e9tabli lorsque le processus sera termin\u00e9, g\u00e9n\u00e9ralement dans les 2 minutes suivant le passage du \"programme ON\" au \"programme OFF\".<\/span><span data-ccp-props=\"{}\">\u00a0<\/span><\/p>\t\t\t\t\t\t\t\t<\/div>\n\t\t\t\t<\/div>\n\t\t\t\t<\/div>\n\t\t<div class=\"elementor-element elementor-element-437c546 e-con-full e-flex elementor-invisible e-con e-child\" data-id=\"437c546\" data-element_type=\"container\" data-e-type=\"container\" data-settings=\"{&quot;animation&quot;:&quot;fadeInRight&quot;}\">\n\t\t\t\t<div class=\"elementor-element elementor-element-576161c elementor-hidden-mobile elementor-widget elementor-widget-image\" data-id=\"576161c\" data-element_type=\"widget\" data-e-type=\"widget\" data-widget_type=\"image.default\">\n\t\t\t\t<div class=\"elementor-widget-container\">\n\t\t\t\t\t\t\t\t\t\t\t\t\t\t\t<img decoding=\"async\" width=\"800\" height=\"1008\" src=\"https:\/\/arcadialumenize.com\/wp-content\/uploads\/2023\/11\/Save-30-BG-813x1024.webp\" class=\"attachment-large size-large wp-image-214\" alt=\"Save 30% Graphic\" srcset=\"https:\/\/arcadialumenize.com\/wp-content\/uploads\/2023\/11\/Save-30-BG-813x1024.webp 813w, https:\/\/arcadialumenize.com\/wp-content\/uploads\/2023\/11\/Save-30-BG-238x300.webp 238w, https:\/\/arcadialumenize.com\/wp-content\/uploads\/2023\/11\/Save-30-BG-768x967.webp 768w, https:\/\/arcadialumenize.com\/wp-content\/uploads\/2023\/11\/Save-30-BG-1220x1536.webp 1220w, https:\/\/arcadialumenize.com\/wp-content\/uploads\/2023\/11\/Save-30-BG-1627x2048.webp 1627w, https:\/\/arcadialumenize.com\/wp-content\/uploads\/2023\/11\/Save-30-BG-scaled.webp 2034w\" sizes=\"(max-width: 800px) 100vw, 800px\" \/>\t\t\t\t\t\t\t\t\t\t\t\t\t\t\t<\/div>\n\t\t\t\t<\/div>\n\t\t\t\t<div class=\"elementor-element elementor-element-98662f5 elementor-widget__width-inherit elementor-widget-mobile__width-inherit elementor-widget elementor-widget-video\" data-id=\"98662f5\" data-element_type=\"widget\" data-e-type=\"widget\" data-settings=\"{&quot;video_type&quot;:&quot;hosted&quot;,&quot;controls&quot;:&quot;yes&quot;}\" data-widget_type=\"video.default\">\n\t\t\t\t<div class=\"elementor-widget-container\">\n\t\t\t\t\t\t\t<div class=\"e-hosted-video elementor-wrapper elementor-open-inline\">\n\t\t\t\t\t<video class=\"elementor-video\" src=\"https:\/\/www.arcadialumenize.com\/wp-content\/uploads\/2023\/11\/App-Video-For-Website.mp4\" controls=\"\" preload=\"metadata\" controlslist=\"nodownload\"><\/video>\n\t\t\t\t<\/div>\n\t\t\t\t\t\t<\/div>\n\t\t\t\t<\/div>\n\t\t\t\t<\/div>\n\t\t\t\t\t<\/div>\n\t\t\t\t<\/div>\n\t\t\t\t<\/div>","protected":false},"excerpt":{"rendered":"<p>LumenIZE App Arcadia Reptile LumenIZE\u00ae enabled ProT5 and JungleDawn-Led Bars have integration at their core. They use a bespoke Bluetooth connection between each lamp and your app-enabled device to store programmed information within each lamp. In this way, each lamp can be named and support its own programme.\u202f They do not require a WIFI connection [&hellip;]<\/p>\n","protected":false},"author":1,"featured_media":0,"parent":0,"menu_order":0,"comment_status":"closed","ping_status":"closed","template":"elementor_header_footer","meta":{"_analytify_skip_tracking":false,"footnotes":""},"class_list":["post-125","page","type-page","status-publish","hentry"],"featured_image_src":null,"featured_image_src_square":null,"_links":{"self":[{"href":"https:\/\/arcadialumenize.com\/fr\/wp-json\/wp\/v2\/pages\/125","targetHints":{"allow":["GET"]}}],"collection":[{"href":"https:\/\/arcadialumenize.com\/fr\/wp-json\/wp\/v2\/pages"}],"about":[{"href":"https:\/\/arcadialumenize.com\/fr\/wp-json\/wp\/v2\/types\/page"}],"author":[{"embeddable":true,"href":"https:\/\/arcadialumenize.com\/fr\/wp-json\/wp\/v2\/users\/1"}],"replies":[{"embeddable":true,"href":"https:\/\/arcadialumenize.com\/fr\/wp-json\/wp\/v2\/comments?post=125"}],"version-history":[{"count":0,"href":"https:\/\/arcadialumenize.com\/fr\/wp-json\/wp\/v2\/pages\/125\/revisions"}],"wp:attachment":[{"href":"https:\/\/arcadialumenize.com\/fr\/wp-json\/wp\/v2\/media?parent=125"}],"curies":[{"name":"wp","href":"https:\/\/api.w.org\/{rel}","templated":true}]}}