{"id":104,"date":"2023-10-26T16:05:58","date_gmt":"2023-10-26T16:05:58","guid":{"rendered":"https:\/\/www.arcadialumenize.com\/?page_id=104"},"modified":"2023-11-30T14:37:02","modified_gmt":"2023-11-30T14:37:02","slug":"what-is-lumenize","status":"publish","type":"page","link":"https:\/\/arcadialumenize.com\/fr\/what-is-lumenize\/","title":{"rendered":"What is LumenIZE?"},"content":{"rendered":"<div data-elementor-type=\"wp-page\" data-elementor-id=\"104\" class=\"elementor elementor-104\" data-elementor-post-type=\"page\">\n\t\t\t\t<div class=\"elementor-element elementor-element-4dbc0e4 e-flex e-con-boxed e-con e-parent\" data-id=\"4dbc0e4\" data-element_type=\"container\" data-e-type=\"container\" data-settings=\"{&quot;background_background&quot;:&quot;classic&quot;}\">\n\t\t\t\t\t<div class=\"e-con-inner\">\n\t\t\t\t<div class=\"elementor-element elementor-element-4e18382 elementor-widget elementor-widget-image\" data-id=\"4e18382\" data-element_type=\"widget\" data-e-type=\"widget\" data-widget_type=\"image.default\">\n\t\t\t\t<div class=\"elementor-widget-container\">\n\t\t\t\t\t\t\t\t\t\t\t\t\t\t\t<img fetchpriority=\"high\" decoding=\"async\" width=\"1800\" height=\"180\" src=\"https:\/\/arcadialumenize.com\/wp-content\/uploads\/2023\/10\/ezgif.com-optimize.gif\" class=\"attachment-full size-full wp-image-112\" alt=\"LumenIZE Graphic Gif\" \/>\t\t\t\t\t\t\t\t\t\t\t\t\t\t\t<\/div>\n\t\t\t\t<\/div>\n\t\t\t\t\t<\/div>\n\t\t\t\t<\/div>\n\t\t<div class=\"elementor-element elementor-element-d1ad775 e-flex e-con-boxed e-con e-parent\" data-id=\"d1ad775\" data-element_type=\"container\" data-e-type=\"container\" data-settings=\"{&quot;background_background&quot;:&quot;classic&quot;}\">\n\t\t\t\t\t<div class=\"e-con-inner\">\n\t\t<div class=\"elementor-element elementor-element-4cf9925 e-con-full e-flex elementor-invisible e-con e-child\" data-id=\"4cf9925\" data-element_type=\"container\" data-e-type=\"container\" data-settings=\"{&quot;animation&quot;:&quot;fadeInLeft&quot;}\">\n\t\t\t\t<div class=\"elementor-element elementor-element-3e05bb4 elementor-skin-carousel elementor-pagination-type-bullets elementor-pagination-position-outside elementor-widget elementor-widget-media-carousel\" data-id=\"3e05bb4\" data-element_type=\"widget\" data-e-type=\"widget\" data-settings=\"{&quot;slides_per_view&quot;:&quot;1&quot;,&quot;slides_to_scroll&quot;:&quot;1&quot;,&quot;skin&quot;:&quot;carousel&quot;,&quot;effect&quot;:&quot;slide&quot;,&quot;pagination&quot;:&quot;bullets&quot;,&quot;speed&quot;:500,&quot;autoplay&quot;:&quot;yes&quot;,&quot;autoplay_speed&quot;:5000,&quot;loop&quot;:&quot;yes&quot;,&quot;pause_on_hover&quot;:&quot;yes&quot;,&quot;pause_on_interaction&quot;:&quot;yes&quot;,&quot;space_between&quot;:{&quot;unit&quot;:&quot;px&quot;,&quot;size&quot;:10,&quot;sizes&quot;:[]},&quot;space_between_tablet&quot;:{&quot;unit&quot;:&quot;px&quot;,&quot;size&quot;:10,&quot;sizes&quot;:[]},&quot;space_between_mobile&quot;:{&quot;unit&quot;:&quot;px&quot;,&quot;size&quot;:10,&quot;sizes&quot;:[]}}\" data-widget_type=\"media-carousel.default\">\n\t\t\t\t<div class=\"elementor-widget-container\">\n\t\t\t\t\t\t\t\t\t<div class=\"elementor-swiper\">\n\t\t\t\t\t<div class=\"elementor-main-swiper swiper\" role=\"region\" aria-roledescription=\"carousel\" aria-label=\"Slides\">\n\t\t\t\t<div class=\"swiper-wrapper\">\n\t\t\t\t\t\t\t\t\t\t\t<div class=\"swiper-slide\" role=\"group\" aria-roledescription=\"slide\">\n\t\t\t\t\t\t\t\t\t<div class=\"elementor-carousel-image\" role=\"img\" aria-label=\"ProT5 and JungleDawn LED Bars Range\" style=\"background-image: url(&#039;https:\/\/arcadialumenize.com\/wp-content\/uploads\/2023\/10\/All-Bars-Black-BG-1024x892.webp&#039;)\">\n\n\t\t\t\n\t\t\t\t\t<\/div>\n\t\t\t\t\t\t\t\t<\/div>\n\t\t\t\t\t\t\t\t\t<\/div>\n\t\t\t\t\t\t\t<\/div>\n\t\t\t\t<\/div>\n\t\t\t\t\t\t\t\t<\/div>\n\t\t\t\t<\/div>\n\t\t\t\t<\/div>\n\t\t<div class=\"elementor-element elementor-element-8a5bcfb e-con-full e-flex elementor-invisible e-con e-child\" data-id=\"8a5bcfb\" data-element_type=\"container\" data-e-type=\"container\" data-settings=\"{&quot;animation&quot;:&quot;fadeInRight&quot;}\">\n\t\t\t\t<div class=\"elementor-element elementor-element-d199528 elementor-widget elementor-widget-heading\" data-id=\"d199528\" data-element_type=\"widget\" data-e-type=\"widget\" data-widget_type=\"heading.default\">\n\t\t\t\t<div class=\"elementor-widget-container\">\n\t\t\t\t\t<h1 class=\"elementor-heading-title elementor-size-default\">WHat Is LumenIZE?<\/h1>\t\t\t\t<\/div>\n\t\t\t\t<\/div>\n\t\t\t\t<div class=\"elementor-element elementor-element-3b93388 elementor-widget elementor-widget-text-editor\" data-id=\"3b93388\" data-element_type=\"widget\" data-e-type=\"widget\" data-widget_type=\"text-editor.default\">\n\t\t\t\t<div class=\"elementor-widget-container\">\n\t\t\t\t\t\t\t\t\t<p><span data-contrast=\"auto\">'D\u00e9bloquez la puissance de LumenIZE\u2122-Arcadia Reptile pr\u00e9sente les premiers syst\u00e8mes T5 UV-B et JungleDawn-LED Bar contr\u00f4l\u00e9s par application, combinant un contr\u00f4le pr\u00e9cis avec l'efficacit\u00e9 \u00e9nerg\u00e9tique.  Votre cl\u00e9 pour l'\u00e9clairage sur mesure des reptiles et l'avancement du bien-\u00eatre animal.'<\/span><span data-ccp-props=\"{}\">\u00a0<\/span><\/p><p><span data-contrast=\"auto\">Arcadia Reptile a toujours eu \u00e0 c\u0153ur de faire progresser le bien-\u00eatre des animaux. Nos valeurs fondamentales sont directement li\u00e9es \u00e0 l'am\u00e9lioration des normes de soins et \u00e0 la possibilit\u00e9 d'\u00e9lever des animaux sans pr\u00e9judice, de mani\u00e8re efficace et \u00e9thique. La recr\u00e9ation sauvage et le naturalisme sont au c\u0153ur de ces valeurs.<\/span><span data-ccp-props=\"{}\">\u00a0<\/span><\/p><p><span data-contrast=\"auto\">Les animaux ont \u00e9volu\u00e9 lentement au fil du temps pour puiser dans les ressources qui les entourent tout ce dont ils ont besoin pour prosp\u00e9rer. L'\u00e9nergie du soleil, qui est le fournisseur de toute vie, est au c\u0153ur de cette \u00e9volution.<\/span><span data-ccp-props=\"{}\">\u00a0<\/span><\/p>\t\t\t\t\t\t\t\t<\/div>\n\t\t\t\t<\/div>\n\t\t\t\t<\/div>\n\t\t\t\t\t<\/div>\n\t\t\t\t<\/div>\n\t\t<div class=\"elementor-element elementor-element-9b05df7 e-con-full e-flex e-con e-parent\" data-id=\"9b05df7\" data-element_type=\"container\" data-e-type=\"container\" data-settings=\"{&quot;background_background&quot;:&quot;classic&quot;}\">\n\t\t<div class=\"elementor-element elementor-element-36384b6 e-flex e-con-boxed e-con e-child\" data-id=\"36384b6\" data-element_type=\"container\" data-e-type=\"container\" data-settings=\"{&quot;background_background&quot;:&quot;gradient&quot;}\">\n\t\t\t\t\t<div class=\"e-con-inner\">\n\t\t\t\t<div class=\"elementor-element elementor-element-c1dcd4d elementor-widget__width-initial elementor-widget-mobile__width-inherit elementor-invisible elementor-widget elementor-widget-text-editor\" data-id=\"c1dcd4d\" data-element_type=\"widget\" data-e-type=\"widget\" data-settings=\"{&quot;_animation&quot;:&quot;fadeInUp&quot;}\" data-widget_type=\"text-editor.default\">\n\t\t\t\t<div class=\"elementor-widget-container\">\n\t\t\t\t\t\t\t\t\t<p><span data-contrast=\"auto\">La toute nouvelle gamme LumenIZE de barres ProT5 et JungleDawn-LED a fait l'objet d'une refonte totale dont chaque aspect a \u00e9t\u00e9 con\u00e7u pour accro\u00eetre le bien-\u00eatre, am\u00e9liorer l'interaction avec l'utilisateur, permettre un choix de contr\u00f4le, augmenter les niveaux de s\u00e9curit\u00e9 et r\u00e9duire les co\u00fbts d'exploitation.<\/span><span data-ccp-props=\"{}\">\u00a0<br \/><br \/><\/span><\/p><p><span data-contrast=\"auto\">Souhaitez-vous avoir 4 heures d'aube progressive, 4 heures de midi et 4 heures de coucher de soleil ? LumenIZE r\u00e9alise cela en toute simplicit\u00e9. Si vous d\u00e9sirez ajouter une touche de saisonnalit\u00e9 pour faciliter l'\u00e9levage, LumenIZE peut le faire, et bien plus encore.<\/span><span data-ccp-props=\"{}\">\u00a0<\/span><\/p><p><span data-contrast=\"auto\">Le contr\u00f4le offert par LumenIZE utilise une gradation fluide plut\u00f4t que des paliers, permettant ainsi d'ajuster la puissance en douceur, sans sauts brusques.<\/span><span data-ccp-props=\"{}\">\u00a0<br \/><br \/><\/span><\/p><p><span data-contrast=\"auto\">Lumen\" = quantit\u00e9 ou unit\u00e9 de lumi\u00e8re visible.<\/span><span data-ccp-props=\"{}\">\u00a0<\/span><\/p><p><span data-contrast=\"auto\">Int\u00e9gr\u00e9\" = toute la technologie est int\u00e9gr\u00e9e et ne comporte aucun \u00e9l\u00e9ment suppl\u00e9mentaire.<\/span><span data-ccp-props=\"{}\">\u00a0<\/span><\/p><p><span data-contrast=\"auto\">Zoologique\" = L'\u00e9tude et la d\u00e9tention d'animaux de mani\u00e8re professionnelle et dans le respect du bien-\u00eatre.<\/span><span data-ccp-props=\"{}\">\u00a0<\/span><\/p><p><span data-contrast=\"auto\">Environnementologie\" = \u00e9tude et reproduction d'habitats et d'environnements naturels.<\/span><span data-ccp-props=\"{}\">\u00a0<\/span><\/p><p><span data-ccp-props=\"{}\">\u00a0<\/span><\/p>\t\t\t\t\t\t\t\t<\/div>\n\t\t\t\t<\/div>\n\t\t\t\t\t<\/div>\n\t\t\t\t<\/div>\n\t\t\t\t<\/div>\n\t\t<div class=\"elementor-element elementor-element-16bc947 e-flex e-con-boxed e-con e-parent\" data-id=\"16bc947\" data-element_type=\"container\" data-e-type=\"container\" data-settings=\"{&quot;background_background&quot;:&quot;classic&quot;}\">\n\t\t\t\t\t<div class=\"e-con-inner\">\n\t\t\t\t<div class=\"elementor-element elementor-element-ee74e0e elementor-invisible elementor-widget elementor-widget-text-editor\" data-id=\"ee74e0e\" data-element_type=\"widget\" data-e-type=\"widget\" data-settings=\"{&quot;_animation&quot;:&quot;fadeInUp&quot;}\" data-widget_type=\"text-editor.default\">\n\t\t\t\t<div class=\"elementor-widget-container\">\n\t\t\t\t\t\t\t\t\t<h2><span style=\"font-size: 14pt;\"><b>Qu'est-ce qui distingue LumenIZE des autres kits de LED contr\u00f4lables pour aquariums ?<\/b>\u00a0<\/span><\/h2><p><span data-contrast=\"auto\">Oui, les syst\u00e8mes de LED contr\u00f4lables existent depuis longtemps dans le domaine de l'aquariophilie. Ces syst\u00e8mes ont tendance \u00e0 \u00eatre excessivement co\u00fbteux, \u00e0 utiliser des diodes de diff\u00e9rentes couleurs, \u00e0 cr\u00e9er des motifs lumineux stri\u00e9s et \u00e0 offrir un faible potentiel PAR. Les syst\u00e8mes LumenIZE d'Arcadia Reptile se diff\u00e9rencient consid\u00e9rablement des \u00e9clairages con\u00e7us pour une utilisation dans l'eau. Tout d'abord, LumenIZE permet le contr\u00f4le des lampes produisant des UV-B. C'est la premi\u00e8re fois que nous avons la capacit\u00e9 de contr\u00f4ler ces lampes produisant des UV-B. Pour la premi\u00e8re fois, nous pouvons g\u00e9rer la photop\u00e9riode et l'unit\u00e9 de quantit\u00e9 d'\u00e9nergie gr\u00e2ce \u00e0 une gradation progressive. Cela permet aux aquariophiles de fournir des niveaux d'\u00e9nergie similaires \u00e0 ceux du soleil, de mani\u00e8re naturelle et semblable au soleil. LumenIZE permet \u00e9galement de contr\u00f4ler la barre LumenIZE JungleDawn-LED.<\/span><span data-ccp-props=\"{}\">\u00a0<\/span><\/p>\t\t\t\t\t\t\t\t<\/div>\n\t\t\t\t<\/div>\n\t\t\t\t<div class=\"elementor-element elementor-element-8c21b0f elementor-widget__width-initial elementor-widget-mobile__width-inherit elementor-invisible elementor-widget elementor-widget-text-editor\" data-id=\"8c21b0f\" data-element_type=\"widget\" data-e-type=\"widget\" data-settings=\"{&quot;_animation&quot;:&quot;fadeInLeft&quot;}\" data-widget_type=\"text-editor.default\">\n\t\t\t\t<div class=\"elementor-widget-container\">\n\t\t\t\t\t\t\t\t\t<p><strong>En ce qui concerne les barres LED ProT5 et JungleDawn, si vous souhaitez obtenir des cycles de lever et de coucher de soleil similaires \u00e0 ceux de la nature pour les lampes UV-B et la barre LED JungleDawn, LumenIZE est la solution id\u00e9ale.<\/strong><\/p><p><span data-contrast=\"auto\">Les lampes UV d'Arcadia Reptile sont produites avec les normes de qualit\u00e9 les plus strictes, ce qui leur vaut la confiance des gardiens et des professionnels du monde entier. Cependant, il existait un probl\u00e8me majeur : le contr\u00f4le. Il n'\u00e9tait pas encore disponible de m\u00e9thode de contr\u00f4le facile \u00e0 utiliser, abordable et fiable pour les lampes \u00e9mettant des UV. La gradation en douceur, du lever au coucher, \u00e9tait un luxe accessible \u00e0 un nombre restreint de personnes \u00e0 un co\u00fbt \u00e9lev\u00e9.<\/span><span data-ccp-props=\"{}\">\u00a0<\/span><\/p><p><span data-contrast=\"auto\">Le principal inconv\u00e9nient de la technologie existante r\u00e9side dans le fait que presque tous les animaux passent instantan\u00e9ment de la \"nuit\" aux niveaux solaires de midi d\u00e8s que les minuteries sont activ\u00e9es chaque jour, puis retournent brusquement dans l'obscurit\u00e9 lorsque les minuteries s'\u00e9teignent, sans aucune transition naturelle ni avertissement. C'\u00e9tait la meilleure option disponible jusqu'\u00e0 pr\u00e9sent, mais elle n'\u00e9tait pas suffisante.<\/span><\/p>\t\t\t\t\t\t\t\t<\/div>\n\t\t\t\t<\/div>\n\t\t\t\t<div class=\"elementor-element elementor-element-7d25ef5 elementor-widget__width-initial elementor-widget-mobile__width-inherit elementor-invisible elementor-widget elementor-widget-image\" data-id=\"7d25ef5\" data-element_type=\"widget\" data-e-type=\"widget\" data-settings=\"{&quot;_animation&quot;:&quot;fadeInRight&quot;}\" data-widget_type=\"image.default\">\n\t\t\t\t<div class=\"elementor-widget-container\">\n\t\t\t\t\t\t\t\t\t\t\t\t<figure class=\"wp-caption\">\n\t\t\t\t\t\t\t\t\t\t<img decoding=\"async\" width=\"768\" height=\"424\" src=\"https:\/\/arcadialumenize.com\/wp-content\/uploads\/2023\/10\/Lighting-_-Heating-100_-1-scaled-e1699957396917-768x424.webp\" class=\"attachment-medium_large size-medium_large wp-image-123\" alt=\"Basic Timings Standard\" srcset=\"https:\/\/arcadialumenize.com\/wp-content\/uploads\/2023\/10\/Lighting-_-Heating-100_-1-scaled-e1699957396917-768x424.webp 768w, https:\/\/arcadialumenize.com\/wp-content\/uploads\/2023\/10\/Lighting-_-Heating-100_-1-scaled-e1699957396917-300x165.webp 300w, https:\/\/arcadialumenize.com\/wp-content\/uploads\/2023\/10\/Lighting-_-Heating-100_-1-scaled-e1699957396917-1024x565.webp 1024w, https:\/\/arcadialumenize.com\/wp-content\/uploads\/2023\/10\/Lighting-_-Heating-100_-1-scaled-e1699957396917-1536x847.webp 1536w, https:\/\/arcadialumenize.com\/wp-content\/uploads\/2023\/10\/Lighting-_-Heating-100_-1-scaled-e1699957396917-2048x1130.webp 2048w\" sizes=\"(max-width: 768px) 100vw, 768px\" \/>\t\t\t\t\t\t\t\t\t\t\t<figcaption class=\"widget-image-caption wp-caption-text\">Cycle quotidien standard<\/figcaption>\n\t\t\t\t\t\t\t\t\t\t<\/figure>\n\t\t\t\t\t\t\t\t\t<\/div>\n\t\t\t\t<\/div>\n\t\t\t\t<div class=\"elementor-element elementor-element-12d9242 elementor-widget__width-inherit elementor-invisible elementor-widget elementor-widget-text-editor\" data-id=\"12d9242\" data-element_type=\"widget\" data-e-type=\"widget\" data-settings=\"{&quot;_animation&quot;:&quot;fadeInUp&quot;}\" data-widget_type=\"text-editor.default\">\n\t\t\t\t<div class=\"elementor-widget-container\">\n\t\t\t\t\t\t\t\t\t<p><span data-contrast=\"auto\">Arcadia Reptile pr\u00e9sente 'LumenIZE', un syst\u00e8me d'\u00e9clairage intelligent contr\u00f4l\u00e9 par une application, qui vous permet d'am\u00e9liorer le bien-\u00eatre des animaux en leur offrant des cycles d'\u00e9clairage de plus en plus naturels.<\/span><\/p><p class=\"translation-block\">Tous les produits LumenIZE sont d\u00e9sormais conformes \u00e0 la norme IP65 de r\u00e9sistance \u00e0 l'eau, ce qui signifie que les barres LumenIZE ProT5 et JungleDawn-LED peuvent \u00eatre utilis\u00e9es en toute s\u00e9curit\u00e9 dans des environnements humides ou au-dessus d'eux. Nous avons \u00e9galement con\u00e7u un tout nouveau syst\u00e8me de changement de lampe T5 'easy change' qui facilite le remplacement des lampes, r\u00e9duit les dommages accidentels et n'a pas de m\u00e9canisme de verrouillage rotatif. Consultez la section 'changement de lampe' pour plus d'informations.<\/p>\t\t\t\t\t\t\t\t<\/div>\n\t\t\t\t<\/div>\n\t\t\t\t<div class=\"elementor-element elementor-element-125337e elementor-widget__width-initial elementor-widget-mobile__width-inherit elementor-invisible elementor-widget elementor-widget-image\" data-id=\"125337e\" data-element_type=\"widget\" data-e-type=\"widget\" data-settings=\"{&quot;_animation&quot;:&quot;fadeInLeft&quot;}\" data-widget_type=\"image.default\">\n\t\t\t\t<div class=\"elementor-widget-container\">\n\t\t\t\t\t\t\t\t\t\t\t\t<figure class=\"wp-caption\">\n\t\t\t\t\t\t\t\t\t\t<img decoding=\"async\" width=\"768\" height=\"429\" src=\"https:\/\/arcadialumenize.com\/wp-content\/uploads\/2023\/10\/Lumenize-Basic-Timings-Transparent-Background-scaled-e1699957349304-768x429.webp\" class=\"attachment-medium_large size-medium_large wp-image-122\" alt=\"ProT5 LED Bar Basic Timings\" srcset=\"https:\/\/arcadialumenize.com\/wp-content\/uploads\/2023\/10\/Lumenize-Basic-Timings-Transparent-Background-scaled-e1699957349304-768x429.webp 768w, https:\/\/arcadialumenize.com\/wp-content\/uploads\/2023\/10\/Lumenize-Basic-Timings-Transparent-Background-scaled-e1699957349304-300x167.webp 300w, https:\/\/arcadialumenize.com\/wp-content\/uploads\/2023\/10\/Lumenize-Basic-Timings-Transparent-Background-scaled-e1699957349304-1024x572.webp 1024w, https:\/\/arcadialumenize.com\/wp-content\/uploads\/2023\/10\/Lumenize-Basic-Timings-Transparent-Background-scaled-e1699957349304-1536x857.webp 1536w, https:\/\/arcadialumenize.com\/wp-content\/uploads\/2023\/10\/Lumenize-Basic-Timings-Transparent-Background-scaled-e1699957349304-2048x1143.webp 2048w\" sizes=\"(max-width: 768px) 100vw, 768px\" \/>\t\t\t\t\t\t\t\t\t\t\t<figcaption class=\"widget-image-caption wp-caption-text\">Cycle quotidien LumenIZE<\/figcaption>\n\t\t\t\t\t\t\t\t\t\t<\/figure>\n\t\t\t\t\t\t\t\t\t<\/div>\n\t\t\t\t<\/div>\n\t\t\t\t<div class=\"elementor-element elementor-element-89bd5e1 elementor-widget__width-initial elementor-widget-mobile__width-inherit elementor-invisible elementor-widget elementor-widget-text-editor\" data-id=\"89bd5e1\" data-element_type=\"widget\" data-e-type=\"widget\" data-settings=\"{&quot;_animation&quot;:&quot;fadeInRight&quot;}\" data-widget_type=\"text-editor.default\">\n\t\t\t\t<div class=\"elementor-widget-container\">\n\t\t\t\t\t\t\t\t\t<p class=\"translation-block\">De plus, LumenIZE dispose d'une m\u00e9moire int\u00e9gr\u00e9e ! Chaque barre conserve en m\u00e9moire vos param\u00e8tres gr\u00e2ce \u00e0 une batterie interne rempla\u00e7able (voir la section 'changer ma batterie'). En cas de coupure de courant, la lampe s'\u00e9teint, mais la m\u00e9moire de la lampe reste active. Lorsque l'alimentation \u00e9lectrique est r\u00e9tablie, la lampe s'allume exactement au pourcentage de puissance et \u00e0 l'heure programm\u00e9e.<\/p><p><span data-contrast=\"auto\">Les kits LumenIZE connect\u00e9s \u00e0 l'application LumenIZE peuvent \u00eatre s\u00e9curis\u00e9s par un mot de passe, si vous choisissez de l'activer. Cela peut aider \u00e0 \u00e9viter toute modification non autoris\u00e9e de vos param\u00e8tres par des visiteurs bien intentionn\u00e9s.<\/span><span data-ccp-props=\"{}\">\u00a0<\/span><\/p>\t\t\t\t\t\t\t\t<\/div>\n\t\t\t\t<\/div>\n\t\t\t\t\t<\/div>\n\t\t\t\t<\/div>\n\t\t\t\t<\/div>","protected":false},"excerpt":{"rendered":"<p>WHat Is LumenIZE? \u2018Unlock the Power of LumenIZE\u2122\u2014Arcadia Reptile introduces the first app-controlled T5 UV-B and JungleDawn LED Bar systems, combining precise control with energy efficiency.\u202f Your key to bespoke reptile lighting and advancing animal welfare.\u2019\u202f\u00a0 Arcadia Reptile has always had ever-expanding animal welfare at its heart. Our driving values are linked directly to improving [&hellip;]<\/p>\n","protected":false},"author":1,"featured_media":0,"parent":0,"menu_order":0,"comment_status":"closed","ping_status":"closed","template":"elementor_header_footer","meta":{"_analytify_skip_tracking":false,"footnotes":""},"class_list":["post-104","page","type-page","status-publish","hentry"],"featured_image_src":null,"featured_image_src_square":null,"_links":{"self":[{"href":"https:\/\/arcadialumenize.com\/fr\/wp-json\/wp\/v2\/pages\/104","targetHints":{"allow":["GET"]}}],"collection":[{"href":"https:\/\/arcadialumenize.com\/fr\/wp-json\/wp\/v2\/pages"}],"about":[{"href":"https:\/\/arcadialumenize.com\/fr\/wp-json\/wp\/v2\/types\/page"}],"author":[{"embeddable":true,"href":"https:\/\/arcadialumenize.com\/fr\/wp-json\/wp\/v2\/users\/1"}],"replies":[{"embeddable":true,"href":"https:\/\/arcadialumenize.com\/fr\/wp-json\/wp\/v2\/comments?post=104"}],"version-history":[{"count":0,"href":"https:\/\/arcadialumenize.com\/fr\/wp-json\/wp\/v2\/pages\/104\/revisions"}],"wp:attachment":[{"href":"https:\/\/arcadialumenize.com\/fr\/wp-json\/wp\/v2\/media?parent=104"}],"curies":[{"name":"wp","href":"https:\/\/api.w.org\/{rel}","templated":true}]}}