{"id":125,"date":"2023-10-26T22:01:27","date_gmt":"2023-10-26T22:01:27","guid":{"rendered":"https:\/\/www.arcadialumenize.com\/?page_id=125"},"modified":"2023-11-30T14:46:55","modified_gmt":"2023-11-30T14:46:55","slug":"the-app","status":"publish","type":"page","link":"https:\/\/arcadialumenize.com\/es\/the-app\/","title":{"rendered":"La aplicaci\u00f3n"},"content":{"rendered":"<div data-elementor-type=\"wp-page\" data-elementor-id=\"125\" class=\"elementor elementor-125\" data-elementor-post-type=\"page\">\n\t\t\t\t<div class=\"elementor-element elementor-element-9bf57b1 e-con-full e-flex e-con e-parent\" data-id=\"9bf57b1\" data-element_type=\"container\" data-e-type=\"container\" data-settings=\"{&quot;background_background&quot;:&quot;classic&quot;}\">\n\t\t<div class=\"elementor-element elementor-element-06fcf0a e-con-full e-flex e-con e-child\" data-id=\"06fcf0a\" data-element_type=\"container\" data-e-type=\"container\" data-settings=\"{&quot;background_background&quot;:&quot;video&quot;,&quot;background_video_link&quot;:&quot;https:\\\/\\\/www.arcadialumenize.com\\\/wp-content\\\/uploads\\\/2023\\\/11\\\/App-Website-Header.mp4&quot;,&quot;background_video_start&quot;:0}\">\n\t\t<div class=\"elementor-background-video-container elementor-hidden-mobile\">\n\t\t\t\t\t\t\t<video class=\"elementor-background-video-hosted\" role=\"presentation\" autoplay muted playsinline loop><\/video>\n\t\t\t\t\t<\/div>\t\t<\/div>\n\t\t\t\t<\/div>\n\t\t<div class=\"elementor-element elementor-element-f627b55 e-con-full e-flex e-con e-parent\" data-id=\"f627b55\" data-element_type=\"container\" data-e-type=\"container\" data-settings=\"{&quot;background_background&quot;:&quot;classic&quot;}\">\n\t\t<div class=\"elementor-element elementor-element-96aa67e e-flex e-con-boxed e-con e-child\" data-id=\"96aa67e\" data-element_type=\"container\" data-e-type=\"container\">\n\t\t\t\t\t<div class=\"e-con-inner\">\n\t\t\t\t<div class=\"elementor-element elementor-element-52ddab0 elementor-widget__width-initial elementor-widget-mobile__width-inherit elementor-invisible elementor-widget elementor-widget-video\" data-id=\"52ddab0\" data-element_type=\"widget\" data-e-type=\"widget\" data-settings=\"{&quot;youtube_url&quot;:&quot;https:\\\/\\\/youtu.be\\\/XCs_fE8Bm4U?si=lS2H-dz7P6ly064g&quot;,&quot;_animation&quot;:&quot;fadeInLeft&quot;,&quot;video_type&quot;:&quot;youtube&quot;,&quot;controls&quot;:&quot;yes&quot;}\" data-widget_type=\"video.default\">\n\t\t\t\t<div class=\"elementor-widget-container\">\n\t\t\t\t\t\t\t<div class=\"elementor-wrapper elementor-open-inline\">\n\t\t\t<div class=\"elementor-video\"><\/div>\t\t<\/div>\n\t\t\t\t\t\t<\/div>\n\t\t\t\t<\/div>\n\t\t<div class=\"elementor-element elementor-element-ba5eb5a e-con-full e-flex e-con e-child\" data-id=\"ba5eb5a\" data-element_type=\"container\" data-e-type=\"container\">\n\t\t\t\t<div class=\"elementor-element elementor-element-c3cfc5b elementor-widget elementor-widget-heading\" data-id=\"c3cfc5b\" data-element_type=\"widget\" data-e-type=\"widget\" data-widget_type=\"heading.default\">\n\t\t\t\t<div class=\"elementor-widget-container\">\n\t\t\t\t\t<h1 class=\"elementor-heading-title elementor-size-default\">LumenIZE App<\/h1>\t\t\t\t<\/div>\n\t\t\t\t<\/div>\n\t\t\t\t<div class=\"elementor-element elementor-element-93dcb26 elementor-widget__width-initial elementor-widget-mobile__width-inherit elementor-invisible elementor-widget elementor-widget-text-editor\" data-id=\"93dcb26\" data-element_type=\"widget\" data-e-type=\"widget\" data-settings=\"{&quot;_animation&quot;:&quot;fadeInRight&quot;}\" data-widget_type=\"text-editor.default\">\n\t\t\t\t<div class=\"elementor-widget-container\">\n\t\t\t\t\t\t\t\t\t<p><span lang=\"EN-GB\" xml:lang=\"EN-GB\" data-contrast=\"auto\">Las L\u00e1mparas ProT5 y JungleDawn-Led Bar habilitadas para LumenIZE de Arcadia Reptile tienen la integraci\u00f3n en el n\u00facleo. Utilizan una conexi\u00f3n Bluetooth entre cada l\u00e1mpara y el dispositivo habilitado para la aplicaci\u00f3n para almacenar informaci\u00f3n programada dentro de cada l\u00e1mpara. De esta forma, cada l\u00e1mpara puede tener su propio nombre y apoyar su propio programa. No requieren de una conexi\u00f3n WIFI para funcionar ya que las l\u00e1mparas almacenan el programa dentro de ellas, y adem\u00e1s est\u00e1n respaldadas por una peque\u00f1a bater\u00eda. La bater\u00eda conservar\u00e1 el programa y los relojes funcionando en caso de que se produzca una interrupci\u00f3n de la energ\u00eda.<\/span>\u00a0<\/p>\t\t\t\t\t\t\t\t<\/div>\n\t\t\t\t<\/div>\n\t\t\t\t<\/div>\n\t\t\t\t\t<\/div>\n\t\t\t\t<\/div>\n\t\t<div class=\"elementor-element elementor-element-2e7d702 e-flex e-con-boxed e-con e-child\" data-id=\"2e7d702\" data-element_type=\"container\" data-e-type=\"container\">\n\t\t\t\t\t<div class=\"e-con-inner\">\n\t\t\t\t<div class=\"elementor-element elementor-element-0e6e6f8 elementor-widget-mobile__width-inherit elementor-invisible elementor-widget elementor-widget-image\" data-id=\"0e6e6f8\" data-element_type=\"widget\" data-e-type=\"widget\" data-settings=\"{&quot;_animation&quot;:&quot;fadeIn&quot;}\" data-widget_type=\"image.default\">\n\t\t\t\t<div class=\"elementor-widget-container\">\n\t\t\t\t\t\t\t\t\t\t\t\t\t\t\t<img fetchpriority=\"high\" decoding=\"async\" width=\"800\" height=\"514\" src=\"https:\/\/arcadialumenize.com\/wp-content\/uploads\/2023\/11\/Lumenize-phone-app-for-website1-1024x658.webp\" class=\"attachment-large size-large wp-image-213\" alt=\"New Phone Graphic\" srcset=\"https:\/\/arcadialumenize.com\/wp-content\/uploads\/2023\/11\/Lumenize-phone-app-for-website1-1024x658.webp 1024w, https:\/\/arcadialumenize.com\/wp-content\/uploads\/2023\/11\/Lumenize-phone-app-for-website1-300x193.webp 300w, https:\/\/arcadialumenize.com\/wp-content\/uploads\/2023\/11\/Lumenize-phone-app-for-website1-768x493.webp 768w, https:\/\/arcadialumenize.com\/wp-content\/uploads\/2023\/11\/Lumenize-phone-app-for-website1-1536x986.webp 1536w, https:\/\/arcadialumenize.com\/wp-content\/uploads\/2023\/11\/Lumenize-phone-app-for-website1-2048x1315.webp 2048w\" sizes=\"(max-width: 800px) 100vw, 800px\" \/>\t\t\t\t\t\t\t\t\t\t\t\t\t\t\t<\/div>\n\t\t\t\t<\/div>\n\t\t\t\t\t<\/div>\n\t\t\t\t<\/div>\n\t\t\t\t<\/div>\n\t\t<div class=\"elementor-element elementor-element-64dc918 e-flex e-con-boxed e-con e-parent\" data-id=\"64dc918\" data-element_type=\"container\" data-e-type=\"container\" data-settings=\"{&quot;background_background&quot;:&quot;classic&quot;}\">\n\t\t\t\t\t<div class=\"e-con-inner\">\n\t\t\t\t<div class=\"elementor-element elementor-element-6e2b457 elementor-invisible elementor-widget elementor-widget-text-editor\" data-id=\"6e2b457\" data-element_type=\"widget\" data-e-type=\"widget\" data-settings=\"{&quot;_animation&quot;:&quot;fadeInUp&quot;}\" data-widget_type=\"text-editor.default\">\n\t\t\t\t<div class=\"elementor-widget-container\">\n\t\t\t\t\t\t\t\t\t<p>La aplicaci\u00f3n LumenIZE f\u00e1cil de usar permite controlar de manera precisa hasta 50 l\u00e1mparas diferentes, cada una con su propio nombre y ciclo de iluminaci\u00f3n. Los datos de LumenIZE se almacenan dentro de la propia l\u00e1mpara y utilizan una se\u00f1al Bluetooth entre su tel\u00e9fono y la l\u00e1mpara. Esto evita cualquier dependencia de las redes WIFI y se\u00f1ales m\u00f3viles. Al no guardar los datos de l\u00e1mpara en su tel\u00e9fono sino dentro de la l\u00e1mpara que est\u00e1 ejecutando el programa no hay posibilidad de interferencia si cambia su tel\u00e9fono, se corta el internet o tiene interferencia de terceros.<\/p>\t\t\t\t\t\t\t\t<\/div>\n\t\t\t\t<\/div>\n\t\t<div class=\"elementor-element elementor-element-cefec98 e-con-full e-flex e-con e-child\" data-id=\"cefec98\" data-element_type=\"container\" data-e-type=\"container\">\n\t\t\t\t<div class=\"elementor-element elementor-element-bd91523 elementor-widget__width-initial elementor-invisible elementor-widget elementor-widget-text-editor\" data-id=\"bd91523\" data-element_type=\"widget\" data-e-type=\"widget\" data-settings=\"{&quot;_animation&quot;:&quot;fadeInLeft&quot;}\" data-widget_type=\"text-editor.default\">\n\t\t\t\t<div class=\"elementor-widget-container\">\n\t\t\t\t\t\t\t\t\t<p>Las l\u00e1mparas controladas por la aplicaci\u00f3n LumenIZE puede REDUCIR el promedio de energ\u00eda consumido por l\u00e1mpara en un 30%. S\u00ed, ejecutar un programa b\u00e1sico de amanecer con un mediod\u00eda de 4 horas ahorrar\u00e1 energ\u00eda. Para quienes tienen muchas l\u00e1mparas, esto puede significar un gran ahorro, reduciendo las emisiones de Co2 y aumentando el bienestar al reducir los factores de estr\u00e9s y detener este sistema de \u2018encendido a m\u00e1xima potencia\/ apagado en un instante\u2019 que hemos tenido.<\/p>\t\t\t\t\t\t\t\t<\/div>\n\t\t\t\t<\/div>\n\t\t\t\t<div class=\"elementor-element elementor-element-f5494f0 elementor-hidden-desktop elementor-hidden-tablet elementor-widget elementor-widget-image\" data-id=\"f5494f0\" data-element_type=\"widget\" data-e-type=\"widget\" data-widget_type=\"image.default\">\n\t\t\t\t<div class=\"elementor-widget-container\">\n\t\t\t\t\t\t\t\t\t\t\t\t\t\t\t<img decoding=\"async\" width=\"800\" height=\"1008\" src=\"https:\/\/arcadialumenize.com\/wp-content\/uploads\/2023\/11\/Save-30-BG-813x1024.webp\" class=\"attachment-large size-large wp-image-214\" alt=\"Save 30% Graphic\" srcset=\"https:\/\/arcadialumenize.com\/wp-content\/uploads\/2023\/11\/Save-30-BG-813x1024.webp 813w, https:\/\/arcadialumenize.com\/wp-content\/uploads\/2023\/11\/Save-30-BG-238x300.webp 238w, https:\/\/arcadialumenize.com\/wp-content\/uploads\/2023\/11\/Save-30-BG-768x967.webp 768w, https:\/\/arcadialumenize.com\/wp-content\/uploads\/2023\/11\/Save-30-BG-1220x1536.webp 1220w, https:\/\/arcadialumenize.com\/wp-content\/uploads\/2023\/11\/Save-30-BG-1627x2048.webp 1627w, https:\/\/arcadialumenize.com\/wp-content\/uploads\/2023\/11\/Save-30-BG-scaled.webp 2034w\" sizes=\"(max-width: 800px) 100vw, 800px\" \/>\t\t\t\t\t\t\t\t\t\t\t\t\t\t\t<\/div>\n\t\t\t\t<\/div>\n\t\t\t\t<div class=\"elementor-element elementor-element-96eceb3 elementor-invisible elementor-widget elementor-widget-heading\" data-id=\"96eceb3\" data-element_type=\"widget\" data-e-type=\"widget\" data-settings=\"{&quot;_animation&quot;:&quot;fadeInUp&quot;}\" data-widget_type=\"heading.default\">\n\t\t\t\t<div class=\"elementor-widget-container\">\n\t\t\t\t\t<h2 class=\"elementor-heading-title elementor-size-default\">\u00bfPuede utilizar las l\u00e1mparas sin la aplicaci\u00f3n?<\/h2>\t\t\t\t<\/div>\n\t\t\t\t<\/div>\n\t\t\t\t<div class=\"elementor-element elementor-element-d15a152 elementor-invisible elementor-widget elementor-widget-text-editor\" data-id=\"d15a152\" data-element_type=\"widget\" data-e-type=\"widget\" data-settings=\"{&quot;_animation&quot;:&quot;fadeInUp&quot;}\" data-widget_type=\"text-editor.default\">\n\t\t\t\t<div class=\"elementor-widget-container\">\n\t\t\t\t\t\t\t\t\t<p><span data-contrast=\"auto\">Controlar manualmente cada l\u00e1mpara dentro de aplicaci\u00f3n LumenIZE es muy f\u00e1cil. Simplemente aseg\u00farese de presionar el bot\u00f3n junto al deslizador para mostrar la \u2018posici\u00f3n de apagado\u2019. Esto significa que el programa automatizado est\u00e1 \u2018apagado\u2019 y que tiene el control manual. Esto le permite ajustar manualmente las l\u00e1mparas seg\u00fan sus deseos. Sin embargo, debe presionar el bot\u00f3n a la derecha del deslizador manual en la posici\u00f3n de \u2018encendido\u2019 para ejecutar el programa automatizado de su preferencia.<\/span><span data-ccp-props=\"{}\">\u00a0<\/span><\/p><p><span data-contrast=\"auto\">Si en cualquier momento se pierde el control manual, por favor pulse el bot\u00f3n \u2018prueba de potencia total\u2019 3 veces y espere. Generalmente, esto se debe a una se\u00f1al d\u00e9bil del Bluetooth o que la l\u00e1mpara ya est\u00e1 en mitad del proceso y no se puede interrumpir. El control manual regresa cuando este proceso se ha completado. Esto ocurre generalmente dentro de los 2 minutos de cambiar de \u2018programa encendido\u2019 a \u2018programa apagado\u2019<\/span><span data-ccp-props=\"{}\">\u00a0<\/span><\/p>\t\t\t\t\t\t\t\t<\/div>\n\t\t\t\t<\/div>\n\t\t\t\t<\/div>\n\t\t<div class=\"elementor-element elementor-element-437c546 e-con-full e-flex elementor-invisible e-con e-child\" data-id=\"437c546\" data-element_type=\"container\" data-e-type=\"container\" data-settings=\"{&quot;animation&quot;:&quot;fadeInRight&quot;}\">\n\t\t\t\t<div class=\"elementor-element elementor-element-576161c elementor-hidden-mobile elementor-widget elementor-widget-image\" data-id=\"576161c\" data-element_type=\"widget\" data-e-type=\"widget\" data-widget_type=\"image.default\">\n\t\t\t\t<div class=\"elementor-widget-container\">\n\t\t\t\t\t\t\t\t\t\t\t\t\t\t\t<img decoding=\"async\" width=\"800\" height=\"1008\" src=\"https:\/\/arcadialumenize.com\/wp-content\/uploads\/2023\/11\/Save-30-BG-813x1024.webp\" class=\"attachment-large size-large wp-image-214\" alt=\"Save 30% Graphic\" srcset=\"https:\/\/arcadialumenize.com\/wp-content\/uploads\/2023\/11\/Save-30-BG-813x1024.webp 813w, https:\/\/arcadialumenize.com\/wp-content\/uploads\/2023\/11\/Save-30-BG-238x300.webp 238w, https:\/\/arcadialumenize.com\/wp-content\/uploads\/2023\/11\/Save-30-BG-768x967.webp 768w, https:\/\/arcadialumenize.com\/wp-content\/uploads\/2023\/11\/Save-30-BG-1220x1536.webp 1220w, https:\/\/arcadialumenize.com\/wp-content\/uploads\/2023\/11\/Save-30-BG-1627x2048.webp 1627w, https:\/\/arcadialumenize.com\/wp-content\/uploads\/2023\/11\/Save-30-BG-scaled.webp 2034w\" sizes=\"(max-width: 800px) 100vw, 800px\" \/>\t\t\t\t\t\t\t\t\t\t\t\t\t\t\t<\/div>\n\t\t\t\t<\/div>\n\t\t\t\t<div class=\"elementor-element elementor-element-98662f5 elementor-widget__width-inherit elementor-widget-mobile__width-inherit elementor-widget elementor-widget-video\" data-id=\"98662f5\" data-element_type=\"widget\" data-e-type=\"widget\" data-settings=\"{&quot;video_type&quot;:&quot;hosted&quot;,&quot;controls&quot;:&quot;yes&quot;}\" data-widget_type=\"video.default\">\n\t\t\t\t<div class=\"elementor-widget-container\">\n\t\t\t\t\t\t\t<div class=\"e-hosted-video elementor-wrapper elementor-open-inline\">\n\t\t\t\t\t<video class=\"elementor-video\" src=\"https:\/\/www.arcadialumenize.com\/wp-content\/uploads\/2023\/11\/App-Video-For-Website.mp4\" controls=\"\" preload=\"metadata\" controlslist=\"nodownload\"><\/video>\n\t\t\t\t<\/div>\n\t\t\t\t\t\t<\/div>\n\t\t\t\t<\/div>\n\t\t\t\t<\/div>\n\t\t\t\t\t<\/div>\n\t\t\t\t<\/div>\n\t\t\t\t<\/div>","protected":false},"excerpt":{"rendered":"<p>LumenIZE App Arcadia Reptile LumenIZE\u00ae enabled ProT5 and JungleDawn-Led Bars have integration at their core. They use a bespoke Bluetooth connection between each lamp and your app-enabled device to store programmed information within each lamp. In this way, each lamp can be named and support its own programme.\u202f They do not require a WIFI connection [&hellip;]<\/p>\n","protected":false},"author":1,"featured_media":0,"parent":0,"menu_order":0,"comment_status":"closed","ping_status":"closed","template":"elementor_header_footer","meta":{"_analytify_skip_tracking":false,"footnotes":""},"class_list":["post-125","page","type-page","status-publish","hentry"],"featured_image_src":null,"featured_image_src_square":null,"_links":{"self":[{"href":"https:\/\/arcadialumenize.com\/es\/wp-json\/wp\/v2\/pages\/125","targetHints":{"allow":["GET"]}}],"collection":[{"href":"https:\/\/arcadialumenize.com\/es\/wp-json\/wp\/v2\/pages"}],"about":[{"href":"https:\/\/arcadialumenize.com\/es\/wp-json\/wp\/v2\/types\/page"}],"author":[{"embeddable":true,"href":"https:\/\/arcadialumenize.com\/es\/wp-json\/wp\/v2\/users\/1"}],"replies":[{"embeddable":true,"href":"https:\/\/arcadialumenize.com\/es\/wp-json\/wp\/v2\/comments?post=125"}],"version-history":[{"count":0,"href":"https:\/\/arcadialumenize.com\/es\/wp-json\/wp\/v2\/pages\/125\/revisions"}],"wp:attachment":[{"href":"https:\/\/arcadialumenize.com\/es\/wp-json\/wp\/v2\/media?parent=125"}],"curies":[{"name":"wp","href":"https:\/\/api.w.org\/{rel}","templated":true}]}}