{"id":104,"date":"2023-10-26T16:05:58","date_gmt":"2023-10-26T16:05:58","guid":{"rendered":"https:\/\/www.arcadialumenize.com\/?page_id=104"},"modified":"2023-11-30T14:37:02","modified_gmt":"2023-11-30T14:37:02","slug":"what-is-lumenize","status":"publish","type":"page","link":"https:\/\/arcadialumenize.com\/es\/what-is-lumenize\/","title":{"rendered":"What is LumenIZE?"},"content":{"rendered":"<div data-elementor-type=\"wp-page\" data-elementor-id=\"104\" class=\"elementor elementor-104\" data-elementor-post-type=\"page\">\n\t\t\t\t<div class=\"elementor-element elementor-element-4dbc0e4 e-flex e-con-boxed e-con e-parent\" data-id=\"4dbc0e4\" data-element_type=\"container\" data-e-type=\"container\" data-settings=\"{&quot;background_background&quot;:&quot;classic&quot;}\">\n\t\t\t\t\t<div class=\"e-con-inner\">\n\t\t\t\t<div class=\"elementor-element elementor-element-4e18382 elementor-widget elementor-widget-image\" data-id=\"4e18382\" data-element_type=\"widget\" data-e-type=\"widget\" data-widget_type=\"image.default\">\n\t\t\t\t<div class=\"elementor-widget-container\">\n\t\t\t\t\t\t\t\t\t\t\t\t\t\t\t<img fetchpriority=\"high\" decoding=\"async\" width=\"1800\" height=\"180\" src=\"https:\/\/arcadialumenize.com\/wp-content\/uploads\/2023\/10\/ezgif.com-optimize.gif\" class=\"attachment-full size-full wp-image-112\" alt=\"LumenIZE Graphic Gif\" \/>\t\t\t\t\t\t\t\t\t\t\t\t\t\t\t<\/div>\n\t\t\t\t<\/div>\n\t\t\t\t\t<\/div>\n\t\t\t\t<\/div>\n\t\t<div class=\"elementor-element elementor-element-d1ad775 e-flex e-con-boxed e-con e-parent\" data-id=\"d1ad775\" data-element_type=\"container\" data-e-type=\"container\" data-settings=\"{&quot;background_background&quot;:&quot;classic&quot;}\">\n\t\t\t\t\t<div class=\"e-con-inner\">\n\t\t<div class=\"elementor-element elementor-element-4cf9925 e-con-full e-flex elementor-invisible e-con e-child\" data-id=\"4cf9925\" data-element_type=\"container\" data-e-type=\"container\" data-settings=\"{&quot;animation&quot;:&quot;fadeInLeft&quot;}\">\n\t\t\t\t<div class=\"elementor-element elementor-element-3e05bb4 elementor-skin-carousel elementor-pagination-type-bullets elementor-pagination-position-outside elementor-widget elementor-widget-media-carousel\" data-id=\"3e05bb4\" data-element_type=\"widget\" data-e-type=\"widget\" data-settings=\"{&quot;slides_per_view&quot;:&quot;1&quot;,&quot;slides_to_scroll&quot;:&quot;1&quot;,&quot;skin&quot;:&quot;carousel&quot;,&quot;effect&quot;:&quot;slide&quot;,&quot;pagination&quot;:&quot;bullets&quot;,&quot;speed&quot;:500,&quot;autoplay&quot;:&quot;yes&quot;,&quot;autoplay_speed&quot;:5000,&quot;loop&quot;:&quot;yes&quot;,&quot;pause_on_hover&quot;:&quot;yes&quot;,&quot;pause_on_interaction&quot;:&quot;yes&quot;,&quot;space_between&quot;:{&quot;unit&quot;:&quot;px&quot;,&quot;size&quot;:10,&quot;sizes&quot;:[]},&quot;space_between_tablet&quot;:{&quot;unit&quot;:&quot;px&quot;,&quot;size&quot;:10,&quot;sizes&quot;:[]},&quot;space_between_mobile&quot;:{&quot;unit&quot;:&quot;px&quot;,&quot;size&quot;:10,&quot;sizes&quot;:[]}}\" data-widget_type=\"media-carousel.default\">\n\t\t\t\t<div class=\"elementor-widget-container\">\n\t\t\t\t\t\t\t\t\t<div class=\"elementor-swiper\">\n\t\t\t\t\t<div class=\"elementor-main-swiper swiper\" role=\"region\" aria-roledescription=\"carousel\" aria-label=\"Slides\">\n\t\t\t\t<div class=\"swiper-wrapper\">\n\t\t\t\t\t\t\t\t\t\t\t<div class=\"swiper-slide\" role=\"group\" aria-roledescription=\"slide\">\n\t\t\t\t\t\t\t\t\t<div class=\"elementor-carousel-image\" role=\"img\" aria-label=\"ProT5 and JungleDawn LED Bars Range\" style=\"background-image: url(&#039;https:\/\/arcadialumenize.com\/wp-content\/uploads\/2023\/10\/All-Bars-Black-BG-1024x892.webp&#039;)\">\n\n\t\t\t\n\t\t\t\t\t<\/div>\n\t\t\t\t\t\t\t\t<\/div>\n\t\t\t\t\t\t\t\t\t<\/div>\n\t\t\t\t\t\t\t<\/div>\n\t\t\t\t<\/div>\n\t\t\t\t\t\t\t\t<\/div>\n\t\t\t\t<\/div>\n\t\t\t\t<\/div>\n\t\t<div class=\"elementor-element elementor-element-8a5bcfb e-con-full e-flex elementor-invisible e-con e-child\" data-id=\"8a5bcfb\" data-element_type=\"container\" data-e-type=\"container\" data-settings=\"{&quot;animation&quot;:&quot;fadeInRight&quot;}\">\n\t\t\t\t<div class=\"elementor-element elementor-element-d199528 elementor-widget elementor-widget-heading\" data-id=\"d199528\" data-element_type=\"widget\" data-e-type=\"widget\" data-widget_type=\"heading.default\">\n\t\t\t\t<div class=\"elementor-widget-container\">\n\t\t\t\t\t<h1 class=\"elementor-heading-title elementor-size-default\">WHat Is LumenIZE?<\/h1>\t\t\t\t<\/div>\n\t\t\t\t<\/div>\n\t\t\t\t<div class=\"elementor-element elementor-element-3b93388 elementor-widget elementor-widget-text-editor\" data-id=\"3b93388\" data-element_type=\"widget\" data-e-type=\"widget\" data-widget_type=\"text-editor.default\">\n\t\t\t\t<div class=\"elementor-widget-container\">\n\t\t\t\t\t\t\t\t\t<p><span data-contrast=\"auto\">'Desbloquee el poder de LumenIZE\u2122\u2014Arcadia Reptile presenta los primeros sistemas T5 UV-B y JungleDawn-LED Bar controlados mediante una aplicaci\u00f3n, que combina un control preciso con eficiencia energ\u00e9tica.  La clave para una iluminaci\u00f3n de reptiles a medida y la mejora del bienestar del animal.\u2019<\/span><span data-ccp-props=\"{}\">\u00a0<\/span><\/p><p><span data-contrast=\"auto\">Arcadia Reptile siempre ha tenido como objetivo central el bienestar del animal. Los valores que nos impulsan est\u00e1n directamente vinculados a mejorar los est\u00e1ndares del cuidado y permitir a los animales en cautiverio vivir sin perjuicios de manera efectiva y \u00e9tica. La recreaci\u00f3n salvaje y el naturalismo son claves para estos valores.<\/span><span data-ccp-props=\"{}\">\u00a0<\/span><\/p><p><span data-contrast=\"auto\">Los animales han cambiado lentamente con el tiempo para tomar todo lo que necesitan para prosperar de los proveedores que les rodean. El n\u00facleo de esto es la energ\u00eda solar, que es el proveedor de toda la vida.<\/span><span data-ccp-props=\"{}\">\u00a0<\/span><\/p>\t\t\t\t\t\t\t\t<\/div>\n\t\t\t\t<\/div>\n\t\t\t\t<\/div>\n\t\t\t\t\t<\/div>\n\t\t\t\t<\/div>\n\t\t<div class=\"elementor-element elementor-element-9b05df7 e-con-full e-flex e-con e-parent\" data-id=\"9b05df7\" data-element_type=\"container\" data-e-type=\"container\" data-settings=\"{&quot;background_background&quot;:&quot;classic&quot;}\">\n\t\t<div class=\"elementor-element elementor-element-36384b6 e-flex e-con-boxed e-con e-child\" data-id=\"36384b6\" data-element_type=\"container\" data-e-type=\"container\" data-settings=\"{&quot;background_background&quot;:&quot;gradient&quot;}\">\n\t\t\t\t\t<div class=\"e-con-inner\">\n\t\t\t\t<div class=\"elementor-element elementor-element-c1dcd4d elementor-widget__width-initial elementor-widget-mobile__width-inherit elementor-invisible elementor-widget elementor-widget-text-editor\" data-id=\"c1dcd4d\" data-element_type=\"widget\" data-e-type=\"widget\" data-settings=\"{&quot;_animation&quot;:&quot;fadeInUp&quot;}\" data-widget_type=\"text-editor.default\">\n\t\t\t\t<div class=\"elementor-widget-container\">\n\t\t\t\t\t\t\t\t\t<p><span data-contrast=\"auto\">Las nuevas gamas de ProT5 y JungleDawn-LED Bars LumenIZE se han sometido a una remodelaci\u00f3n total donde cada aspecto ha sido dise\u00f1ado para aumentar el bienestar, mejorar la interacci\u00f3n del usuario, permitir el control, aumentar los niveles de seguridad y reducir los costos de funcionamiento.<\/span><span data-ccp-props=\"{}\">\u00a0<br \/><br \/><\/span><\/p><p><span data-contrast=\"auto\">\u00bfQuiere un amanecer graduado de 4 horas, un medio d\u00eda de 4 horas y una puesta de sol de 4 horas? LumenIZE lo hace f\u00e1cilmente. \u00bfQuiere agregar un toque de estacionalidad para ayudar con la reproducci\u00f3n? LumenIZE hace esto y mucho m\u00e1s.<\/span><span data-ccp-props=\"{}\">\u00a0<\/span><\/p><p><span data-contrast=\"auto\">El control LumenIZE utiliza una atenuaci\u00f3n fluida en lugar de por pasos, lo que significa que la salida se puede ajustar suavemente en lugar en realizar saltos escalonados.<\/span><span data-ccp-props=\"{}\">\u00a0<br \/><br \/><\/span><\/p><p><span data-contrast=\"auto\">\u2018Lumen\u2019 = una cantidad o unidad de luz visible.<\/span><span data-ccp-props=\"{}\">\u00a0<\/span><\/p><p><span data-contrast=\"auto\">\u2018Integrado\u2019 = toda la tecnolog\u00eda incorporada y sin accesorios adicionales<\/span><span data-ccp-props=\"{}\">\u00a0<\/span><\/p><p><span data-contrast=\"auto\">\u2018Zool\u00f3gico\u2019 = el estudio y la cr\u00eda de animales de una forma profesional y de alto bienestar.<\/span><span data-ccp-props=\"{}\">\u00a0<\/span><\/p><p><span data-contrast=\"auto\">\u2018Ambientolog\u00eda\u2019 = El estudio y la r\u00e9plica de los h\u00e1bitats y entornos naturales.<\/span><span data-ccp-props=\"{}\">\u00a0<\/span><\/p><p><span data-ccp-props=\"{}\">\u00a0<\/span><\/p>\t\t\t\t\t\t\t\t<\/div>\n\t\t\t\t<\/div>\n\t\t\t\t\t<\/div>\n\t\t\t\t<\/div>\n\t\t\t\t<\/div>\n\t\t<div class=\"elementor-element elementor-element-16bc947 e-flex e-con-boxed e-con e-parent\" data-id=\"16bc947\" data-element_type=\"container\" data-e-type=\"container\" data-settings=\"{&quot;background_background&quot;:&quot;classic&quot;}\">\n\t\t\t\t\t<div class=\"e-con-inner\">\n\t\t\t\t<div class=\"elementor-element elementor-element-ee74e0e elementor-invisible elementor-widget elementor-widget-text-editor\" data-id=\"ee74e0e\" data-element_type=\"widget\" data-e-type=\"widget\" data-settings=\"{&quot;_animation&quot;:&quot;fadeInUp&quot;}\" data-widget_type=\"text-editor.default\">\n\t\t\t\t<div class=\"elementor-widget-container\">\n\t\t\t\t\t\t\t\t\t<h2><span style=\"font-size: 14pt;\"><b>\u00bfQu\u00e9 hace que LumenIZE sea diferente a algunos kits de LED controlables fabricados para los acuarios?<\/b>\u00a0<\/span><\/h2><p><span data-contrast=\"auto\">S\u00ed, la afici\u00f3n a los acuarios cuenta con sistemas LED controlables desde hace bastante tiempo. Estos suelen ser prohibitivamente caros, utilizan diodos de muchos colores, producen patrones de luz rayados y tiene un PAR potencial bajo. Los sistemas LumenIZE de Arcadia Reptile difieren en gran medida de la iluminaci\u00f3n dise\u00f1ada para ser utilizada en el agua. En primer lugar, LumenIZE controla las l\u00e1mparas productoras de UV-B. Por primera vez, podemos controlar el fotoperiodo y unidad de cantidad de energ\u00eda a trav\u00e9s de la atenuaci\u00f3n. Esto permite a los cuidadores proporcionar niveles de energ\u00eda similares al sol de una manera natural. LumenIZE tambi\u00e9n permite controlar la JungleDawn-LED Bar con LumenIZE.<\/span><span data-ccp-props=\"{}\">\u00a0<\/span><\/p>\t\t\t\t\t\t\t\t<\/div>\n\t\t\t\t<\/div>\n\t\t\t\t<div class=\"elementor-element elementor-element-8c21b0f elementor-widget__width-initial elementor-widget-mobile__width-inherit elementor-invisible elementor-widget elementor-widget-text-editor\" data-id=\"8c21b0f\" data-element_type=\"widget\" data-e-type=\"widget\" data-settings=\"{&quot;_animation&quot;:&quot;fadeInLeft&quot;}\" data-widget_type=\"text-editor.default\">\n\t\t\t\t<div class=\"elementor-widget-container\">\n\t\t\t\t\t\t\t\t\t<p><strong>\u00bfQuiere proporcionar ciclos de amanecer y atardecer similares a la naturaleza para las l\u00e1mparas UV-B y la JungleDawn-LED Bar? \u00a1Con LumenIZE PUEDE HACERLO!<\/strong><\/p><p><span data-contrast=\"auto\">Las l\u00e1mparas Ultravioleta de Arcadia Reptile son fabricadas bajo los m\u00e1s altos est\u00e1ndares y cuentan con la confianza de cuidadores y profesionales en todo el mundo. Sin embargo, sigue existiendo un problema, \u00a1el control! Todav\u00eda no existe un m\u00e9todo f\u00e1cil de usar, asequible y confiable para controlar las l\u00e1mparas productoras de UV. En efecto, las l\u00e1mparas de atenuaci\u00f3n desde el amanecer hasta el atardecer solo han estado disponibles para unos pocos y a un precio alto.<\/span><span data-ccp-props=\"{}\">\u00a0<\/span><\/p><p><span data-contrast=\"auto\">El principal problema con la tecnolog\u00eda existente es que en casi todos los casos los animales pasan de la \u2018noche\u2019 a los valores plenos del sol del mediod\u00eda en cuesti\u00f3n de momentos, despu\u00e9s que los temporizadores se encienden cada d\u00eda y luego se sumergen en la oscuridad cuando los temporizadores se apagan sin ninguna graduaci\u00f3n natural o advertencia.  Esto era lo mejor que pod\u00edamos hacer, \u00a1pero no es lo suficientemente bueno!<\/span><\/p>\t\t\t\t\t\t\t\t<\/div>\n\t\t\t\t<\/div>\n\t\t\t\t<div class=\"elementor-element elementor-element-7d25ef5 elementor-widget__width-initial elementor-widget-mobile__width-inherit elementor-invisible elementor-widget elementor-widget-image\" data-id=\"7d25ef5\" data-element_type=\"widget\" data-e-type=\"widget\" data-settings=\"{&quot;_animation&quot;:&quot;fadeInRight&quot;}\" data-widget_type=\"image.default\">\n\t\t\t\t<div class=\"elementor-widget-container\">\n\t\t\t\t\t\t\t\t\t\t\t\t<figure class=\"wp-caption\">\n\t\t\t\t\t\t\t\t\t\t<img decoding=\"async\" width=\"768\" height=\"424\" src=\"https:\/\/arcadialumenize.com\/wp-content\/uploads\/2023\/10\/Lighting-_-Heating-100_-1-scaled-e1699957396917-768x424.webp\" class=\"attachment-medium_large size-medium_large wp-image-123\" alt=\"Basic Timings Standard\" srcset=\"https:\/\/arcadialumenize.com\/wp-content\/uploads\/2023\/10\/Lighting-_-Heating-100_-1-scaled-e1699957396917-768x424.webp 768w, https:\/\/arcadialumenize.com\/wp-content\/uploads\/2023\/10\/Lighting-_-Heating-100_-1-scaled-e1699957396917-300x165.webp 300w, https:\/\/arcadialumenize.com\/wp-content\/uploads\/2023\/10\/Lighting-_-Heating-100_-1-scaled-e1699957396917-1024x565.webp 1024w, https:\/\/arcadialumenize.com\/wp-content\/uploads\/2023\/10\/Lighting-_-Heating-100_-1-scaled-e1699957396917-1536x847.webp 1536w, https:\/\/arcadialumenize.com\/wp-content\/uploads\/2023\/10\/Lighting-_-Heating-100_-1-scaled-e1699957396917-2048x1130.webp 2048w\" sizes=\"(max-width: 768px) 100vw, 768px\" \/>\t\t\t\t\t\t\t\t\t\t\t<figcaption class=\"widget-image-caption wp-caption-text\">Ciclo diario est\u00e1ndar<\/figcaption>\n\t\t\t\t\t\t\t\t\t\t<\/figure>\n\t\t\t\t\t\t\t\t\t<\/div>\n\t\t\t\t<\/div>\n\t\t\t\t<div class=\"elementor-element elementor-element-12d9242 elementor-widget__width-inherit elementor-invisible elementor-widget elementor-widget-text-editor\" data-id=\"12d9242\" data-element_type=\"widget\" data-e-type=\"widget\" data-settings=\"{&quot;_animation&quot;:&quot;fadeInUp&quot;}\" data-widget_type=\"text-editor.default\">\n\t\t\t\t<div class=\"elementor-widget-container\">\n\t\t\t\t\t\t\t\t\t<p><span data-contrast=\"auto\">Presentamos la Aplicaci\u00f3n \u2018LumenIZE\u2019 de Arcadia Reptile que le permite controlar los sistemas de iluminaci\u00f3n inteligentes para aumentar el bienestar del animal al brindarle una iluminaci\u00f3n m\u00e1s natural.<\/span><\/p><p class=\"translation-block\">Todos los productos LumenIZE han sido actualizados con el est\u00e1ndar IP65 de resistencia al agua, lo que significa que LumenIZE ProT5 y JungleDawn-LED Bar se pueden utilizar de manera segura en ambientes h\u00famedos. Incluso hemos dise\u00f1ado un sistema de l\u00e1mpara T5 \u2018f\u00e1cil de cambiar\u2019 que facilita el cambio de la l\u00e1mpara, reduce los da\u00f1os accidentales a la l\u00e1mpara y no tiene un mecanismo \u2018rotar para bloquear\u2019. Consulte la secci\u00f3n de \u2018cambio de l\u00e1mpara\u2019 para obtener m\u00e1s informaci\u00f3n.<\/p>\t\t\t\t\t\t\t\t<\/div>\n\t\t\t\t<\/div>\n\t\t\t\t<div class=\"elementor-element elementor-element-125337e elementor-widget__width-initial elementor-widget-mobile__width-inherit elementor-invisible elementor-widget elementor-widget-image\" data-id=\"125337e\" data-element_type=\"widget\" data-e-type=\"widget\" data-settings=\"{&quot;_animation&quot;:&quot;fadeInLeft&quot;}\" data-widget_type=\"image.default\">\n\t\t\t\t<div class=\"elementor-widget-container\">\n\t\t\t\t\t\t\t\t\t\t\t\t<figure class=\"wp-caption\">\n\t\t\t\t\t\t\t\t\t\t<img decoding=\"async\" width=\"768\" height=\"429\" src=\"https:\/\/arcadialumenize.com\/wp-content\/uploads\/2023\/10\/Lumenize-Basic-Timings-Transparent-Background-scaled-e1699957349304-768x429.webp\" class=\"attachment-medium_large size-medium_large wp-image-122\" alt=\"ProT5 LED Bar Basic Timings\" srcset=\"https:\/\/arcadialumenize.com\/wp-content\/uploads\/2023\/10\/Lumenize-Basic-Timings-Transparent-Background-scaled-e1699957349304-768x429.webp 768w, https:\/\/arcadialumenize.com\/wp-content\/uploads\/2023\/10\/Lumenize-Basic-Timings-Transparent-Background-scaled-e1699957349304-300x167.webp 300w, https:\/\/arcadialumenize.com\/wp-content\/uploads\/2023\/10\/Lumenize-Basic-Timings-Transparent-Background-scaled-e1699957349304-1024x572.webp 1024w, https:\/\/arcadialumenize.com\/wp-content\/uploads\/2023\/10\/Lumenize-Basic-Timings-Transparent-Background-scaled-e1699957349304-1536x857.webp 1536w, https:\/\/arcadialumenize.com\/wp-content\/uploads\/2023\/10\/Lumenize-Basic-Timings-Transparent-Background-scaled-e1699957349304-2048x1143.webp 2048w\" sizes=\"(max-width: 768px) 100vw, 768px\" \/>\t\t\t\t\t\t\t\t\t\t\t<figcaption class=\"widget-image-caption wp-caption-text\">Ciclo diario LumenIZE<\/figcaption>\n\t\t\t\t\t\t\t\t\t\t<\/figure>\n\t\t\t\t\t\t\t\t\t<\/div>\n\t\t\t\t<\/div>\n\t\t\t\t<div class=\"elementor-element elementor-element-89bd5e1 elementor-widget__width-initial elementor-widget-mobile__width-inherit elementor-invisible elementor-widget elementor-widget-text-editor\" data-id=\"89bd5e1\" data-element_type=\"widget\" data-e-type=\"widget\" data-settings=\"{&quot;_animation&quot;:&quot;fadeInRight&quot;}\" data-widget_type=\"text-editor.default\">\n\t\t\t\t<div class=\"elementor-widget-container\">\n\t\t\t\t\t\t\t\t\t<p class=\"translation-block\">\u00a1LumenIZE tiene una memoria! S\u00ed, tiene una memoria incorporada en cada barra que est\u00e1 respaldada por una bater\u00eda interna reemplazable (ver la secci\u00f3n \u2018cambiar mi bater\u00eda\u2019). En caso de un fallo de energ\u00eda, la l\u00e1mpara se apagar\u00e1 pero la memoria de la l\u00e1mpara seguir\u00e1 funcionando. Cuando la energ\u00eda se restablezca la l\u00e1mpara se iluminar\u00e1 en el % de salida y tiempo exacto.<\/p><p><span data-contrast=\"auto\">Los kit LumenIZE que est\u00e1n conectados a trav\u00e9s de la aplicaci\u00f3n LumenIZE pueden tener una contrase\u00f1a de protecci\u00f3n si decide utilizarla. Esto puede ayudar a evitar que visitantes no autorizados \u2018retoquen\u2019 su configuraci\u00f3n.<\/span><span data-ccp-props=\"{}\">\u00a0<\/span><\/p>\t\t\t\t\t\t\t\t<\/div>\n\t\t\t\t<\/div>\n\t\t\t\t\t<\/div>\n\t\t\t\t<\/div>\n\t\t\t\t<\/div>","protected":false},"excerpt":{"rendered":"<p>WHat Is LumenIZE? \u2018Unlock the Power of LumenIZE\u2122\u2014Arcadia Reptile introduces the first app-controlled T5 UV-B and JungleDawn LED Bar systems, combining precise control with energy efficiency.\u202f Your key to bespoke reptile lighting and advancing animal welfare.\u2019\u202f\u00a0 Arcadia Reptile has always had ever-expanding animal welfare at its heart. Our driving values are linked directly to improving [&hellip;]<\/p>\n","protected":false},"author":1,"featured_media":0,"parent":0,"menu_order":0,"comment_status":"closed","ping_status":"closed","template":"elementor_header_footer","meta":{"_analytify_skip_tracking":false,"footnotes":""},"class_list":["post-104","page","type-page","status-publish","hentry"],"featured_image_src":null,"featured_image_src_square":null,"_links":{"self":[{"href":"https:\/\/arcadialumenize.com\/es\/wp-json\/wp\/v2\/pages\/104","targetHints":{"allow":["GET"]}}],"collection":[{"href":"https:\/\/arcadialumenize.com\/es\/wp-json\/wp\/v2\/pages"}],"about":[{"href":"https:\/\/arcadialumenize.com\/es\/wp-json\/wp\/v2\/types\/page"}],"author":[{"embeddable":true,"href":"https:\/\/arcadialumenize.com\/es\/wp-json\/wp\/v2\/users\/1"}],"replies":[{"embeddable":true,"href":"https:\/\/arcadialumenize.com\/es\/wp-json\/wp\/v2\/comments?post=104"}],"version-history":[{"count":0,"href":"https:\/\/arcadialumenize.com\/es\/wp-json\/wp\/v2\/pages\/104\/revisions"}],"wp:attachment":[{"href":"https:\/\/arcadialumenize.com\/es\/wp-json\/wp\/v2\/media?parent=104"}],"curies":[{"name":"wp","href":"https:\/\/api.w.org\/{rel}","templated":true}]}}