{"id":395,"date":"2023-11-21T13:45:23","date_gmt":"2023-11-21T13:45:23","guid":{"rendered":"https:\/\/www.arcadialumenize.com\/?page_id=395"},"modified":"2023-11-29T22:09:07","modified_gmt":"2023-11-29T22:09:07","slug":"bsl","status":"publish","type":"page","link":"https:\/\/arcadialumenize.com\/de\/bsl\/","title":{"rendered":"BSL"},"content":{"rendered":"<div data-elementor-type=\"wp-page\" data-elementor-id=\"395\" class=\"elementor elementor-395\" data-elementor-post-type=\"page\">\n\t\t\t\t<div class=\"elementor-element elementor-element-f42df12 e-flex e-con-boxed e-con e-parent\" data-id=\"f42df12\" data-element_type=\"container\" data-e-type=\"container\">\n\t\t\t\t\t<div class=\"e-con-inner\">\n\t\t\t\t<div class=\"elementor-element elementor-element-06caf08 elementor-widget__width-initial elementor-invisible elementor-widget elementor-widget-text-editor\" data-id=\"06caf08\" data-element_type=\"widget\" data-e-type=\"widget\" data-settings=\"{&quot;_animation&quot;:&quot;fadeInLeft&quot;}\" data-widget_type=\"text-editor.default\">\n\t\t\t\t<div class=\"elementor-widget-container\">\n\t\t\t\t\t\t\t\t\t<!DOCTYPE html>\n<html>\n<head>\n    <style>\n        body {\n            font-family: 'Roboto', sans-serif;\n            color: white;\n            background-color: black; \/* Assuming a dark background for white text *\/\n        }\n        h1 {\n            font-family: 'Din Alternate', sans-serif;\n            font-size: 40px;\n            font-weight: 600;\n            color: #e60d7b;\n        }\n        p {\n            font-weight: 400;\n            font-size: 18px;\n        }\n    <\/style>\n<\/head>\n<body>\n    <h1>BSL<\/h1>\n    <p>Als Marke und Hobby ist es entscheidend, dass wir immer versuchen, inklusiver zu sein. Auf diese Weise integrieren wir mehr Aspekte des Hobbys und tragen durch eine bessere Bereitstellung von Bildungs- und Informationsvideos zur Verbesserung des Tierschutzes bei. Wir f\u00fchlen uns geehrt, die h\u00f6rgesch\u00e4digte Gemeinschaft unterst\u00fctzen zu k\u00f6nnen, indem wir versprechen, Versionen unserer Bildungs- und Produktinformationsvideos in britischer Geb\u00e4rdensprache anzubieten. Die britische Geb\u00e4rdensprache oder 'BSL' ist eine wunderbare, grundlegende Form des britischen Englisch und kann an den meisten lokalen Bildungseinrichtungen erlernt werden. Wir erkennen auch an, dass es hunderte andere Formen von Geb\u00e4rdensprachen auf der ganzen Welt gibt. Als britische Marke haben wir mit BSL als unserer Hauptsprache begonnen. Wir w\u00fcrden uns nat\u00fcrlich freuen, zu einem beliebigen Zeitpunkt ASL usw. einzubeziehen, wenn die M\u00f6glichkeit dazu besteht.<\/p>\n    <p>Wir k\u00f6nnen nur unsere Nutzer ermutigen, sich zunehmend der H\u00f6reinschr\u00e4nkungen bewusst zu werden und dar\u00fcber nachzudenken, einige grundlegende Zeichen zu erlernen, die f\u00fcr ihre eigene lokale Form dieser \u00e4u\u00dferst kreativen und recht sch\u00f6nen Kommunikationsform relevant sind.<\/p>\n<\/body>\n<\/html>\n\t\t\t\t\t\t\t\t<\/div>\n\t\t\t\t<\/div>\n\t\t\t\t<div class=\"elementor-element elementor-element-d5ce77d elementor-widget__width-initial elementor-invisible elementor-widget elementor-widget-video\" data-id=\"d5ce77d\" data-element_type=\"widget\" data-e-type=\"widget\" data-settings=\"{&quot;youtube_url&quot;:&quot;https:\\\/\\\/youtu.be\\\/vGMqw6t7DNg&quot;,&quot;_animation&quot;:&quot;fadeInRight&quot;,&quot;video_type&quot;:&quot;youtube&quot;,&quot;controls&quot;:&quot;yes&quot;}\" data-widget_type=\"video.default\">\n\t\t\t\t<div class=\"elementor-widget-container\">\n\t\t\t\t\t\t\t<div class=\"elementor-wrapper elementor-open-inline\">\n\t\t\t<div class=\"elementor-video\"><\/div>\t\t<\/div>\n\t\t\t\t\t\t<\/div>\n\t\t\t\t<\/div>\n\t\t\t\t<div class=\"elementor-element elementor-element-ecb65b5 elementor-widget__width-inherit elementor-invisible elementor-widget elementor-widget-image\" data-id=\"ecb65b5\" data-element_type=\"widget\" data-e-type=\"widget\" data-settings=\"{&quot;_animation&quot;:&quot;fadeIn&quot;}\" data-widget_type=\"image.default\">\n\t\t\t\t<div class=\"elementor-widget-container\">\n\t\t\t\t\t\t\t\t\t\t\t\t\t\t\t<img fetchpriority=\"high\" decoding=\"async\" width=\"1165\" height=\"827\" src=\"https:\/\/arcadialumenize.com\/wp-content\/uploads\/2023\/11\/BSL-Fingerspelling-Chart.webp\" class=\"attachment-1536x1536 size-1536x1536 wp-image-396\" alt=\"BSL-Fingerspelling-Chart\" srcset=\"https:\/\/arcadialumenize.com\/wp-content\/uploads\/2023\/11\/BSL-Fingerspelling-Chart.webp 1165w, https:\/\/arcadialumenize.com\/wp-content\/uploads\/2023\/11\/BSL-Fingerspelling-Chart-300x213.webp 300w, https:\/\/arcadialumenize.com\/wp-content\/uploads\/2023\/11\/BSL-Fingerspelling-Chart-1024x727.webp 1024w, https:\/\/arcadialumenize.com\/wp-content\/uploads\/2023\/11\/BSL-Fingerspelling-Chart-768x545.webp 768w, https:\/\/arcadialumenize.com\/wp-content\/uploads\/2023\/11\/BSL-Fingerspelling-Chart-18x12.webp 18w\" sizes=\"(max-width: 1165px) 100vw, 1165px\" \/>\t\t\t\t\t\t\t\t\t\t\t\t\t\t\t<\/div>\n\t\t\t\t<\/div>\n\t\t\t\t\t<\/div>\n\t\t\t\t<\/div>\n\t\t\t\t<\/div>","protected":false},"excerpt":{"rendered":"<p>BSL As a brand and a hobby it is vital that we always try to be more inclusive, in this way we include more of the hobby and help to increase animal welfare through the better delivery of educational and informative videos. We are honoured to be able to support the hearing impaired community with [&hellip;]<\/p>\n","protected":false},"author":1,"featured_media":0,"parent":0,"menu_order":0,"comment_status":"closed","ping_status":"closed","template":"","meta":{"_analytify_skip_tracking":false,"footnotes":""},"class_list":["post-395","page","type-page","status-publish","hentry"],"featured_image_src":null,"featured_image_src_square":null,"_links":{"self":[{"href":"https:\/\/arcadialumenize.com\/de\/wp-json\/wp\/v2\/pages\/395","targetHints":{"allow":["GET"]}}],"collection":[{"href":"https:\/\/arcadialumenize.com\/de\/wp-json\/wp\/v2\/pages"}],"about":[{"href":"https:\/\/arcadialumenize.com\/de\/wp-json\/wp\/v2\/types\/page"}],"author":[{"embeddable":true,"href":"https:\/\/arcadialumenize.com\/de\/wp-json\/wp\/v2\/users\/1"}],"replies":[{"embeddable":true,"href":"https:\/\/arcadialumenize.com\/de\/wp-json\/wp\/v2\/comments?post=395"}],"version-history":[{"count":0,"href":"https:\/\/arcadialumenize.com\/de\/wp-json\/wp\/v2\/pages\/395\/revisions"}],"wp:attachment":[{"href":"https:\/\/arcadialumenize.com\/de\/wp-json\/wp\/v2\/media?parent=395"}],"curies":[{"name":"wp","href":"https:\/\/api.w.org\/{rel}","templated":true}]}}