{"id":104,"date":"2023-10-26T16:05:58","date_gmt":"2023-10-26T16:05:58","guid":{"rendered":"https:\/\/www.arcadialumenize.com\/?page_id=104"},"modified":"2023-11-30T14:37:02","modified_gmt":"2023-11-30T14:37:02","slug":"what-is-lumenize","status":"publish","type":"page","link":"https:\/\/arcadialumenize.com\/de\/what-is-lumenize\/","title":{"rendered":"What is LumenIZE?"},"content":{"rendered":"<div data-elementor-type=\"wp-page\" data-elementor-id=\"104\" class=\"elementor elementor-104\" data-elementor-post-type=\"page\">\n\t\t\t\t<div class=\"elementor-element elementor-element-4dbc0e4 e-flex e-con-boxed e-con e-parent\" data-id=\"4dbc0e4\" data-element_type=\"container\" data-e-type=\"container\" data-settings=\"{&quot;background_background&quot;:&quot;classic&quot;}\">\n\t\t\t\t\t<div class=\"e-con-inner\">\n\t\t\t\t<div class=\"elementor-element elementor-element-4e18382 elementor-widget elementor-widget-image\" data-id=\"4e18382\" data-element_type=\"widget\" data-e-type=\"widget\" data-widget_type=\"image.default\">\n\t\t\t\t<div class=\"elementor-widget-container\">\n\t\t\t\t\t\t\t\t\t\t\t\t\t\t\t<img fetchpriority=\"high\" decoding=\"async\" width=\"1800\" height=\"180\" src=\"https:\/\/arcadialumenize.com\/wp-content\/uploads\/2023\/10\/ezgif.com-optimize.gif\" class=\"attachment-full size-full wp-image-112\" alt=\"LumenIZE Graphic Gif\" \/>\t\t\t\t\t\t\t\t\t\t\t\t\t\t\t<\/div>\n\t\t\t\t<\/div>\n\t\t\t\t\t<\/div>\n\t\t\t\t<\/div>\n\t\t<div class=\"elementor-element elementor-element-d1ad775 e-flex e-con-boxed e-con e-parent\" data-id=\"d1ad775\" data-element_type=\"container\" data-e-type=\"container\" data-settings=\"{&quot;background_background&quot;:&quot;classic&quot;}\">\n\t\t\t\t\t<div class=\"e-con-inner\">\n\t\t<div class=\"elementor-element elementor-element-4cf9925 e-con-full e-flex elementor-invisible e-con e-child\" data-id=\"4cf9925\" data-element_type=\"container\" data-e-type=\"container\" data-settings=\"{&quot;animation&quot;:&quot;fadeInLeft&quot;}\">\n\t\t\t\t<div class=\"elementor-element elementor-element-3e05bb4 elementor-skin-carousel elementor-pagination-type-bullets elementor-pagination-position-outside elementor-widget elementor-widget-media-carousel\" data-id=\"3e05bb4\" data-element_type=\"widget\" data-e-type=\"widget\" data-settings=\"{&quot;slides_per_view&quot;:&quot;1&quot;,&quot;slides_to_scroll&quot;:&quot;1&quot;,&quot;skin&quot;:&quot;carousel&quot;,&quot;effect&quot;:&quot;slide&quot;,&quot;pagination&quot;:&quot;bullets&quot;,&quot;speed&quot;:500,&quot;autoplay&quot;:&quot;yes&quot;,&quot;autoplay_speed&quot;:5000,&quot;loop&quot;:&quot;yes&quot;,&quot;pause_on_hover&quot;:&quot;yes&quot;,&quot;pause_on_interaction&quot;:&quot;yes&quot;,&quot;space_between&quot;:{&quot;unit&quot;:&quot;px&quot;,&quot;size&quot;:10,&quot;sizes&quot;:[]},&quot;space_between_tablet&quot;:{&quot;unit&quot;:&quot;px&quot;,&quot;size&quot;:10,&quot;sizes&quot;:[]},&quot;space_between_mobile&quot;:{&quot;unit&quot;:&quot;px&quot;,&quot;size&quot;:10,&quot;sizes&quot;:[]}}\" data-widget_type=\"media-carousel.default\">\n\t\t\t\t<div class=\"elementor-widget-container\">\n\t\t\t\t\t\t\t\t\t<div class=\"elementor-swiper\">\n\t\t\t\t\t<div class=\"elementor-main-swiper swiper\" role=\"region\" aria-roledescription=\"carousel\" aria-label=\"Slides\">\n\t\t\t\t<div class=\"swiper-wrapper\">\n\t\t\t\t\t\t\t\t\t\t\t<div class=\"swiper-slide\" role=\"group\" aria-roledescription=\"slide\">\n\t\t\t\t\t\t\t\t\t<div class=\"elementor-carousel-image\" role=\"img\" aria-label=\"ProT5 and JungleDawn LED Bars Range\" style=\"background-image: url(&#039;https:\/\/arcadialumenize.com\/wp-content\/uploads\/2023\/10\/All-Bars-Black-BG-1024x892.webp&#039;)\">\n\n\t\t\t\n\t\t\t\t\t<\/div>\n\t\t\t\t\t\t\t\t<\/div>\n\t\t\t\t\t\t\t\t\t<\/div>\n\t\t\t\t\t\t\t<\/div>\n\t\t\t\t<\/div>\n\t\t\t\t\t\t\t\t<\/div>\n\t\t\t\t<\/div>\n\t\t\t\t<\/div>\n\t\t<div class=\"elementor-element elementor-element-8a5bcfb e-con-full e-flex elementor-invisible e-con e-child\" data-id=\"8a5bcfb\" data-element_type=\"container\" data-e-type=\"container\" data-settings=\"{&quot;animation&quot;:&quot;fadeInRight&quot;}\">\n\t\t\t\t<div class=\"elementor-element elementor-element-d199528 elementor-widget elementor-widget-heading\" data-id=\"d199528\" data-element_type=\"widget\" data-e-type=\"widget\" data-widget_type=\"heading.default\">\n\t\t\t\t<div class=\"elementor-widget-container\">\n\t\t\t\t\t<h1 class=\"elementor-heading-title elementor-size-default\">WHat Is LumenIZE?<\/h1>\t\t\t\t<\/div>\n\t\t\t\t<\/div>\n\t\t\t\t<div class=\"elementor-element elementor-element-3b93388 elementor-widget elementor-widget-text-editor\" data-id=\"3b93388\" data-element_type=\"widget\" data-e-type=\"widget\" data-widget_type=\"text-editor.default\">\n\t\t\t\t<div class=\"elementor-widget-container\">\n\t\t\t\t\t\t\t\t\t<p><span data-contrast=\"auto\">Entfesseln Sie die Kraft von LumenIZE\u2122 \u2013Arcadia Reptile stellt die ersten App-gesteuerten T5 UV-B- und JungleDawn-LED-Balken-Systeme vor, die pr\u00e4zise Steuerung mit Energieeffizienz verbinden. Ihr Schl\u00fcssel zu einer ma\u00dfgeschneiderten Reptilienbeleuchtung und zur F\u00f6rderung des Tierschutzes.<\/span><span data-ccp-props=\"{}\">\u00a0<\/span><\/p><p><span data-contrast=\"auto\">Arcadia Reptile hat sich schon immer f\u00fcr das Wohlergehen der Tiere eingesetzt, das sich st\u00e4ndig weiterentwickelt. Unsere Werte stehen in direktem Zusammenhang mit der Verbesserung der Pflegestandards und der M\u00f6glichkeit, Tiere ohne Beeintr\u00e4chtigung effektiv und ethisch korrekt zu halten. Die Wiedererschaffung der Wildnis und der Naturalismus sind der Schl\u00fcssel zu diesen Werten.<\/span><span data-ccp-props=\"{}\">\u00a0<\/span><\/p><p><span data-contrast=\"auto\">Tiere haben sich im Laufe der Zeit langsam dahingehend ver\u00e4ndert, dass sie alles, was sie zum Gedeihen ben\u00f6tigen, von den Versorgern in ihrer Umgebung beziehen. Im Mittelpunkt steht dabei die Energie der Sonne, die alles Leben versorgt.<\/span><span data-ccp-props=\"{}\">\u00a0<\/span><\/p>\t\t\t\t\t\t\t\t<\/div>\n\t\t\t\t<\/div>\n\t\t\t\t<\/div>\n\t\t\t\t\t<\/div>\n\t\t\t\t<\/div>\n\t\t<div class=\"elementor-element elementor-element-9b05df7 e-con-full e-flex e-con e-parent\" data-id=\"9b05df7\" data-element_type=\"container\" data-e-type=\"container\" data-settings=\"{&quot;background_background&quot;:&quot;classic&quot;}\">\n\t\t<div class=\"elementor-element elementor-element-36384b6 e-flex e-con-boxed e-con e-child\" data-id=\"36384b6\" data-element_type=\"container\" data-e-type=\"container\" data-settings=\"{&quot;background_background&quot;:&quot;gradient&quot;}\">\n\t\t\t\t\t<div class=\"e-con-inner\">\n\t\t\t\t<div class=\"elementor-element elementor-element-c1dcd4d elementor-widget__width-initial elementor-widget-mobile__width-inherit elementor-invisible elementor-widget elementor-widget-text-editor\" data-id=\"c1dcd4d\" data-element_type=\"widget\" data-e-type=\"widget\" data-settings=\"{&quot;_animation&quot;:&quot;fadeInUp&quot;}\" data-widget_type=\"text-editor.default\">\n\t\t\t\t<div class=\"elementor-widget-container\">\n\t\t\t\t\t\t\t\t\t<p><span data-contrast=\"auto\">Die v\u00f6llig neue LumenIZE-Reihe der ProT5- und JungleDawn-LED-Balken wurde komplett neu entwickelt, wobei jeder Aspekt darauf ausgerichtet ist, das Wohlbefinden zu steigern, die Interaktion mit dem Benutzer zu verbessern, eine Auswahl an Steuerungsm\u00f6glichkeiten zu erm\u00f6glichen, das Sicherheitsniveau zu erh\u00f6hen und die Betriebskosten zu senken.<\/span><span data-ccp-props=\"{}\">\u00a0<br \/><br \/><\/span><\/p><p><span data-contrast=\"auto\">M\u00f6chten Sie eine 4-st\u00fcndige abgestufte Morgend\u00e4mmerung, einen 4-st\u00fcndigen Mittag und einen 4-st\u00fcndigen Sonnenuntergang haben? Mit LumenIZE ist das kein Problem. M\u00f6chten Sie einen Hauch von Saisonalit\u00e4t hinzuf\u00fcgen, um die Zucht zu unterst\u00fctzen? LumenIZE kann das und noch viel mehr.<\/span><span data-ccp-props=\"{}\">\u00a0<\/span><\/p><p><span data-contrast=\"auto\">Die LumenIZE-Steuerung arbeitet mit flie\u00dfendem Dimmen und nicht mit stufenweisem Dimmen, was bedeutet, dass die Leistung nicht in Spr\u00fcngen, sondern flie\u00dfend angepasst werden kann.<\/span><span data-ccp-props=\"{}\">\u00a0<br \/><br \/><\/span><\/p><p><span data-contrast=\"auto\">Lumen = eine Menge oder Einheit des sichtbaren Lichts.<\/span><span data-ccp-props=\"{}\">\u00a0<\/span><\/p><p><span data-contrast=\"auto\">Integriert = die gesamte Technik ist eingebaut und es gibt keine aufgeschraubten Extras.<\/span><span data-ccp-props=\"{}\">\u00a0<\/span><\/p><p><span data-contrast=\"auto\">Zoologisch = Die Erforschung und Haltung von Tieren in professioneller und artgerechter Weise.<\/span><span data-ccp-props=\"{}\">\u00a0<\/span><\/p><p><span data-contrast=\"auto\">Umweltwissenschaft = Untersuchung und Nachbildung nat\u00fcrlicher Lebensr\u00e4ume und Umgebungen.<\/span><span data-ccp-props=\"{}\">\u00a0<\/span><\/p><p><span data-ccp-props=\"{}\">\u00a0<\/span><\/p>\t\t\t\t\t\t\t\t<\/div>\n\t\t\t\t<\/div>\n\t\t\t\t\t<\/div>\n\t\t\t\t<\/div>\n\t\t\t\t<\/div>\n\t\t<div class=\"elementor-element elementor-element-16bc947 e-flex e-con-boxed e-con e-parent\" data-id=\"16bc947\" data-element_type=\"container\" data-e-type=\"container\" data-settings=\"{&quot;background_background&quot;:&quot;classic&quot;}\">\n\t\t\t\t\t<div class=\"e-con-inner\">\n\t\t\t\t<div class=\"elementor-element elementor-element-ee74e0e elementor-invisible elementor-widget elementor-widget-text-editor\" data-id=\"ee74e0e\" data-element_type=\"widget\" data-e-type=\"widget\" data-settings=\"{&quot;_animation&quot;:&quot;fadeInUp&quot;}\" data-widget_type=\"text-editor.default\">\n\t\t\t\t<div class=\"elementor-widget-container\">\n\t\t\t\t\t\t\t\t\t<h2><span style=\"font-size: 14pt;\"><b>Wodurch unterscheidet sich LumenIZE von anderen steuerbaren LED-Kits f\u00fcr Aquarien?<\/b>\u00a0<\/span><\/h2><p><span data-contrast=\"auto\">Ja, in der Aquaristik gibt es schon seit langem steuerbare LED-Systeme. Diese sind in der Regel unerschwinglich teuer, verwenden Dioden in vielen Farben, verursachen streifige Lichtmuster und haben ein geringes PAR-Potenzial. Die LumenIZE-Systeme von Arcadia Reptile unterscheiden sich stark von der Beleuchtung, die f\u00fcr den Einsatz \u00fcber Wasser konzipiert ist. Erstens steuert LumenIZE die UV-B-produzierenden Lampen. Zum ersten Mal k\u00f6nnen wir die Photoperiode und die Energieeinheit durch sanftes Dimmen steuern. Dies erm\u00f6glicht es den Haltern, sonnen\u00e4hnliche Energieniveaus auf nat\u00fcrliche und sonnen\u00e4hnliche Weise bereitzustellen. LumenIZE erm\u00f6glicht auch die Steuerung der LumenIZE JungleDawn-LED Bar.<\/span><span data-ccp-props=\"{}\">\u00a0<\/span><\/p>\t\t\t\t\t\t\t\t<\/div>\n\t\t\t\t<\/div>\n\t\t\t\t<div class=\"elementor-element elementor-element-8c21b0f elementor-widget__width-initial elementor-widget-mobile__width-inherit elementor-invisible elementor-widget elementor-widget-text-editor\" data-id=\"8c21b0f\" data-element_type=\"widget\" data-e-type=\"widget\" data-settings=\"{&quot;_animation&quot;:&quot;fadeInLeft&quot;}\" data-widget_type=\"text-editor.default\">\n\t\t\t\t<div class=\"elementor-widget-container\">\n\t\t\t\t\t\t\t\t\t<p><strong>M\u00f6chten Sie sowohl f\u00fcr die UV-B-Lampen als auch f\u00fcr die JungleDawn-LED-Bar wilde Sonnenaufgangs- und Sonnenuntergangszyklen schaffen? LumenIZE MACHT DAS!<\/strong><\/p><p><span data-contrast=\"auto\">Die UV-Lampen von Arcadia Reptile werden nach den h\u00f6chsten Standards hergestellt und genie\u00dfen das Vertrauen von Tierhaltern und Fachleuten auf der ganzen Welt. Ein Problem bleibt jedoch bestehen: die Kontrolle! Bisher gab es keine einfach zu bedienenden, erschwinglichen und vertrauensw\u00fcrdigen Methoden zur Kontrolle von UV-Lampen. Die D\u00e4mmerungsregelung war bisher nur f\u00fcr wenige und zu einem hohen Preis erh\u00e4ltlich.<\/span><span data-ccp-props=\"{}\">\u00a0<\/span><\/p><p><span data-contrast=\"auto\">Das Hauptproblem bei der derzeitigen Technik besteht darin, dass die Tiere in fast allen F\u00e4llen innerhalb weniger Augenblicke nach dem Einschalten der Zeitschaltuhren von \"Nacht\" auf volle Mittagssonne umgestellt werden und dann in die Dunkelheit gest\u00fcrzt werden, wenn die Zeitschaltuhren ohne jede nat\u00fcrliche Abstufung oder Vorwarnung abschalten. Das war das Beste, was wir tun konnten, aber es war nicht gut genug!<\/span><\/p>\t\t\t\t\t\t\t\t<\/div>\n\t\t\t\t<\/div>\n\t\t\t\t<div class=\"elementor-element elementor-element-7d25ef5 elementor-widget__width-initial elementor-widget-mobile__width-inherit elementor-invisible elementor-widget elementor-widget-image\" data-id=\"7d25ef5\" data-element_type=\"widget\" data-e-type=\"widget\" data-settings=\"{&quot;_animation&quot;:&quot;fadeInRight&quot;}\" data-widget_type=\"image.default\">\n\t\t\t\t<div class=\"elementor-widget-container\">\n\t\t\t\t\t\t\t\t\t\t\t\t<figure class=\"wp-caption\">\n\t\t\t\t\t\t\t\t\t\t<img decoding=\"async\" width=\"768\" height=\"424\" src=\"https:\/\/arcadialumenize.com\/wp-content\/uploads\/2023\/10\/Lighting-_-Heating-100_-1-scaled-e1699957396917-768x424.webp\" class=\"attachment-medium_large size-medium_large wp-image-123\" alt=\"Basic Timings Standard\" srcset=\"https:\/\/arcadialumenize.com\/wp-content\/uploads\/2023\/10\/Lighting-_-Heating-100_-1-scaled-e1699957396917-768x424.webp 768w, https:\/\/arcadialumenize.com\/wp-content\/uploads\/2023\/10\/Lighting-_-Heating-100_-1-scaled-e1699957396917-300x165.webp 300w, https:\/\/arcadialumenize.com\/wp-content\/uploads\/2023\/10\/Lighting-_-Heating-100_-1-scaled-e1699957396917-1024x565.webp 1024w, https:\/\/arcadialumenize.com\/wp-content\/uploads\/2023\/10\/Lighting-_-Heating-100_-1-scaled-e1699957396917-1536x847.webp 1536w, https:\/\/arcadialumenize.com\/wp-content\/uploads\/2023\/10\/Lighting-_-Heating-100_-1-scaled-e1699957396917-2048x1130.webp 2048w\" sizes=\"(max-width: 768px) 100vw, 768px\" \/>\t\t\t\t\t\t\t\t\t\t\t<figcaption class=\"widget-image-caption wp-caption-text\">Standard-Tageszyklus<\/figcaption>\n\t\t\t\t\t\t\t\t\t\t<\/figure>\n\t\t\t\t\t\t\t\t\t<\/div>\n\t\t\t\t<\/div>\n\t\t\t\t<div class=\"elementor-element elementor-element-12d9242 elementor-widget__width-inherit elementor-invisible elementor-widget elementor-widget-text-editor\" data-id=\"12d9242\" data-element_type=\"widget\" data-e-type=\"widget\" data-settings=\"{&quot;_animation&quot;:&quot;fadeInUp&quot;}\" data-widget_type=\"text-editor.default\">\n\t\t\t\t<div class=\"elementor-widget-container\">\n\t\t\t\t\t\t\t\t\t<p><span data-contrast=\"auto\">Arcadia Reptile stellt 'LumenIZE' vor, ein App-gesteuertes, intelligentes Beleuchtungssystem, das Ihnen die Kontrolle gibt, damit Sie das Wohlbefinden der Tiere durch immer nat\u00fcrlichere Beleuchtungssysteme verbessern k\u00f6nnen.<\/span><\/p><p class=\"translation-block\">Alle LumenIZE-Produkte wurden jetzt auf den IP65-Standard f\u00fcr Wasserbest\u00e4ndigkeit aufger\u00fcstet, was bedeutet, dass die LumenIZE ProT5- und JungleDawn-LED-Balken jetzt sicher in oder \u00fcber einer feuchten Umgebung verwendet werden k\u00f6nnen. Wir haben sogar ein brandneues 'easy change' T5-Lampensystem entwickelt, das den Lampenwechsel vereinfacht, versehentliche Lampensch\u00e4den reduziert und keinen 'Drehen zum Verriegeln'-Mechanismus hat. Weitere Informationen finden Sie im Abschnitt 'Lampenwechsel'.<\/p>\t\t\t\t\t\t\t\t<\/div>\n\t\t\t\t<\/div>\n\t\t\t\t<div class=\"elementor-element elementor-element-125337e elementor-widget__width-initial elementor-widget-mobile__width-inherit elementor-invisible elementor-widget elementor-widget-image\" data-id=\"125337e\" data-element_type=\"widget\" data-e-type=\"widget\" data-settings=\"{&quot;_animation&quot;:&quot;fadeInLeft&quot;}\" data-widget_type=\"image.default\">\n\t\t\t\t<div class=\"elementor-widget-container\">\n\t\t\t\t\t\t\t\t\t\t\t\t<figure class=\"wp-caption\">\n\t\t\t\t\t\t\t\t\t\t<img decoding=\"async\" width=\"768\" height=\"429\" src=\"https:\/\/arcadialumenize.com\/wp-content\/uploads\/2023\/10\/Lumenize-Basic-Timings-Transparent-Background-scaled-e1699957349304-768x429.webp\" class=\"attachment-medium_large size-medium_large wp-image-122\" alt=\"ProT5 LED Bar Basic Timings\" srcset=\"https:\/\/arcadialumenize.com\/wp-content\/uploads\/2023\/10\/Lumenize-Basic-Timings-Transparent-Background-scaled-e1699957349304-768x429.webp 768w, https:\/\/arcadialumenize.com\/wp-content\/uploads\/2023\/10\/Lumenize-Basic-Timings-Transparent-Background-scaled-e1699957349304-300x167.webp 300w, https:\/\/arcadialumenize.com\/wp-content\/uploads\/2023\/10\/Lumenize-Basic-Timings-Transparent-Background-scaled-e1699957349304-1024x572.webp 1024w, https:\/\/arcadialumenize.com\/wp-content\/uploads\/2023\/10\/Lumenize-Basic-Timings-Transparent-Background-scaled-e1699957349304-1536x857.webp 1536w, https:\/\/arcadialumenize.com\/wp-content\/uploads\/2023\/10\/Lumenize-Basic-Timings-Transparent-Background-scaled-e1699957349304-2048x1143.webp 2048w\" sizes=\"(max-width: 768px) 100vw, 768px\" \/>\t\t\t\t\t\t\t\t\t\t\t<figcaption class=\"widget-image-caption wp-caption-text\">LumenIZE Tageszyklus<\/figcaption>\n\t\t\t\t\t\t\t\t\t\t<\/figure>\n\t\t\t\t\t\t\t\t\t<\/div>\n\t\t\t\t<\/div>\n\t\t\t\t<div class=\"elementor-element elementor-element-89bd5e1 elementor-widget__width-initial elementor-widget-mobile__width-inherit elementor-invisible elementor-widget elementor-widget-text-editor\" data-id=\"89bd5e1\" data-element_type=\"widget\" data-e-type=\"widget\" data-settings=\"{&quot;_animation&quot;:&quot;fadeInRight&quot;}\" data-widget_type=\"text-editor.default\">\n\t\t\t\t<div class=\"elementor-widget-container\">\n\t\t\t\t\t\t\t\t\t<p class=\"translation-block\">LumenIZE hat einen Speicher! Ja, in jeder Leiste ist ein Speicher eingebaut, der durch eine austauschbare interne Batterie gesichert wird (siehe Abschnitt \"Batteriewechsel\"). Im Falle eines Stromausfalls schaltet sich die Lampe aus, aber der Lampenspeicher l\u00e4uft weiter. Wenn die Stromversorgung wiederhergestellt ist, leuchtet die Lampe mit genau dem richtigen Prozentsatz an Leistung und Zeit.<\/p><p><span data-contrast=\"auto\">LumenIZE-Kits, die mit der LumenIZE-App verbunden sind, k\u00f6nnen durch ein Passwort gesch\u00fctzt werden, wenn Sie dies w\u00fcnschen. So k\u00f6nnen Sie verhindern, dass hilfsbereite Besucher an Ihren Einstellungen \"herumbasteln\".<\/span><span data-ccp-props=\"{}\">\u00a0<\/span><\/p>\t\t\t\t\t\t\t\t<\/div>\n\t\t\t\t<\/div>\n\t\t\t\t\t<\/div>\n\t\t\t\t<\/div>\n\t\t\t\t<\/div>","protected":false},"excerpt":{"rendered":"<p>WHat Is LumenIZE? \u2018Unlock the Power of LumenIZE\u2122\u2014Arcadia Reptile introduces the first app-controlled T5 UV-B and JungleDawn LED Bar systems, combining precise control with energy efficiency.\u202f Your key to bespoke reptile lighting and advancing animal welfare.\u2019\u202f\u00a0 Arcadia Reptile has always had ever-expanding animal welfare at its heart. Our driving values are linked directly to improving [&hellip;]<\/p>\n","protected":false},"author":1,"featured_media":0,"parent":0,"menu_order":0,"comment_status":"closed","ping_status":"closed","template":"elementor_header_footer","meta":{"_analytify_skip_tracking":false,"footnotes":""},"class_list":["post-104","page","type-page","status-publish","hentry"],"featured_image_src":null,"featured_image_src_square":null,"_links":{"self":[{"href":"https:\/\/arcadialumenize.com\/de\/wp-json\/wp\/v2\/pages\/104","targetHints":{"allow":["GET"]}}],"collection":[{"href":"https:\/\/arcadialumenize.com\/de\/wp-json\/wp\/v2\/pages"}],"about":[{"href":"https:\/\/arcadialumenize.com\/de\/wp-json\/wp\/v2\/types\/page"}],"author":[{"embeddable":true,"href":"https:\/\/arcadialumenize.com\/de\/wp-json\/wp\/v2\/users\/1"}],"replies":[{"embeddable":true,"href":"https:\/\/arcadialumenize.com\/de\/wp-json\/wp\/v2\/comments?post=104"}],"version-history":[{"count":0,"href":"https:\/\/arcadialumenize.com\/de\/wp-json\/wp\/v2\/pages\/104\/revisions"}],"wp:attachment":[{"href":"https:\/\/arcadialumenize.com\/de\/wp-json\/wp\/v2\/media?parent=104"}],"curies":[{"name":"wp","href":"https:\/\/api.w.org\/{rel}","templated":true}]}}