{"id":125,"date":"2023-10-26T22:01:27","date_gmt":"2023-10-26T22:01:27","guid":{"rendered":"https:\/\/www.arcadialumenize.com\/?page_id=125"},"modified":"2023-11-30T14:46:55","modified_gmt":"2023-11-30T14:46:55","slug":"the-app","status":"publish","type":"page","link":"https:\/\/arcadialumenize.com\/da\/the-app\/","title":{"rendered":"Appen"},"content":{"rendered":"<div data-elementor-type=\"wp-page\" data-elementor-id=\"125\" class=\"elementor elementor-125\" data-elementor-post-type=\"page\">\n\t\t\t\t<div class=\"elementor-element elementor-element-9bf57b1 e-con-full e-flex e-con e-parent\" data-id=\"9bf57b1\" data-element_type=\"container\" data-e-type=\"container\" data-settings=\"{&quot;background_background&quot;:&quot;classic&quot;}\">\n\t\t<div class=\"elementor-element elementor-element-06fcf0a e-con-full e-flex e-con e-child\" data-id=\"06fcf0a\" data-element_type=\"container\" data-e-type=\"container\" data-settings=\"{&quot;background_background&quot;:&quot;video&quot;,&quot;background_video_link&quot;:&quot;https:\\\/\\\/www.arcadialumenize.com\\\/wp-content\\\/uploads\\\/2023\\\/11\\\/App-Website-Header.mp4&quot;,&quot;background_video_start&quot;:0}\">\n\t\t<div class=\"elementor-background-video-container elementor-hidden-mobile\">\n\t\t\t\t\t\t\t<video class=\"elementor-background-video-hosted\" role=\"presentation\" autoplay muted playsinline loop><\/video>\n\t\t\t\t\t<\/div>\t\t<\/div>\n\t\t\t\t<\/div>\n\t\t<div class=\"elementor-element elementor-element-f627b55 e-con-full e-flex e-con e-parent\" data-id=\"f627b55\" data-element_type=\"container\" data-e-type=\"container\" data-settings=\"{&quot;background_background&quot;:&quot;classic&quot;}\">\n\t\t<div class=\"elementor-element elementor-element-96aa67e e-flex e-con-boxed e-con e-child\" data-id=\"96aa67e\" data-element_type=\"container\" data-e-type=\"container\">\n\t\t\t\t\t<div class=\"e-con-inner\">\n\t\t\t\t<div class=\"elementor-element elementor-element-52ddab0 elementor-widget__width-initial elementor-widget-mobile__width-inherit elementor-invisible elementor-widget elementor-widget-video\" data-id=\"52ddab0\" data-element_type=\"widget\" data-e-type=\"widget\" data-settings=\"{&quot;youtube_url&quot;:&quot;https:\\\/\\\/youtu.be\\\/XCs_fE8Bm4U?si=lS2H-dz7P6ly064g&quot;,&quot;_animation&quot;:&quot;fadeInLeft&quot;,&quot;video_type&quot;:&quot;youtube&quot;,&quot;controls&quot;:&quot;yes&quot;}\" data-widget_type=\"video.default\">\n\t\t\t\t<div class=\"elementor-widget-container\">\n\t\t\t\t\t\t\t<div class=\"elementor-wrapper elementor-open-inline\">\n\t\t\t<div class=\"elementor-video\"><\/div>\t\t<\/div>\n\t\t\t\t\t\t<\/div>\n\t\t\t\t<\/div>\n\t\t<div class=\"elementor-element elementor-element-ba5eb5a e-con-full e-flex e-con e-child\" data-id=\"ba5eb5a\" data-element_type=\"container\" data-e-type=\"container\">\n\t\t\t\t<div class=\"elementor-element elementor-element-c3cfc5b elementor-widget elementor-widget-heading\" data-id=\"c3cfc5b\" data-element_type=\"widget\" data-e-type=\"widget\" data-widget_type=\"heading.default\">\n\t\t\t\t<div class=\"elementor-widget-container\">\n\t\t\t\t\t<h1 class=\"elementor-heading-title elementor-size-default\">LumenIZE App<\/h1>\t\t\t\t<\/div>\n\t\t\t\t<\/div>\n\t\t\t\t<div class=\"elementor-element elementor-element-93dcb26 elementor-widget__width-initial elementor-widget-mobile__width-inherit elementor-invisible elementor-widget elementor-widget-text-editor\" data-id=\"93dcb26\" data-element_type=\"widget\" data-e-type=\"widget\" data-settings=\"{&quot;_animation&quot;:&quot;fadeInRight&quot;}\" data-widget_type=\"text-editor.default\">\n\t\t\t\t<div class=\"elementor-widget-container\">\n\t\t\t\t\t\t\t\t\t<p><span lang=\"EN-GB\" xml:lang=\"EN-GB\" data-contrast=\"auto\">Arcadia Reptile LumenIZE-aktiverede ProT5- og JungleDawn-Led Bars har integration som deres kerne. De bruger en skr\u00e6ddersyet Bluetooth-forbindelse mellem hver lampe og din app-aktiverede enhed til at gemme programmerede oplysninger i hver lampe. P\u00e5 den m\u00e5de kan hver lampe navngives og underst\u00f8tte sit eget program.  De kr\u00e6ver ikke en WIFI-forbindelse for at fungere, da hver lampe gemmer programmet i sig selv, og det er ogs\u00e5 bakket op af et lille batteri. Dette batteri vil holde programmet og urene k\u00f8rende, hvis der skulle opst\u00e5 en lokal str\u00f8mafbrydelse.<\/span>\u00a0<\/p>\t\t\t\t\t\t\t\t<\/div>\n\t\t\t\t<\/div>\n\t\t\t\t<\/div>\n\t\t\t\t\t<\/div>\n\t\t\t\t<\/div>\n\t\t<div class=\"elementor-element elementor-element-2e7d702 e-flex e-con-boxed e-con e-child\" data-id=\"2e7d702\" data-element_type=\"container\" data-e-type=\"container\">\n\t\t\t\t\t<div class=\"e-con-inner\">\n\t\t\t\t<div class=\"elementor-element elementor-element-0e6e6f8 elementor-widget-mobile__width-inherit elementor-invisible elementor-widget elementor-widget-image\" data-id=\"0e6e6f8\" data-element_type=\"widget\" data-e-type=\"widget\" data-settings=\"{&quot;_animation&quot;:&quot;fadeIn&quot;}\" data-widget_type=\"image.default\">\n\t\t\t\t<div class=\"elementor-widget-container\">\n\t\t\t\t\t\t\t\t\t\t\t\t\t\t\t<img fetchpriority=\"high\" decoding=\"async\" width=\"800\" height=\"514\" src=\"https:\/\/arcadialumenize.com\/wp-content\/uploads\/2023\/11\/Lumenize-phone-app-for-website1-1024x658.webp\" class=\"attachment-large size-large wp-image-213\" alt=\"New Phone Graphic\" srcset=\"https:\/\/arcadialumenize.com\/wp-content\/uploads\/2023\/11\/Lumenize-phone-app-for-website1-1024x658.webp 1024w, https:\/\/arcadialumenize.com\/wp-content\/uploads\/2023\/11\/Lumenize-phone-app-for-website1-300x193.webp 300w, https:\/\/arcadialumenize.com\/wp-content\/uploads\/2023\/11\/Lumenize-phone-app-for-website1-768x493.webp 768w, https:\/\/arcadialumenize.com\/wp-content\/uploads\/2023\/11\/Lumenize-phone-app-for-website1-1536x986.webp 1536w, https:\/\/arcadialumenize.com\/wp-content\/uploads\/2023\/11\/Lumenize-phone-app-for-website1-2048x1315.webp 2048w\" sizes=\"(max-width: 800px) 100vw, 800px\" \/>\t\t\t\t\t\t\t\t\t\t\t\t\t\t\t<\/div>\n\t\t\t\t<\/div>\n\t\t\t\t\t<\/div>\n\t\t\t\t<\/div>\n\t\t\t\t<\/div>\n\t\t<div class=\"elementor-element elementor-element-64dc918 e-flex e-con-boxed e-con e-parent\" data-id=\"64dc918\" data-element_type=\"container\" data-e-type=\"container\" data-settings=\"{&quot;background_background&quot;:&quot;classic&quot;}\">\n\t\t\t\t\t<div class=\"e-con-inner\">\n\t\t\t\t<div class=\"elementor-element elementor-element-6e2b457 elementor-invisible elementor-widget elementor-widget-text-editor\" data-id=\"6e2b457\" data-element_type=\"widget\" data-e-type=\"widget\" data-settings=\"{&quot;_animation&quot;:&quot;fadeInUp&quot;}\" data-widget_type=\"text-editor.default\">\n\t\t\t\t<div class=\"elementor-widget-container\">\n\t\t\t\t\t\t\t\t\t<p>Den brugervenlige LumenIZE-app giver mulighed for n\u00f8jagtig kontrol af op til 50 forskellige lamper, som hver is\u00e6r kan f\u00e5 tildelt deres eget navn og f\u00e5 programmeret deres egen lyscyklus. LumenIZE-data gemmes i selve lampes\u00e6ttet og bruger et Bluetooth-signal mellem din telefon og lampen. P\u00e5 den m\u00e5de er man ikke afh\u00e6ngig af WIFI-netv\u00e6rk og mobilsignaler. At lampedata ikke ligger p\u00e5 din telefon, men i selve lampen, betyder ogs\u00e5, at det er lampen, der k\u00f8rer programmet, og at der ikke er nogen risiko for forstyrrelser, hvis du skifter telefon, internettet g\u00e5r ned, eller der er forstyrrelser fra tredjeparter.<\/p>\t\t\t\t\t\t\t\t<\/div>\n\t\t\t\t<\/div>\n\t\t<div class=\"elementor-element elementor-element-cefec98 e-con-full e-flex e-con e-child\" data-id=\"cefec98\" data-element_type=\"container\" data-e-type=\"container\">\n\t\t\t\t<div class=\"elementor-element elementor-element-bd91523 elementor-widget__width-initial elementor-invisible elementor-widget elementor-widget-text-editor\" data-id=\"bd91523\" data-element_type=\"widget\" data-e-type=\"widget\" data-settings=\"{&quot;_animation&quot;:&quot;fadeInLeft&quot;}\" data-widget_type=\"text-editor.default\">\n\t\t\t\t<div class=\"elementor-widget-container\">\n\t\t\t\t\t\t\t\t\t<p>Lamper, der kontrolleres af LumenIZE-appen, kan REDUCERE det gennemsnitlige energiforbrug pr. lampe med 30%. Ja, ved at k\u00f8re en grundl\u00e6ggende daggry til skumring med en 4-timers middag vil man spare energi. For dem af os, der har mange lamper, kan det svare til en stor energibesparelse, der reducerer CO2-udledningen og \u00f8ger velf\u00e6rden ved at reducere stressfaktorerne og stoppe det \"t\u00e6ndt for fuld kraft\/slukket p\u00e5 et \u00f8jeblik\"-system, vi har haft.<\/p>\t\t\t\t\t\t\t\t<\/div>\n\t\t\t\t<\/div>\n\t\t\t\t<div class=\"elementor-element elementor-element-f5494f0 elementor-hidden-desktop elementor-hidden-tablet elementor-widget elementor-widget-image\" data-id=\"f5494f0\" data-element_type=\"widget\" data-e-type=\"widget\" data-widget_type=\"image.default\">\n\t\t\t\t<div class=\"elementor-widget-container\">\n\t\t\t\t\t\t\t\t\t\t\t\t\t\t\t<img decoding=\"async\" width=\"800\" height=\"1008\" src=\"https:\/\/arcadialumenize.com\/wp-content\/uploads\/2023\/11\/Save-30-BG-813x1024.webp\" class=\"attachment-large size-large wp-image-214\" alt=\"Save 30% Graphic\" srcset=\"https:\/\/arcadialumenize.com\/wp-content\/uploads\/2023\/11\/Save-30-BG-813x1024.webp 813w, https:\/\/arcadialumenize.com\/wp-content\/uploads\/2023\/11\/Save-30-BG-238x300.webp 238w, https:\/\/arcadialumenize.com\/wp-content\/uploads\/2023\/11\/Save-30-BG-768x967.webp 768w, https:\/\/arcadialumenize.com\/wp-content\/uploads\/2023\/11\/Save-30-BG-1220x1536.webp 1220w, https:\/\/arcadialumenize.com\/wp-content\/uploads\/2023\/11\/Save-30-BG-1627x2048.webp 1627w, https:\/\/arcadialumenize.com\/wp-content\/uploads\/2023\/11\/Save-30-BG-scaled.webp 2034w\" sizes=\"(max-width: 800px) 100vw, 800px\" \/>\t\t\t\t\t\t\t\t\t\t\t\t\t\t\t<\/div>\n\t\t\t\t<\/div>\n\t\t\t\t<div class=\"elementor-element elementor-element-96eceb3 elementor-invisible elementor-widget elementor-widget-heading\" data-id=\"96eceb3\" data-element_type=\"widget\" data-e-type=\"widget\" data-settings=\"{&quot;_animation&quot;:&quot;fadeInUp&quot;}\" data-widget_type=\"heading.default\">\n\t\t\t\t<div class=\"elementor-widget-container\">\n\t\t\t\t\t<h2 class=\"elementor-heading-title elementor-size-default\">Kan man bruge lamperne uden appen?<\/h2>\t\t\t\t<\/div>\n\t\t\t\t<\/div>\n\t\t\t\t<div class=\"elementor-element elementor-element-d15a152 elementor-invisible elementor-widget elementor-widget-text-editor\" data-id=\"d15a152\" data-element_type=\"widget\" data-e-type=\"widget\" data-settings=\"{&quot;_animation&quot;:&quot;fadeInUp&quot;}\" data-widget_type=\"text-editor.default\">\n\t\t\t\t<div class=\"elementor-widget-container\">\n\t\t\t\t\t\t\t\t\t<p><span data-contrast=\"auto\">Manuel kontrol af hver lampe i LumenIZE-appen er enkel. Du skal blot sikre dig, at knappen ved siden af skyderen er trykket ned for at vise \"off\"-positionen. Det betyder, at det automatiserede program er sl\u00e5et fra, og at du har manuel kontrol. Det giver dig mulighed for at justere lamperne manuelt, hvis du \u00f8nsker det. Du skal dog trykke p\u00e5 knappen til h\u00f8jre for den manuelle skyder til positionen \"on\", for at det automatiske program efter eget valg kan k\u00f8re.<\/span><span data-ccp-props=\"{}\">\u00a0<\/span><\/p><p><span data-contrast=\"auto\">Hvis den manuelle kontrol g\u00e5r tabt p\u00e5 noget tidspunkt, skal du trykke p\u00e5 knappen 'full power test' 3 gange og vente. Normalt skyldes det enten et d\u00e5rligt Bluetooth-signal, eller at lampen allerede er midt i en proces og ikke kan afbrydes. Manuel kontrol vender tilbage, n\u00e5r denne proces er afsluttet. Det sker normalt inden for 2 minutter efter, at der er skiftet fra \"program ON\" til \"program off\".<\/span><span data-ccp-props=\"{}\">\u00a0<\/span><\/p>\t\t\t\t\t\t\t\t<\/div>\n\t\t\t\t<\/div>\n\t\t\t\t<\/div>\n\t\t<div class=\"elementor-element elementor-element-437c546 e-con-full e-flex elementor-invisible e-con e-child\" data-id=\"437c546\" data-element_type=\"container\" data-e-type=\"container\" data-settings=\"{&quot;animation&quot;:&quot;fadeInRight&quot;}\">\n\t\t\t\t<div class=\"elementor-element elementor-element-576161c elementor-hidden-mobile elementor-widget elementor-widget-image\" data-id=\"576161c\" data-element_type=\"widget\" data-e-type=\"widget\" data-widget_type=\"image.default\">\n\t\t\t\t<div class=\"elementor-widget-container\">\n\t\t\t\t\t\t\t\t\t\t\t\t\t\t\t<img decoding=\"async\" width=\"800\" height=\"1008\" src=\"https:\/\/arcadialumenize.com\/wp-content\/uploads\/2023\/11\/Save-30-BG-813x1024.webp\" class=\"attachment-large size-large wp-image-214\" alt=\"Save 30% Graphic\" srcset=\"https:\/\/arcadialumenize.com\/wp-content\/uploads\/2023\/11\/Save-30-BG-813x1024.webp 813w, https:\/\/arcadialumenize.com\/wp-content\/uploads\/2023\/11\/Save-30-BG-238x300.webp 238w, https:\/\/arcadialumenize.com\/wp-content\/uploads\/2023\/11\/Save-30-BG-768x967.webp 768w, https:\/\/arcadialumenize.com\/wp-content\/uploads\/2023\/11\/Save-30-BG-1220x1536.webp 1220w, https:\/\/arcadialumenize.com\/wp-content\/uploads\/2023\/11\/Save-30-BG-1627x2048.webp 1627w, https:\/\/arcadialumenize.com\/wp-content\/uploads\/2023\/11\/Save-30-BG-scaled.webp 2034w\" sizes=\"(max-width: 800px) 100vw, 800px\" \/>\t\t\t\t\t\t\t\t\t\t\t\t\t\t\t<\/div>\n\t\t\t\t<\/div>\n\t\t\t\t<div class=\"elementor-element elementor-element-98662f5 elementor-widget__width-inherit elementor-widget-mobile__width-inherit elementor-widget elementor-widget-video\" data-id=\"98662f5\" data-element_type=\"widget\" data-e-type=\"widget\" data-settings=\"{&quot;video_type&quot;:&quot;hosted&quot;,&quot;controls&quot;:&quot;yes&quot;}\" data-widget_type=\"video.default\">\n\t\t\t\t<div class=\"elementor-widget-container\">\n\t\t\t\t\t\t\t<div class=\"e-hosted-video elementor-wrapper elementor-open-inline\">\n\t\t\t\t\t<video class=\"elementor-video\" src=\"https:\/\/www.arcadialumenize.com\/wp-content\/uploads\/2023\/11\/App-Video-For-Website.mp4\" controls=\"\" preload=\"metadata\" controlslist=\"nodownload\"><\/video>\n\t\t\t\t<\/div>\n\t\t\t\t\t\t<\/div>\n\t\t\t\t<\/div>\n\t\t\t\t<\/div>\n\t\t\t\t\t<\/div>\n\t\t\t\t<\/div>\n\t\t\t\t<\/div>","protected":false},"excerpt":{"rendered":"<p>LumenIZE App Arcadia Reptile LumenIZE\u00ae enabled ProT5 and JungleDawn-Led Bars have integration at their core. They use a bespoke Bluetooth connection between each lamp and your app-enabled device to store programmed information within each lamp. In this way, each lamp can be named and support its own programme.\u202f They do not require a WIFI connection [&hellip;]<\/p>\n","protected":false},"author":1,"featured_media":0,"parent":0,"menu_order":0,"comment_status":"closed","ping_status":"closed","template":"elementor_header_footer","meta":{"_analytify_skip_tracking":false,"footnotes":""},"class_list":["post-125","page","type-page","status-publish","hentry"],"featured_image_src":null,"featured_image_src_square":null,"_links":{"self":[{"href":"https:\/\/arcadialumenize.com\/da\/wp-json\/wp\/v2\/pages\/125","targetHints":{"allow":["GET"]}}],"collection":[{"href":"https:\/\/arcadialumenize.com\/da\/wp-json\/wp\/v2\/pages"}],"about":[{"href":"https:\/\/arcadialumenize.com\/da\/wp-json\/wp\/v2\/types\/page"}],"author":[{"embeddable":true,"href":"https:\/\/arcadialumenize.com\/da\/wp-json\/wp\/v2\/users\/1"}],"replies":[{"embeddable":true,"href":"https:\/\/arcadialumenize.com\/da\/wp-json\/wp\/v2\/comments?post=125"}],"version-history":[{"count":0,"href":"https:\/\/arcadialumenize.com\/da\/wp-json\/wp\/v2\/pages\/125\/revisions"}],"wp:attachment":[{"href":"https:\/\/arcadialumenize.com\/da\/wp-json\/wp\/v2\/media?parent=125"}],"curies":[{"name":"wp","href":"https:\/\/api.w.org\/{rel}","templated":true}]}}