{"id":104,"date":"2023-10-26T16:05:58","date_gmt":"2023-10-26T16:05:58","guid":{"rendered":"https:\/\/www.arcadialumenize.com\/?page_id=104"},"modified":"2023-11-30T14:37:02","modified_gmt":"2023-11-30T14:37:02","slug":"what-is-lumenize","status":"publish","type":"page","link":"https:\/\/arcadialumenize.com\/da\/what-is-lumenize\/","title":{"rendered":"What is LumenIZE?"},"content":{"rendered":"<div data-elementor-type=\"wp-page\" data-elementor-id=\"104\" class=\"elementor elementor-104\" data-elementor-post-type=\"page\">\n\t\t\t\t<div class=\"elementor-element elementor-element-4dbc0e4 e-flex e-con-boxed e-con e-parent\" data-id=\"4dbc0e4\" data-element_type=\"container\" data-e-type=\"container\" data-settings=\"{&quot;background_background&quot;:&quot;classic&quot;}\">\n\t\t\t\t\t<div class=\"e-con-inner\">\n\t\t\t\t<div class=\"elementor-element elementor-element-4e18382 elementor-widget elementor-widget-image\" data-id=\"4e18382\" data-element_type=\"widget\" data-e-type=\"widget\" data-widget_type=\"image.default\">\n\t\t\t\t<div class=\"elementor-widget-container\">\n\t\t\t\t\t\t\t\t\t\t\t\t\t\t\t<img fetchpriority=\"high\" decoding=\"async\" width=\"1800\" height=\"180\" src=\"https:\/\/arcadialumenize.com\/wp-content\/uploads\/2023\/10\/ezgif.com-optimize.gif\" class=\"attachment-full size-full wp-image-112\" alt=\"LumenIZE Graphic Gif\" \/>\t\t\t\t\t\t\t\t\t\t\t\t\t\t\t<\/div>\n\t\t\t\t<\/div>\n\t\t\t\t\t<\/div>\n\t\t\t\t<\/div>\n\t\t<div class=\"elementor-element elementor-element-d1ad775 e-flex e-con-boxed e-con e-parent\" data-id=\"d1ad775\" data-element_type=\"container\" data-e-type=\"container\" data-settings=\"{&quot;background_background&quot;:&quot;classic&quot;}\">\n\t\t\t\t\t<div class=\"e-con-inner\">\n\t\t<div class=\"elementor-element elementor-element-4cf9925 e-con-full e-flex elementor-invisible e-con e-child\" data-id=\"4cf9925\" data-element_type=\"container\" data-e-type=\"container\" data-settings=\"{&quot;animation&quot;:&quot;fadeInLeft&quot;}\">\n\t\t\t\t<div class=\"elementor-element elementor-element-3e05bb4 elementor-skin-carousel elementor-pagination-type-bullets elementor-pagination-position-outside elementor-widget elementor-widget-media-carousel\" data-id=\"3e05bb4\" data-element_type=\"widget\" data-e-type=\"widget\" data-settings=\"{&quot;slides_per_view&quot;:&quot;1&quot;,&quot;slides_to_scroll&quot;:&quot;1&quot;,&quot;skin&quot;:&quot;carousel&quot;,&quot;effect&quot;:&quot;slide&quot;,&quot;pagination&quot;:&quot;bullets&quot;,&quot;speed&quot;:500,&quot;autoplay&quot;:&quot;yes&quot;,&quot;autoplay_speed&quot;:5000,&quot;loop&quot;:&quot;yes&quot;,&quot;pause_on_hover&quot;:&quot;yes&quot;,&quot;pause_on_interaction&quot;:&quot;yes&quot;,&quot;space_between&quot;:{&quot;unit&quot;:&quot;px&quot;,&quot;size&quot;:10,&quot;sizes&quot;:[]},&quot;space_between_tablet&quot;:{&quot;unit&quot;:&quot;px&quot;,&quot;size&quot;:10,&quot;sizes&quot;:[]},&quot;space_between_mobile&quot;:{&quot;unit&quot;:&quot;px&quot;,&quot;size&quot;:10,&quot;sizes&quot;:[]}}\" data-widget_type=\"media-carousel.default\">\n\t\t\t\t<div class=\"elementor-widget-container\">\n\t\t\t\t\t\t\t\t\t<div class=\"elementor-swiper\">\n\t\t\t\t\t<div class=\"elementor-main-swiper swiper\" role=\"region\" aria-roledescription=\"carousel\" aria-label=\"Slides\">\n\t\t\t\t<div class=\"swiper-wrapper\">\n\t\t\t\t\t\t\t\t\t\t\t<div class=\"swiper-slide\" role=\"group\" aria-roledescription=\"slide\">\n\t\t\t\t\t\t\t\t\t<div class=\"elementor-carousel-image\" role=\"img\" aria-label=\"ProT5 and JungleDawn LED Bars Range\" style=\"background-image: url(&#039;https:\/\/arcadialumenize.com\/wp-content\/uploads\/2023\/10\/All-Bars-Black-BG-1024x892.webp&#039;)\">\n\n\t\t\t\n\t\t\t\t\t<\/div>\n\t\t\t\t\t\t\t\t<\/div>\n\t\t\t\t\t\t\t\t\t<\/div>\n\t\t\t\t\t\t\t<\/div>\n\t\t\t\t<\/div>\n\t\t\t\t\t\t\t\t<\/div>\n\t\t\t\t<\/div>\n\t\t\t\t<\/div>\n\t\t<div class=\"elementor-element elementor-element-8a5bcfb e-con-full e-flex elementor-invisible e-con e-child\" data-id=\"8a5bcfb\" data-element_type=\"container\" data-e-type=\"container\" data-settings=\"{&quot;animation&quot;:&quot;fadeInRight&quot;}\">\n\t\t\t\t<div class=\"elementor-element elementor-element-d199528 elementor-widget elementor-widget-heading\" data-id=\"d199528\" data-element_type=\"widget\" data-e-type=\"widget\" data-widget_type=\"heading.default\">\n\t\t\t\t<div class=\"elementor-widget-container\">\n\t\t\t\t\t<h1 class=\"elementor-heading-title elementor-size-default\">WHat Is LumenIZE?<\/h1>\t\t\t\t<\/div>\n\t\t\t\t<\/div>\n\t\t\t\t<div class=\"elementor-element elementor-element-3b93388 elementor-widget elementor-widget-text-editor\" data-id=\"3b93388\" data-element_type=\"widget\" data-e-type=\"widget\" data-widget_type=\"text-editor.default\">\n\t\t\t\t<div class=\"elementor-widget-container\">\n\t\t\t\t\t\t\t\t\t<p><span data-contrast=\"auto\">\"L\u00e5s op for kraften i LumenIZE\u2122 - Arcadia Reptile pr\u00e6senterer de f\u00f8rste app-styrede T5 UV-B og JungleDawn-LED Bar-systemer, der kombinerer pr\u00e6cis kontrol med energieffektivitet.  Din n\u00f8gle til skr\u00e6ddersyet reptilbelysning og bedre dyrevelf\u00e6rd.<\/span><span data-ccp-props=\"{}\">\u00a0<\/span><\/p><p><span data-contrast=\"auto\">Arcadia Reptile har altid haft den stadigt voksende dyrevelf\u00e6rd i centrum. Vores v\u00e6rdier er direkte forbundet med forbedring af plejestandarder og g\u00f8r det muligt at holde dyr effektivt og etisk forsvarligt uden at skade dem. Wild Re-creation og naturalisme er n\u00f8glen til disse v\u00e6rdier.<\/span><span data-ccp-props=\"{}\">\u00a0<\/span><\/p><p><span data-contrast=\"auto\">Dyr har \u00e6ndret sig langsomt over tid til at tage alt, hvad de har brug for til at trives, fra de leverand\u00f8rer, der findes omkring dem. Kernen i dette er solens energi, som er leverand\u00f8r til alt liv.<\/span><span data-ccp-props=\"{}\">\u00a0<\/span><\/p>\t\t\t\t\t\t\t\t<\/div>\n\t\t\t\t<\/div>\n\t\t\t\t<\/div>\n\t\t\t\t\t<\/div>\n\t\t\t\t<\/div>\n\t\t<div class=\"elementor-element elementor-element-9b05df7 e-con-full e-flex e-con e-parent\" data-id=\"9b05df7\" data-element_type=\"container\" data-e-type=\"container\" data-settings=\"{&quot;background_background&quot;:&quot;classic&quot;}\">\n\t\t<div class=\"elementor-element elementor-element-36384b6 e-flex e-con-boxed e-con e-child\" data-id=\"36384b6\" data-element_type=\"container\" data-e-type=\"container\" data-settings=\"{&quot;background_background&quot;:&quot;gradient&quot;}\">\n\t\t\t\t\t<div class=\"e-con-inner\">\n\t\t\t\t<div class=\"elementor-element elementor-element-c1dcd4d elementor-widget__width-initial elementor-widget-mobile__width-inherit elementor-invisible elementor-widget elementor-widget-text-editor\" data-id=\"c1dcd4d\" data-element_type=\"widget\" data-e-type=\"widget\" data-settings=\"{&quot;_animation&quot;:&quot;fadeInUp&quot;}\" data-widget_type=\"text-editor.default\">\n\t\t\t\t<div class=\"elementor-widget-container\">\n\t\t\t\t\t\t\t\t\t<p><span data-contrast=\"auto\">Den helt nye LumenIZE-serie af ProT5- og JungleDawn-LED-barer har gennemg\u00e5et en total nyudvikling, hvor alle aspekter er designet til at \u00f8ge velf\u00e6rden, forbedre brugerinteraktionen, give mulighed for valg af kontrol, \u00f8ge sikkerhedsniveauet og reducere driftsomkostningerne.<\/span><span data-ccp-props=\"{}\">\u00a0<br \/><br \/><\/span><\/p><p><span data-contrast=\"auto\">Vil du have 4 timers gradueret daggry, 4 timers middag og 4 timers solnedgang? LumenIZE g\u00f8r det nemt.  Vil du tilf\u00f8je et strejf af s\u00e6sonbestemthed for at hj\u00e6lpe med opdr\u00e6t? LumenIZE g\u00f8r det og meget mere.<\/span><span data-ccp-props=\"{}\">\u00a0<\/span><\/p><p><span data-contrast=\"auto\">LumenIZE-kontrol bruger flydende d\u00e6mpning i stedet for trinvis, hvilket betyder, at effekten kan justeres j\u00e6vnt i stedet for i trinvise spring.<\/span><span data-ccp-props=\"{}\">\u00a0<br \/><br \/><\/span><\/p><p><span data-contrast=\"auto\">\"Lumen\" = en m\u00e6ngde eller enhed af synligt lys.<\/span><span data-ccp-props=\"{}\">\u00a0<\/span><\/p><p><span data-contrast=\"auto\">'Integreret' = al teknologi er indbygget og uden ekstraudstyr, der kan skrues p\u00e5.<\/span><span data-ccp-props=\"{}\">\u00a0<\/span><\/p><p><span data-contrast=\"auto\">\"Zoologisk\" = Studiet af og hold af dyr p\u00e5 en professionel m\u00e5de med h\u00f8j velf\u00e6rd.<\/span><span data-ccp-props=\"{}\">\u00a0<\/span><\/p><p><span data-contrast=\"auto\">'Environmentology' = Studiet af og genskabelsen af naturlige habitater og milj\u00f8er.<\/span><span data-ccp-props=\"{}\">\u00a0<\/span><\/p><p><span data-ccp-props=\"{}\">\u00a0<\/span><\/p>\t\t\t\t\t\t\t\t<\/div>\n\t\t\t\t<\/div>\n\t\t\t\t\t<\/div>\n\t\t\t\t<\/div>\n\t\t\t\t<\/div>\n\t\t<div class=\"elementor-element elementor-element-16bc947 e-flex e-con-boxed e-con e-parent\" data-id=\"16bc947\" data-element_type=\"container\" data-e-type=\"container\" data-settings=\"{&quot;background_background&quot;:&quot;classic&quot;}\">\n\t\t\t\t\t<div class=\"e-con-inner\">\n\t\t\t\t<div class=\"elementor-element elementor-element-ee74e0e elementor-invisible elementor-widget elementor-widget-text-editor\" data-id=\"ee74e0e\" data-element_type=\"widget\" data-e-type=\"widget\" data-settings=\"{&quot;_animation&quot;:&quot;fadeInUp&quot;}\" data-widget_type=\"text-editor.default\">\n\t\t\t\t<div class=\"elementor-widget-container\">\n\t\t\t\t\t\t\t\t\t<h2><span style=\"font-size: 14pt;\"><b>Hvad adskiller LumenIZE fra andre kontrollerbare LED-s\u00e6t til akvarier?<\/b>\u00a0<\/span><\/h2><p><span data-contrast=\"auto\">Ja, akvariehobbyen har haft styrbare LED-systemer i lang tid nu. De har en tendens til at v\u00e6re uoverkommeligt dyre, bruge dioder i mange farver, for\u00e5rsage stribede lysm\u00f8nstre og have et lavt PAR-potentiale. Arcadia Reptile LumenIZE-systemer adskiller sig meget fra belysning, der er designet til at blive brugt over vand. For det f\u00f8rste kontrollerer LumenIZE UV-B-producerende lamper. For f\u00f8rste gang kan vi kontrollere fotoperioden og energim\u00e6ngden via j\u00e6vn d\u00e6mpning. Det giver dyrepasserne mulighed for at levere sollignende energiniveauer p\u00e5 en naturalistisk og sollignende m\u00e5de. LumenIZE giver ogs\u00e5 mulighed for at kontrollere LumenIZE JungleDawn-LED Bar.<\/span><span data-ccp-props=\"{}\">\u00a0<\/span><\/p>\t\t\t\t\t\t\t\t<\/div>\n\t\t\t\t<\/div>\n\t\t\t\t<div class=\"elementor-element elementor-element-8c21b0f elementor-widget__width-initial elementor-widget-mobile__width-inherit elementor-invisible elementor-widget elementor-widget-text-editor\" data-id=\"8c21b0f\" data-element_type=\"widget\" data-e-type=\"widget\" data-settings=\"{&quot;_animation&quot;:&quot;fadeInLeft&quot;}\" data-widget_type=\"text-editor.default\">\n\t\t\t\t<div class=\"elementor-widget-container\">\n\t\t\t\t\t\t\t\t\t<p><strong>Vil du skabe vilde solopgangs- og solnedgangscyklusser for b\u00e5de UV-B-lamper og JungleDawn-LED Bar? LumenIZE G\u00d8R NETOP DET!<\/strong><\/p><p><span data-contrast=\"auto\">Arcadia Reptile UV-lamper er fremstillet efter de allerh\u00f8jeste standarder, og dyrepassere og fagfolk verden over har tillid til dem. Men der er stadig et problem: kontrol! Der har endnu ikke v\u00e6ret nogen brugervenlige, overkommelige og p\u00e5lidelige metoder til kontrol af UV-producerende lamper. Faktisk har d\u00e6mpning fra daggry til d\u00f8s kun v\u00e6ret tilg\u00e6ngelig for de f\u00e5 og til en h\u00f8j pris.<\/span><span data-ccp-props=\"{}\">\u00a0<\/span><\/p><p><span data-contrast=\"auto\">Det prim\u00e6re problem med den eksisterende teknologi er, at dyrene i n\u00e6sten alle tilf\u00e6lde sendes fra \"nat\" til fuld middagssol i l\u00f8bet af f\u00e5 \u00f8jeblikke, efter at timerne er t\u00e6ndt hver dag, og derefter kastes ud i m\u00f8rket, n\u00e5r timerne slukkes, uden nogen naturlig graduering eller advarsel. Det var det bedste, vi kunne g\u00f8re, men det var ikke godt nok!<\/span><\/p>\t\t\t\t\t\t\t\t<\/div>\n\t\t\t\t<\/div>\n\t\t\t\t<div class=\"elementor-element elementor-element-7d25ef5 elementor-widget__width-initial elementor-widget-mobile__width-inherit elementor-invisible elementor-widget elementor-widget-image\" data-id=\"7d25ef5\" data-element_type=\"widget\" data-e-type=\"widget\" data-settings=\"{&quot;_animation&quot;:&quot;fadeInRight&quot;}\" data-widget_type=\"image.default\">\n\t\t\t\t<div class=\"elementor-widget-container\">\n\t\t\t\t\t\t\t\t\t\t\t\t<figure class=\"wp-caption\">\n\t\t\t\t\t\t\t\t\t\t<img decoding=\"async\" width=\"768\" height=\"424\" src=\"https:\/\/arcadialumenize.com\/wp-content\/uploads\/2023\/10\/Lighting-_-Heating-100_-1-scaled-e1699957396917-768x424.webp\" class=\"attachment-medium_large size-medium_large wp-image-123\" alt=\"Basic Timings Standard\" srcset=\"https:\/\/arcadialumenize.com\/wp-content\/uploads\/2023\/10\/Lighting-_-Heating-100_-1-scaled-e1699957396917-768x424.webp 768w, https:\/\/arcadialumenize.com\/wp-content\/uploads\/2023\/10\/Lighting-_-Heating-100_-1-scaled-e1699957396917-300x165.webp 300w, https:\/\/arcadialumenize.com\/wp-content\/uploads\/2023\/10\/Lighting-_-Heating-100_-1-scaled-e1699957396917-1024x565.webp 1024w, https:\/\/arcadialumenize.com\/wp-content\/uploads\/2023\/10\/Lighting-_-Heating-100_-1-scaled-e1699957396917-1536x847.webp 1536w, https:\/\/arcadialumenize.com\/wp-content\/uploads\/2023\/10\/Lighting-_-Heating-100_-1-scaled-e1699957396917-2048x1130.webp 2048w\" sizes=\"(max-width: 768px) 100vw, 768px\" \/>\t\t\t\t\t\t\t\t\t\t\t<figcaption class=\"widget-image-caption wp-caption-text\">Standard daglig cyklus<\/figcaption>\n\t\t\t\t\t\t\t\t\t\t<\/figure>\n\t\t\t\t\t\t\t\t\t<\/div>\n\t\t\t\t<\/div>\n\t\t\t\t<div class=\"elementor-element elementor-element-12d9242 elementor-widget__width-inherit elementor-invisible elementor-widget elementor-widget-text-editor\" data-id=\"12d9242\" data-element_type=\"widget\" data-e-type=\"widget\" data-settings=\"{&quot;_animation&quot;:&quot;fadeInUp&quot;}\" data-widget_type=\"text-editor.default\">\n\t\t\t\t<div class=\"elementor-widget-container\">\n\t\t\t\t\t\t\t\t\t<p><span data-contrast=\"auto\">Vi introducerer Arcadia Reptile 'LumenIZE', app-styrede intelligente belysningssystemer, der giver dig kontrollen, s\u00e5 du kan \u00f8ge dyrevelf\u00e6rden ved at skabe endnu mere naturlige belysningssystemer.<\/span><\/p><p class=\"translation-block\">Alle LumenIZE-produkter er nu blevet opgraderet til IP65-standarden for vandt\u00e6thed, hvilket betyder, at LumenIZE ProT5 og JungleDawn-LED Bars nu sikkert kan bruges i eller over et fugtigt milj\u00f8. Vi har endda designet et helt nyt 'easy change' T5-lampesystem, der g\u00f8r lampeskift simpelt, reducerer utilsigtet lampeskade og ikke har en 'rotate to lock'-mekanisme. Se afsnittet 'lampeskift' for mere information.<\/p>\t\t\t\t\t\t\t\t<\/div>\n\t\t\t\t<\/div>\n\t\t\t\t<div class=\"elementor-element elementor-element-125337e elementor-widget__width-initial elementor-widget-mobile__width-inherit elementor-invisible elementor-widget elementor-widget-image\" data-id=\"125337e\" data-element_type=\"widget\" data-e-type=\"widget\" data-settings=\"{&quot;_animation&quot;:&quot;fadeInLeft&quot;}\" data-widget_type=\"image.default\">\n\t\t\t\t<div class=\"elementor-widget-container\">\n\t\t\t\t\t\t\t\t\t\t\t\t<figure class=\"wp-caption\">\n\t\t\t\t\t\t\t\t\t\t<img decoding=\"async\" width=\"768\" height=\"429\" src=\"https:\/\/arcadialumenize.com\/wp-content\/uploads\/2023\/10\/Lumenize-Basic-Timings-Transparent-Background-scaled-e1699957349304-768x429.webp\" class=\"attachment-medium_large size-medium_large wp-image-122\" alt=\"ProT5 LED Bar Basic Timings\" srcset=\"https:\/\/arcadialumenize.com\/wp-content\/uploads\/2023\/10\/Lumenize-Basic-Timings-Transparent-Background-scaled-e1699957349304-768x429.webp 768w, https:\/\/arcadialumenize.com\/wp-content\/uploads\/2023\/10\/Lumenize-Basic-Timings-Transparent-Background-scaled-e1699957349304-300x167.webp 300w, https:\/\/arcadialumenize.com\/wp-content\/uploads\/2023\/10\/Lumenize-Basic-Timings-Transparent-Background-scaled-e1699957349304-1024x572.webp 1024w, https:\/\/arcadialumenize.com\/wp-content\/uploads\/2023\/10\/Lumenize-Basic-Timings-Transparent-Background-scaled-e1699957349304-1536x857.webp 1536w, https:\/\/arcadialumenize.com\/wp-content\/uploads\/2023\/10\/Lumenize-Basic-Timings-Transparent-Background-scaled-e1699957349304-2048x1143.webp 2048w\" sizes=\"(max-width: 768px) 100vw, 768px\" \/>\t\t\t\t\t\t\t\t\t\t\t<figcaption class=\"widget-image-caption wp-caption-text\">LumenIZE daglig cyklus<\/figcaption>\n\t\t\t\t\t\t\t\t\t\t<\/figure>\n\t\t\t\t\t\t\t\t\t<\/div>\n\t\t\t\t<\/div>\n\t\t\t\t<div class=\"elementor-element elementor-element-89bd5e1 elementor-widget__width-initial elementor-widget-mobile__width-inherit elementor-invisible elementor-widget elementor-widget-text-editor\" data-id=\"89bd5e1\" data-element_type=\"widget\" data-e-type=\"widget\" data-settings=\"{&quot;_animation&quot;:&quot;fadeInRight&quot;}\" data-widget_type=\"text-editor.default\">\n\t\t\t\t<div class=\"elementor-widget-container\">\n\t\t\t\t\t\t\t\t\t<p class=\"translation-block\">LumenIZE har en hukommelse! Ja, der er en hukommelse indbygget i hver bar, og denne hukommelse er sikkerhedskopieret med et udskifteligt internt batteri (se afsnittet \"Skift mit batteri\"). I tilf\u00e6lde af str\u00f8mafbrydelse vil lampen slukke, men lampens hukommelse vil forts\u00e6tte med at k\u00f8re. N\u00e5r str\u00f8mmen kommer tilbage, vil lampen lyse med pr\u00e6cis den rigtige procentdel af effekt og tid.<\/p><p><span data-contrast=\"auto\">LumenIZE-s\u00e6t, der er forbundet til LumenIZE-appen, kan have adgangskodebeskyttelse, hvis du v\u00e6lger at bruge det. Det kan v\u00e6re med til at forhindre hj\u00e6lpsomme bes\u00f8gende i at \"pille\" ved dine indstillinger.<\/span><span data-ccp-props=\"{}\">\u00a0<\/span><\/p>\t\t\t\t\t\t\t\t<\/div>\n\t\t\t\t<\/div>\n\t\t\t\t\t<\/div>\n\t\t\t\t<\/div>\n\t\t\t\t<\/div>","protected":false},"excerpt":{"rendered":"<p>WHat Is LumenIZE? \u2018Unlock the Power of LumenIZE\u2122\u2014Arcadia Reptile introduces the first app-controlled T5 UV-B and JungleDawn LED Bar systems, combining precise control with energy efficiency.\u202f Your key to bespoke reptile lighting and advancing animal welfare.\u2019\u202f\u00a0 Arcadia Reptile has always had ever-expanding animal welfare at its heart. Our driving values are linked directly to improving [&hellip;]<\/p>\n","protected":false},"author":1,"featured_media":0,"parent":0,"menu_order":0,"comment_status":"closed","ping_status":"closed","template":"elementor_header_footer","meta":{"_analytify_skip_tracking":false,"footnotes":""},"class_list":["post-104","page","type-page","status-publish","hentry"],"featured_image_src":null,"featured_image_src_square":null,"_links":{"self":[{"href":"https:\/\/arcadialumenize.com\/da\/wp-json\/wp\/v2\/pages\/104","targetHints":{"allow":["GET"]}}],"collection":[{"href":"https:\/\/arcadialumenize.com\/da\/wp-json\/wp\/v2\/pages"}],"about":[{"href":"https:\/\/arcadialumenize.com\/da\/wp-json\/wp\/v2\/types\/page"}],"author":[{"embeddable":true,"href":"https:\/\/arcadialumenize.com\/da\/wp-json\/wp\/v2\/users\/1"}],"replies":[{"embeddable":true,"href":"https:\/\/arcadialumenize.com\/da\/wp-json\/wp\/v2\/comments?post=104"}],"version-history":[{"count":0,"href":"https:\/\/arcadialumenize.com\/da\/wp-json\/wp\/v2\/pages\/104\/revisions"}],"wp:attachment":[{"href":"https:\/\/arcadialumenize.com\/da\/wp-json\/wp\/v2\/media?parent=104"}],"curies":[{"name":"wp","href":"https:\/\/api.w.org\/{rel}","templated":true}]}}